{"id":174,"date":"2021-01-19T19:44:00","date_gmt":"2021-01-20T00:44:00","guid":{"rendered":"http:\/\/portfolio-pre.uqac.ca\/rezajafariaminabadi\/?page_id=174"},"modified":"2021-01-19T19:44:00","modified_gmt":"2021-01-20T00:44:00","slug":"encadrementco-encadrement","status":"publish","type":"page","link":"https:\/\/portfolio.uqac.ca\/rezajafariaminabadi\/encadrementco-encadrement\/","title":{"rendered":"Encadrement\/Co-encadrement"},"content":{"rendered":"<table style=\"height: 370px\" width=\"657\">\n<tbody>\n<tr>\n<td width=\"37%\">\n<p style=\"text-align: center\"><strong>Cycle<\/strong><\/p>\n<\/td>\n<td style=\"text-align: center\" width=\"62%\"><strong>Nombre d\u2019\u00e9tudiants supervis\u00e9s ou Co-supervis\u00e9s<\/strong><\/td>\n<\/tr>\n<tr>\n<td width=\"37%\">\n<p style=\"text-align: center\">Post-doctorat<\/p>\n<\/td>\n<td style=\"text-align: center\" width=\"62%\">7<\/td>\n<\/tr>\n<tr>\n<td width=\"37%\">\n<p style=\"text-align: center\">Doctorat<\/p>\n<\/td>\n<td width=\"62%\">\n<p style=\"text-align: center\">11<\/p>\n<\/td>\n<\/tr>\n<tr>\n<td style=\"text-align: center\" width=\"37%\">Ma\u00eetrise<\/td>\n<td width=\"62%\">\n<p style=\"text-align: center\">12<\/p>\n<\/td>\n<\/tr>\n<tr>\n<td style=\"text-align: center\" width=\"37%\">\u00c9tudiant du premier cycle<\/td>\n<td width=\"62%\">\n<p style=\"text-align: center\">7<\/p>\n<\/td>\n<\/tr>\n<tr>\n<td style=\"text-align: center\" width=\"37%\"><strong>Total<\/strong><\/td>\n<td width=\"62%\">\n<p style=\"text-align: center\"><strong>37<\/strong><\/p>\n<\/td>\n<\/tr>\n<\/tbody>\n<\/table>\n","protected":false},"excerpt":{"rendered":"<p>Cycle Nombre d\u2019\u00e9tudiants supervis\u00e9s ou Co-supervis\u00e9s Post-doctorat 7 Doctorat 11 Ma\u00eetrise 12 \u00c9tudiant du premier cycle 7 Total 37<\/p>\n","protected":false},"author":15,"featured_media":0,"parent":0,"menu_order":0,"comment_status":"closed","ping_status":"closed","template":"","meta":{"footnotes":""},"tags":[],"_links":{"self":[{"href":"https:\/\/portfolio.uqac.ca\/rezajafariaminabadi\/wp-json\/wp\/v2\/pages\/174"}],"collection":[{"href":"https:\/\/portfolio.uqac.ca\/rezajafariaminabadi\/wp-json\/wp\/v2\/pages"}],"about":[{"href":"https:\/\/portfolio.uqac.ca\/rezajafariaminabadi\/wp-json\/wp\/v2\/types\/page"}],"author":[{"embeddable":true,"href":"https:\/\/portfolio.uqac.ca\/rezajafariaminabadi\/wp-json\/wp\/v2\/users\/15"}],"replies":[{"embeddable":true,"href":"https:\/\/portfolio.uqac.ca\/rezajafariaminabadi\/wp-json\/wp\/v2\/comments?post=174"}],"version-history":[{"count":3,"href":"https:\/\/portfolio.uqac.ca\/rezajafariaminabadi\/wp-json\/wp\/v2\/pages\/174\/revisions"}],"predecessor-version":[{"id":177,"href":"https:\/\/portfolio.uqac.ca\/rezajafariaminabadi\/wp-json\/wp\/v2\/pages\/174\/revisions\/177"}],"wp:attachment":[{"href":"https:\/\/portfolio.uqac.ca\/rezajafariaminabadi\/wp-json\/wp\/v2\/media?parent=174"}],"wp:term":[{"taxonomy":"post_tag","embeddable":true,"href":"https:\/\/portfolio.uqac.ca\/rezajafariaminabadi\/wp-json\/wp\/v2\/tags?post=174"}],"curies":[{"name":"wp","href":"https:\/\/api.w.org\/{rel}","templated":true}]}}