{"id":18,"date":"2012-07-23T20:05:15","date_gmt":"2012-07-23T20:05:15","guid":{"rendered":"http:\/\/portfolio-pre.uqac.ca\/gabarit\/?page_id=18"},"modified":"2020-10-01T21:11:56","modified_gmt":"2020-10-02T01:11:56","slug":"enseignement","status":"publish","type":"page","link":"https:\/\/portfolio.uqac.ca\/rezajafariaminabadi\/enseignement\/","title":{"rendered":"Enseignement"},"content":{"rendered":"<p>6MIG904:\u00a0Ph\u00e9nom\u00e8nes d&#8217;\u00e9changes avanc\u00e9s<\/p>\n<p>6GNC100: Chimie pour l\u2019ing\u00e9nieur<\/p>\n<p>6GCI212: G\u00e9nie de l\u2019environnement<\/p>\n<p>6MIG853: Mat\u00e9riaux composites<\/p>\n<p>6MIG836: Stockage de l&#8217;\u00e9nergie<\/p>\n<p>6MIG887:\u00a0Sujets sp\u00e9ciaux en ing\u00e9nierie I<\/p>\n<p>6MIG888:\u00a0Sujets sp\u00e9ciaux II<\/p>\n<p>Traitement des eaux us\u00e9es<\/p>\n<p>&nbsp;<\/p>\n","protected":false},"excerpt":{"rendered":"<p>6MIG904:\u00a0Ph\u00e9nom\u00e8nes d&#8217;\u00e9changes avanc\u00e9s 6GNC100: Chimie pour l\u2019ing\u00e9nieur 6GCI212: G\u00e9nie de l\u2019environnement 6MIG853: Mat\u00e9riaux composites 6MIG836: Stockage de l&#8217;\u00e9nergie 6MIG887:\u00a0Sujets sp\u00e9ciaux en ing\u00e9nierie I 6MIG888:\u00a0Sujets sp\u00e9ciaux II Traitement des eaux us\u00e9es &nbsp;<\/p>\n","protected":false},"author":15,"featured_media":0,"parent":0,"menu_order":0,"comment_status":"closed","ping_status":"closed","template":"","meta":{"footnotes":""},"tags":[],"_links":{"self":[{"href":"https:\/\/portfolio.uqac.ca\/rezajafariaminabadi\/wp-json\/wp\/v2\/pages\/18"}],"collection":[{"href":"https:\/\/portfolio.uqac.ca\/rezajafariaminabadi\/wp-json\/wp\/v2\/pages"}],"about":[{"href":"https:\/\/portfolio.uqac.ca\/rezajafariaminabadi\/wp-json\/wp\/v2\/types\/page"}],"author":[{"embeddable":true,"href":"https:\/\/portfolio.uqac.ca\/rezajafariaminabadi\/wp-json\/wp\/v2\/users\/15"}],"replies":[{"embeddable":true,"href":"https:\/\/portfolio.uqac.ca\/rezajafariaminabadi\/wp-json\/wp\/v2\/comments?post=18"}],"version-history":[{"count":7,"href":"https:\/\/portfolio.uqac.ca\/rezajafariaminabadi\/wp-json\/wp\/v2\/pages\/18\/revisions"}],"predecessor-version":[{"id":164,"href":"https:\/\/portfolio.uqac.ca\/rezajafariaminabadi\/wp-json\/wp\/v2\/pages\/18\/revisions\/164"}],"wp:attachment":[{"href":"https:\/\/portfolio.uqac.ca\/rezajafariaminabadi\/wp-json\/wp\/v2\/media?parent=18"}],"wp:term":[{"taxonomy":"post_tag","embeddable":true,"href":"https:\/\/portfolio.uqac.ca\/rezajafariaminabadi\/wp-json\/wp\/v2\/tags?post=18"}],"curies":[{"name":"wp","href":"https:\/\/api.w.org\/{rel}","templated":true}]}}