{"id":4,"date":"2012-07-23T17:46:31","date_gmt":"2012-07-23T17:46:31","guid":{"rendered":"http:\/\/portfolio-pre.uqac.ca\/gabarit\/?page_id=4"},"modified":"2022-12-21T09:17:17","modified_gmt":"2022-12-21T14:17:17","slug":"presentatio","status":"publish","type":"page","link":"https:\/\/portfolio.uqac.ca\/rezajafariaminabadi\/","title":{"rendered":"Pr\u00e9sentation"},"content":{"rendered":"<h2><\/h2>\n<h2><\/h2>\n<h2>Reza Jafari<\/h2>\n<p>Professeur-Chercheur<\/p>\n<p>D\u00e9partement des sciences appliqu\u00e9es<\/p>\n<p>Universit\u00e9 du Qu\u00e9bec \u00e0 Chicoutimi<\/p>\n<p>Chicoutimi, Qu\u00e9bec, Canada<\/p>\n<p>G7H 2B1<\/p>\n<p>T\u00e9l: (418)-545-5011 poste 5635<\/p>\n<p>Fax: (418)-545-5012<\/p>\n<p>Local: P4-5080<\/p>\n<h2><strong>Expertise:<\/strong><\/h2>\n<ul>\n<li>Nano-composite, Nano-biotechnologie, Surface nano-structur\u00e9e<\/li>\n<li>Surfaces superhydrophobes, Rev\u00eatements Glaciophobes, Rev\u00eatements Antibact\u00e9riennes et Anticorrosives<\/li>\n<li>Couche mince, Traitement de la surface, Polym\u00e9risation par plasma, Analyses de surface<\/li>\n<li>Mod\u00e9lisation et Simulation<\/li>\n<\/ul>\n<h1><\/h1>\n","protected":false},"excerpt":{"rendered":"<p>Reza Jafari Professeur-Chercheur D\u00e9partement des sciences appliqu\u00e9es Universit\u00e9 du Qu\u00e9bec \u00e0 Chicoutimi Chicoutimi, Qu\u00e9bec, Canada G7H 2B1 T\u00e9l: (418)-545-5011 poste 5635 Fax: (418)-545-5012 Local: P4-5080 Expertise: Nano-composite, Nano-biotechnologie, Surface nano-structur\u00e9e Surfaces superhydrophobes, Rev\u00eatements Glaciophobes, Rev\u00eatements Antibact\u00e9riennes et Anticorrosives Couche mince, Traitement de la surface, Polym\u00e9risation par plasma, Analyses de surface Mod\u00e9lisation et Simulation<\/p>\n","protected":false},"author":15,"featured_media":0,"parent":0,"menu_order":0,"comment_status":"closed","ping_status":"closed","template":"","meta":{"footnotes":""},"tags":[],"_links":{"self":[{"href":"https:\/\/portfolio.uqac.ca\/rezajafariaminabadi\/wp-json\/wp\/v2\/pages\/4"}],"collection":[{"href":"https:\/\/portfolio.uqac.ca\/rezajafariaminabadi\/wp-json\/wp\/v2\/pages"}],"about":[{"href":"https:\/\/portfolio.uqac.ca\/rezajafariaminabadi\/wp-json\/wp\/v2\/types\/page"}],"author":[{"embeddable":true,"href":"https:\/\/portfolio.uqac.ca\/rezajafariaminabadi\/wp-json\/wp\/v2\/users\/15"}],"replies":[{"embeddable":true,"href":"https:\/\/portfolio.uqac.ca\/rezajafariaminabadi\/wp-json\/wp\/v2\/comments?post=4"}],"version-history":[{"count":20,"href":"https:\/\/portfolio.uqac.ca\/rezajafariaminabadi\/wp-json\/wp\/v2\/pages\/4\/revisions"}],"predecessor-version":[{"id":158,"href":"https:\/\/portfolio.uqac.ca\/rezajafariaminabadi\/wp-json\/wp\/v2\/pages\/4\/revisions\/158"}],"wp:attachment":[{"href":"https:\/\/portfolio.uqac.ca\/rezajafariaminabadi\/wp-json\/wp\/v2\/media?parent=4"}],"wp:term":[{"taxonomy":"post_tag","embeddable":true,"href":"https:\/\/portfolio.uqac.ca\/rezajafariaminabadi\/wp-json\/wp\/v2\/tags?post=4"}],"curies":[{"name":"wp","href":"https:\/\/api.w.org\/{rel}","templated":true}]}}