{"id":162,"date":"2019-03-14T16:12:52","date_gmt":"2019-03-14T20:12:52","guid":{"rendered":"http:\/\/portfolio-pre.uqac.ca\/gabarit\/?page_id=162"},"modified":"2026-04-05T16:02:10","modified_gmt":"2026-04-05T20:02:10","slug":"articles","status":"publish","type":"page","link":"https:\/\/portfolio.uqac.ca\/rodrigueebata\/articles\/","title":{"rendered":"Articles"},"content":{"rendered":"<h3 data-section-id=\"1fjj7rr\" data-start=\"2621\" data-end=\"2654\">Articles et chapitres r\u00e9cents<\/h3>\n<ul data-start=\"2656\" data-end=\"3002\">\n<li data-section-id=\"ih9j88\" data-start=\"2656\" data-end=\"2790\">Ebata, R. (2026). Les droits linguistiques dans les PME : est-ce bien raisonnable ? dans Droit langues, peuples autochtones, majorit\u00e9s fragiles et gouvernance, sous la direction de Guillaume Rousseau, 18e conf\u00e9rence de l\u2019Acad\u00e9mie Internationale de Droit Linguistique. Article sous presse, \u00c9ditions Juste titre, Canada<\/li>\n<li data-section-id=\"ih9j88\" data-start=\"2656\" data-end=\"2790\">Ebata, R. (2025). <em data-start=\"2676\" data-end=\"2755\">La gestion des risques juridiques dans les PME : entre conflit et gouvernance<\/em>, dans Gouvernance et Innovation, \u00c9ditions Management &amp; Innovation, 329-353, ISBN : 2025M02513. En ligne : https:\/\/shs.cairn.info\/gouvernance-et-innovation&#8211;9789920235990-page-329?lang=fr .<\/li>\n<li data-section-id=\"gtsqww\" data-start=\"2791\" data-end=\"2904\">Ebata, R. (2025). <em data-start=\"2811\" data-end=\"2901\">La protection des travailleurs migrants temporaires \u00e0 la lumi\u00e8re de la Charte qu\u00e9b\u00e9coise<\/em>, dans Les 50 ans de la Charte qu\u00e9b\u00e9coise en emploi : terre promise ou paradis perdu ? Sous la direction de S\u00e9bastien Parent et Charles Tremblay Potvin, 329-361, Wilson &amp; Lafleur, ISBN : 9 782 896 896 752, Montr\u00e9al, Canada.<\/li>\n<\/ul>\n<h3 data-section-id=\"12gbede\" data-start=\"3004\" data-end=\"3025\">Articles en cours<\/h3>\n<p data-start=\"3029\" data-end=\"3267\">Plusieurs articles sont actuellement soumis ou en r\u00e9vision dans des revues \u00e0 comit\u00e9 de lecture, notamment <em data-start=\"3135\" data-end=\"3175\">The Journal of Entrepreneurial Finance<\/em> , la <em>Revue<\/em> <em>Management &amp; Prospective<\/em> et la <em data-start=\"3182\" data-end=\"3228\">Revue de droit de l\u2019Universit\u00e9 de Sherbrooke<\/em>.<\/p>\n","protected":false},"excerpt":{"rendered":"<p>Articles et chapitres r\u00e9cents Ebata, R. (2026). Les droits linguistiques dans les PME : est-ce bien raisonnable ? dans Droit langues, peuples autochtones, majorit\u00e9s fragiles et gouvernance, sous la direction de Guillaume Rousseau, 18e conf\u00e9rence de l\u2019Acad\u00e9mie Internationale de Droit Linguistique. Article sous presse, \u00c9ditions Juste titre, Canada Ebata, R. (2025). La gestion des risques &hellip; <a href=\"https:\/\/portfolio.uqac.ca\/rodrigueebata\/articles\/\" class=\"more-link\">Continuer la lecture de <span class=\"screen-reader-text\">Articles<\/span>  <span class=\"meta-nav\">&rarr;<\/span><\/a><\/p>\n","protected":false},"author":89,"featured_media":0,"parent":0,"menu_order":0,"comment_status":"closed","ping_status":"closed","template":"","meta":{"footnotes":""},"tags":[],"_links":{"self":[{"href":"https:\/\/portfolio.uqac.ca\/rodrigueebata\/wp-json\/wp\/v2\/pages\/162"}],"collection":[{"href":"https:\/\/portfolio.uqac.ca\/rodrigueebata\/wp-json\/wp\/v2\/pages"}],"about":[{"href":"https:\/\/portfolio.uqac.ca\/rodrigueebata\/wp-json\/wp\/v2\/types\/page"}],"author":[{"embeddable":true,"href":"https:\/\/portfolio.uqac.ca\/rodrigueebata\/wp-json\/wp\/v2\/users\/89"}],"replies":[{"embeddable":true,"href":"https:\/\/portfolio.uqac.ca\/rodrigueebata\/wp-json\/wp\/v2\/comments?post=162"}],"version-history":[{"count":7,"href":"https:\/\/portfolio.uqac.ca\/rodrigueebata\/wp-json\/wp\/v2\/pages\/162\/revisions"}],"predecessor-version":[{"id":276,"href":"https:\/\/portfolio.uqac.ca\/rodrigueebata\/wp-json\/wp\/v2\/pages\/162\/revisions\/276"}],"wp:attachment":[{"href":"https:\/\/portfolio.uqac.ca\/rodrigueebata\/wp-json\/wp\/v2\/media?parent=162"}],"wp:term":[{"taxonomy":"post_tag","embeddable":true,"href":"https:\/\/portfolio.uqac.ca\/rodrigueebata\/wp-json\/wp\/v2\/tags?post=162"}],"curies":[{"name":"wp","href":"https:\/\/api.w.org\/{rel}","templated":true}]}}