{"id":18,"date":"2012-07-23T20:05:15","date_gmt":"2012-07-23T20:05:15","guid":{"rendered":"http:\/\/portfolio-pre.uqac.ca\/gabarit\/?page_id=18"},"modified":"2026-04-05T15:02:40","modified_gmt":"2026-04-05T19:02:40","slug":"enseignement","status":"publish","type":"page","link":"https:\/\/portfolio.uqac.ca\/rodrigueebata\/enseignement\/","title":{"rendered":"Enseignement"},"content":{"rendered":"<ul>\n<li data-section-id=\"qfgl9e\" data-start=\"2119\" data-end=\"2163\">2DRA110 \u2013 Droit des affaires (1er cycle)<\/li>\n<li data-section-id=\"g7dvsm\" data-start=\"2164\" data-end=\"2226\">2DRA102 \u2013 Gestion de la l\u00e9gislation du travail (1er cycle)<\/li>\n<li><span style=\"line-height: 1.5\">2DRO117 &#8211; Sant\u00e9 et s\u00e9curit\u00e9 du travail (SST)<\/span><\/li>\n<\/ul>\n<p>Mes enseignements visent \u00e0 articuler les dimensions juridiques et manag\u00e9riales afin de former des gestionnaires capables d\u2019int\u00e9grer le droit comme outil strat\u00e9gique.<\/p>\n","protected":false},"excerpt":{"rendered":"<p>2DRA110 \u2013 Droit des affaires (1er cycle) 2DRA102 \u2013 Gestion de la l\u00e9gislation du travail (1er cycle) 2DRO117 &#8211; Sant\u00e9 et s\u00e9curit\u00e9 du travail (SST) Mes enseignements visent \u00e0 articuler les dimensions juridiques et manag\u00e9riales afin de former des gestionnaires capables d\u2019int\u00e9grer le droit comme outil strat\u00e9gique.<\/p>\n","protected":false},"author":89,"featured_media":0,"parent":0,"menu_order":0,"comment_status":"closed","ping_status":"closed","template":"","meta":{"footnotes":""},"tags":[],"_links":{"self":[{"href":"https:\/\/portfolio.uqac.ca\/rodrigueebata\/wp-json\/wp\/v2\/pages\/18"}],"collection":[{"href":"https:\/\/portfolio.uqac.ca\/rodrigueebata\/wp-json\/wp\/v2\/pages"}],"about":[{"href":"https:\/\/portfolio.uqac.ca\/rodrigueebata\/wp-json\/wp\/v2\/types\/page"}],"author":[{"embeddable":true,"href":"https:\/\/portfolio.uqac.ca\/rodrigueebata\/wp-json\/wp\/v2\/users\/89"}],"replies":[{"embeddable":true,"href":"https:\/\/portfolio.uqac.ca\/rodrigueebata\/wp-json\/wp\/v2\/comments?post=18"}],"version-history":[{"count":28,"href":"https:\/\/portfolio.uqac.ca\/rodrigueebata\/wp-json\/wp\/v2\/pages\/18\/revisions"}],"predecessor-version":[{"id":256,"href":"https:\/\/portfolio.uqac.ca\/rodrigueebata\/wp-json\/wp\/v2\/pages\/18\/revisions\/256"}],"wp:attachment":[{"href":"https:\/\/portfolio.uqac.ca\/rodrigueebata\/wp-json\/wp\/v2\/media?parent=18"}],"wp:term":[{"taxonomy":"post_tag","embeddable":true,"href":"https:\/\/portfolio.uqac.ca\/rodrigueebata\/wp-json\/wp\/v2\/tags?post=18"}],"curies":[{"name":"wp","href":"https:\/\/api.w.org\/{rel}","templated":true}]}}