{"id":231,"date":"2026-03-30T11:59:30","date_gmt":"2026-03-30T15:59:30","guid":{"rendered":"https:\/\/portfolio.uqac.ca\/rodrigueebata\/?page_id=231"},"modified":"2026-03-30T14:32:38","modified_gmt":"2026-03-30T18:32:38","slug":"cadre-juridique-et-resilience-des-pme","status":"publish","type":"page","link":"https:\/\/portfolio.uqac.ca\/rodrigueebata\/cadre-juridique-et-resilience-des-pme\/","title":{"rendered":"Cadre juridique et r\u00e9silience des PME : vers un mod\u00e8le int\u00e9gr\u00e9 droit\u2013management"},"content":{"rendered":"<h4><span style=\"color: #6b8915;\">Titre du projet de recherche<\/span><\/h4>\n<p><strong>Cadre juridique et r\u00e9silience des PME : vers un mod\u00e8le int\u00e9gr\u00e9 droit\u2013management<\/strong><\/p>\n<h4><span style=\"color: #6b8915;\">Programmes d&#8217;\u00e9tudes vis\u00e9s<\/span><\/h4>\n<ul>\n<li><a href=\"https:\/\/www.uqac.ca\/programme\/3755-maitrise-en-gestion-des-organisations\/\" target=\"_blank\" rel=\"noopener\">Ma\u00eetrise en gestion des organisations (MGO)<\/a><\/li>\n<li><a href=\"https:\/\/www.uqac.ca\/programme\/3153-maitrise-en-gestion-de-projet\/\" target=\"_blank\" rel=\"noopener\">Ma\u00eetrise en gestion de projet (MGP)<\/a><\/li>\n<\/ul>\n<h4><span style=\"color: #6b8915;\">Structure de recherche associ\u00e9e au projet<\/span><\/h4>\n<ul>\n<li><a href=\"https:\/\/recherche.uqac.ca\/laboratoire-de-recherche-entrepreneuriat-et-pme-larepme\" target=\"_blank\" rel=\"noopener\">Laboratoire de recherche en entrepreneuriat et PME (LAREPME)<\/a><\/li>\n<\/ul>\n<h4><span style=\"color: #6b8915;\">Description du projet<\/span><\/h4>\n<p>La r\u00e9silience des petites et moyennes entreprises (PME) est le plus souvent analys\u00e9e sous un angle strat\u00e9gique ou entrepreneurial, \u00e0 travers l\u2019innovation, le leadership ou les capacit\u00e9s d\u2019apprentissage. Toutefois, le r\u00f4le structurant du cadre juridique \u2014 r\u00e9glementation, conformit\u00e9, responsabilit\u00e9 des dirigeants, m\u00e9canismes de gouvernance \u2014 demeure encore insuffisamment int\u00e9gr\u00e9 aux mod\u00e8les explicatifs existants.<\/p>\n<p>Dans un contexte de transformation num\u00e9rique acc\u00e9l\u00e9r\u00e9e et de complexification des exigences r\u00e9glementaires, le droit ne constitue pas seulement une contrainte normative : il influence les choix strat\u00e9giques et la capacit\u00e9 d\u2019adaptation des PME.<\/p>\n<p>Ce projet vise \u00e0 :<\/p>\n<ol>\n<li>Clarifier le concept de r\u00e9silience organisationnelle des PME;<\/li>\n<li>Identifier les variables juridiques influen\u00e7ant leur capacit\u00e9 d\u2019adaptation;<\/li>\n<li>\u00c9laborer un mod\u00e8le conceptuel int\u00e9gr\u00e9 articulant droit et management.<\/li>\n<\/ol>\n<p>La recherche reposera principalement sur une revue critique de la litt\u00e9rature, pouvant \u00eatre compl\u00e9t\u00e9e par une analyse exploratoire ou une \u00e9tude de cas selon le profil de la personne \u00e9tudiante.<br \/>\nElle s\u2019inscrit dans un programme structur\u00e9 sur la gouvernance juridique et la r\u00e9silience des PME et pourra, lorsque la qualit\u00e9 scientifique le permet, donner lieu \u00e0 une soumission d\u2019article dans une revue sp\u00e9cialis\u00e9e en droit des affaires ou en management strat\u00e9gique.<\/p>\n<h4><span style=\"color: #6b8915;\">Direction de recherche<\/span><\/h4>\n<p>Selon le domaine d\u2019\u00e9tude de l\u2019\u00e9tudiant ou de l\u2019\u00e9tudiante, diff\u00e9rentes possibilit\u00e9s de direction et de codirection existent.<\/p>\n<p><strong>Direction principale :<\/strong><br \/>\nRodrigue Ebata, Ph.D.<br \/>\nProfesseur en droit des affaires<\/p>\n<p>Codirection possible avec un membre du LAREPME sp\u00e9cialis\u00e9 en strat\u00e9gie ou en entrepreneuriat, selon le profil du projet.<\/p>\n<h4><span style=\"color: #6b8915;\">Profil recherch\u00e9<\/span><\/h4>\n<p style=\"text-align: justify;\">La personne candidate doit d\u00e9montrer un int\u00e9r\u00eat marqu\u00e9 pour les PME et les enjeux strat\u00e9giques, faire preuve d\u2019autonomie intellectuelle et de rigueur m\u00e9thodologique, et poss\u00e9der une solide capacit\u00e9 d\u2019analyse conceptuelle ainsi qu\u2019une motivation \u00e0 contribuer \u00e0 des travaux pouvant mener \u00e0 une publication scientifique. Les candidatures internationales sont les bienvenues.<\/p>\n<h4><span style=\"color: #6b8915;\">Exigences<\/span><\/h4>\n<ul>\n<li>Dipl\u00f4me de premier cycle pertinent.<\/li>\n<li>Excellente capacit\u00e9 r\u00e9dactionnelle et autonomie.<\/li>\n<\/ul>\n<h4><span style=\"color: #6b8915;\">Financement<\/span><\/h4>\n<p>Possibilit\u00e9s de bourses institutionnelles et d\u2019int\u00e9gration \u00e0 des projets en d\u00e9veloppement.<\/p>\n<h4><span style=\"color: #6b8915;\">Date du d\u00e9but du projet ou trimestre cibl\u00e9<\/span><\/h4>\n<p>Automne 2026 ou Hiver 2027<\/p>\n<h4><span style=\"color: #6b8915;\">Comment postuler<\/span><\/h4>\n<p><a href=\"mailto:muproulx@uqac.ca\"><img loading=\"lazy\" decoding=\"async\" class=\"alignnone wp-image-230\" src=\"https:\/\/portfolio.uqac.ca\/mousajavidani-en\/files\/2023\/07\/email-alert-custom-2.png\" alt=\"\" width=\"76\" height=\"76\" \/><\/a>\u00a0 \u00a0Faites parvenir un courriel \u00e0 <a href=\"mailto:rodrigue_ebata@uqac.ca\">rodrigue_ebata@uqac.ca<\/a><\/p>\n<h4><span style=\"color: #6b8915;\">Documents exig\u00e9s<\/span><\/h4>\n<ul>\n<li>CV<\/li>\n<li>Relev\u00e9s de notes<\/li>\n<li>Lettre de motivation (1\u20132 pages) pr\u00e9cisant :<br \/>\n\u2013 l\u2019int\u00e9r\u00eat pour les PME et la gouvernance<br \/>\n\u2013 l\u2019alignement avec l\u2019axe du projet<br \/>\n\u2013 les objectifs acad\u00e9miques ou professionnels<\/li>\n<\/ul>\n","protected":false},"excerpt":{"rendered":"<p>Titre du projet de recherche Cadre juridique et r\u00e9silience des PME : vers un mod\u00e8le int\u00e9gr\u00e9 droit\u2013management Programmes d&#8217;\u00e9tudes vis\u00e9s Ma\u00eetrise en gestion des organisations (MGO) Ma\u00eetrise en gestion de projet (MGP) Structure de recherche associ\u00e9e au projet Laboratoire de recherche en entrepreneuriat et PME (LAREPME) Description du projet La r\u00e9silience des petites et moyennes &hellip; <a href=\"https:\/\/portfolio.uqac.ca\/rodrigueebata\/cadre-juridique-et-resilience-des-pme\/\" class=\"more-link\">Continuer la lecture de <span class=\"screen-reader-text\">Cadre juridique et r\u00e9silience des PME : vers un mod\u00e8le int\u00e9gr\u00e9 droit\u2013management<\/span>  <span class=\"meta-nav\">&rarr;<\/span><\/a><\/p>\n","protected":false},"author":406,"featured_media":0,"parent":0,"menu_order":0,"comment_status":"closed","ping_status":"closed","template":"","meta":{"footnotes":""},"tags":[],"_links":{"self":[{"href":"https:\/\/portfolio.uqac.ca\/rodrigueebata\/wp-json\/wp\/v2\/pages\/231"}],"collection":[{"href":"https:\/\/portfolio.uqac.ca\/rodrigueebata\/wp-json\/wp\/v2\/pages"}],"about":[{"href":"https:\/\/portfolio.uqac.ca\/rodrigueebata\/wp-json\/wp\/v2\/types\/page"}],"author":[{"embeddable":true,"href":"https:\/\/portfolio.uqac.ca\/rodrigueebata\/wp-json\/wp\/v2\/users\/406"}],"replies":[{"embeddable":true,"href":"https:\/\/portfolio.uqac.ca\/rodrigueebata\/wp-json\/wp\/v2\/comments?post=231"}],"version-history":[{"count":2,"href":"https:\/\/portfolio.uqac.ca\/rodrigueebata\/wp-json\/wp\/v2\/pages\/231\/revisions"}],"predecessor-version":[{"id":237,"href":"https:\/\/portfolio.uqac.ca\/rodrigueebata\/wp-json\/wp\/v2\/pages\/231\/revisions\/237"}],"wp:attachment":[{"href":"https:\/\/portfolio.uqac.ca\/rodrigueebata\/wp-json\/wp\/v2\/media?parent=231"}],"wp:term":[{"taxonomy":"post_tag","embeddable":true,"href":"https:\/\/portfolio.uqac.ca\/rodrigueebata\/wp-json\/wp\/v2\/tags?post=231"}],"curies":[{"name":"wp","href":"https:\/\/api.w.org\/{rel}","templated":true}]}}