{"id":235,"date":"2026-03-30T14:31:23","date_gmt":"2026-03-30T18:31:23","guid":{"rendered":"https:\/\/portfolio.uqac.ca\/rodrigueebata\/?page_id=235"},"modified":"2026-03-30T14:34:01","modified_gmt":"2026-03-30T18:34:01","slug":"gouvernance-juridique-et-resilience-des-pme","status":"publish","type":"page","link":"https:\/\/portfolio.uqac.ca\/rodrigueebata\/gouvernance-juridique-et-resilience-des-pme\/","title":{"rendered":"Gouvernance juridique et r\u00e9silience des PME en contexte de transformation num\u00e9rique"},"content":{"rendered":"<h4><span style=\"color: #6b8915;\">Titre du projet de recherche<\/span><\/h4>\n<p><strong>Gouvernance juridique et r\u00e9silience des PME en contexte de transformation num\u00e9rique<\/strong><\/p>\n<h4><span style=\"color: #6b8915;\">Programme d&#8217;\u00e9tudes vis\u00e9<\/span><\/h4>\n<ul>\n<li style=\"list-style-type: none;\">\n<ul>\n<li><a href=\"https:\/\/www.uqac.ca\/programme\/2064-doctorat-en-sciences-humaines-appliquees\" target=\"_blank\" rel=\"noopener\">Doctorat en sciences humaines appliqu\u00e9es\u00a0<\/a><\/li>\n<\/ul>\n<\/li>\n<\/ul>\n<h4><span style=\"color: #6b8915;\">Structure de recherche associ\u00e9e au projet<\/span><\/h4>\n<ul>\n<li><a href=\"https:\/\/recherche.uqac.ca\/laboratoire-de-recherche-entrepreneuriat-et-pme-larepme\" target=\"_blank\" rel=\"noopener\">Laboratoire de recherche en entrepreneuriat et PME (LAREPME)<\/a><\/li>\n<\/ul>\n<h4><span style=\"color: #6b8915;\">Description du projet<\/span><\/h4>\n<p>Les petites et moyennes entreprises (PME) sont aujourd\u2019hui confront\u00e9es \u00e0 une double transformation structurante : une transformation num\u00e9rique acc\u00e9l\u00e9r\u00e9e \u2014 marqu\u00e9e par l\u2019int\u00e9gration de technologies telles que l\u2019intelligence artificielle, l\u2019automatisation des processus d\u00e9cisionnels et la gestion avanc\u00e9e des donn\u00e9es \u2014 et une transformation r\u00e9glementaire caract\u00e9ris\u00e9e par une intensification des exigences en mati\u00e8re de conformit\u00e9, de responsabilit\u00e9 organisationnelle et de gouvernance.<\/p>\n<p>Si la litt\u00e9rature en gestion strat\u00e9gique et en entrepreneuriat analyse largement la r\u00e9silience organisationnelle, l\u2019innovation et la capacit\u00e9 d\u2019adaptation des PME, l\u2019int\u00e9gration syst\u00e9matique des dimensions juridiques et institutionnelles dans ces mod\u00e8les demeure encore limit\u00e9e. Le droit est fr\u00e9quemment trait\u00e9 comme un environnement externe ou une contrainte exog\u00e8ne, plut\u00f4t que comme une variable institutionnelle dynamique susceptible de structurer les choix strat\u00e9giques, les m\u00e9canismes de gouvernance et la performance \u00e0 long terme.<\/p>\n<p>Ce projet doctoral vise \u00e0 combler cette lacune en d\u00e9veloppant un cadre th\u00e9orique int\u00e9gr\u00e9 articulant :<\/p>\n<ol>\n<li>La gouvernance juridique des PME (structures d\u00e9cisionnelles, m\u00e9canismes de contr\u00f4le, encadrement normatif) ;<\/li>\n<li>La responsabilit\u00e9 des dirigeants et ses effets sur la prise de risque strat\u00e9gique ;<\/li>\n<li>La conformit\u00e9 r\u00e9glementaire comme variable organisationnelle influen\u00e7ant les capacit\u00e9s d\u2019innovation ;<\/li>\n<li>La transformation num\u00e9rique et ses implications en mati\u00e8re de gestion des donn\u00e9es, d\u2019automatisation et de gouvernance algorithmique ;<\/li>\n<li>La r\u00e9silience organisationnelle des PME, entendue comme capacit\u00e9 d\u2019anticipation, d\u2019adaptation et de reconfiguration strat\u00e9gique.<\/li>\n<\/ol>\n<p>L\u2019objectif central est de repositionner le droit non pas comme une simple contrainte normative, mais comme une variable institutionnelle strat\u00e9gique influen\u00e7ant la performance, la gestion des risques et la capacit\u00e9 d\u2019adaptation des PME en contexte de transformation num\u00e9rique et r\u00e9glementaire.<\/p>\n<p>Sur le plan m\u00e9thodologique, le projet pourra adopter une approche conceptuelle approfondie, comparative ou qualitative (\u00e9tudes de cas, analyse institutionnelle, entretiens exploratoires), selon l\u2019orientation retenue et le profil de la personne candidate.<\/p>\n<p>Le projet s\u2019inscrit dans un programme de recherche structur\u00e9 portant sur la gouvernance juridique et la r\u00e9silience des PME. Il vise explicitement la production d\u2019articles scientifiques publiables dans des revues sp\u00e9cialis\u00e9es en droit des affaires, gouvernance et management strat\u00e9gique, contribuant ainsi au d\u00e9veloppement d\u2019un champ interdisciplinaire \u00e0 l\u2019interface du droit et des sciences de la gestion.<\/p>\n<p>Selon le profil de la personne candidate, une dimension comparative (interprovinciale ou internationale) pourra \u00eatre int\u00e9gr\u00e9e afin d\u2019analyser l\u2019influence diff\u00e9renci\u00e9e des environnements institutionnels sur la r\u00e9silience des PME.<\/p>\n<h4><span style=\"color: #6b8915;\">Direction de recherche<\/span><\/h4>\n<p>Selon le domaine d\u2019\u00e9tude de l\u2019\u00e9tudiant ou de l\u2019\u00e9tudiante, diff\u00e9rentes possibilit\u00e9s de direction et de codirection existent.<\/p>\n<p><strong>Direction principale :<\/strong><br \/>\nRodrigue Ebata, Ph.D.<br \/>\nProfesseur en droit des affaires<\/p>\n<p>Une codirection pourra \u00eatre envisag\u00e9e avec un professeur sp\u00e9cialis\u00e9 en management strat\u00e9gique, entrepreneuriat ou syst\u00e8mes d\u2019information, afin de renforcer l\u2019int\u00e9gration interdisciplinaire du projet.<\/p>\n<h4><span style=\"color: #6b8915;\">Profil recherch\u00e9<\/span><\/h4>\n<p style=\"text-align: justify;\">La personne candidate doit poss\u00e9der une formation solide en gestion, en droit ou dans une discipline connexe, d\u00e9montrer un int\u00e9r\u00eat marqu\u00e9 pour la recherche interdisciplinaire, faire preuve de maturit\u00e9 intellectuelle et d\u2019autonomie, et manifester une motivation explicite \u00e0 contribuer \u00e0 la production de publications scientifiques.<\/p>\n<h4><span style=\"color: #6b8915;\">Exigences<\/span><\/h4>\n<ul>\n<li>Dipl\u00f4me de deuxi\u00e8me cycle pertinent.<\/li>\n<li>Capacit\u00e9 de r\u00e9daction scientifique en fran\u00e7ais (et id\u00e9alement en anglais).<\/li>\n<\/ul>\n<h4><span style=\"color: #6b8915;\">Financement<\/span><\/h4>\n<p>Accompagnement actif pour le d\u00e9p\u00f4t de demandes de bourses (FRQSC et autres concours) et possibilit\u00e9s d\u2019int\u00e9gration \u00e0 des projets en d\u00e9veloppement.<\/p>\n<h4><span style=\"color: #6b8915;\">Date du d\u00e9but du projet ou trimestre cibl\u00e9<\/span><\/h4>\n<p>Automne 2026 ou Hiver 2027<\/p>\n<h4><span style=\"color: #6b8915;\">Comment postuler<\/span><\/h4>\n<p><a href=\"mailto:muproulx@uqac.ca\"><img loading=\"lazy\" decoding=\"async\" class=\"alignnone wp-image-230\" src=\"https:\/\/portfolio.uqac.ca\/mousajavidani-en\/files\/2023\/07\/email-alert-custom-2.png\" alt=\"\" width=\"76\" height=\"76\" \/><\/a>\u00a0 \u00a0Faites parvenir un courriel \u00e0 <a href=\"mailto:rodrigue_ebata@uqac.ca\">rodrigue_ebata@uqac.ca<\/a><\/p>\n<h4><span style=\"color: #6b8915;\">Documents exig\u00e9s<\/span><\/h4>\n<ul>\n<li>CV d\u00e9taill\u00e9<\/li>\n<li>Relev\u00e9s de notes<\/li>\n<li>Lettre d\u2019intention (2\u20133 pages) pr\u00e9cisant :<br \/>\n\u2013 les int\u00e9r\u00eats de recherche<br \/>\n\u2013 l\u2019alignement avec l\u2019axe du programme<br \/>\n\u2013 une question ou probl\u00e9matique pr\u00e9liminaire<\/li>\n<li>\u00c9chantillon de r\u00e9daction<\/li>\n<\/ul>\n","protected":false},"excerpt":{"rendered":"<p>Titre du projet de recherche Gouvernance juridique et r\u00e9silience des PME en contexte de transformation num\u00e9rique Programme d&#8217;\u00e9tudes vis\u00e9 Doctorat en sciences humaines appliqu\u00e9es\u00a0 Structure de recherche associ\u00e9e au projet Laboratoire de recherche en entrepreneuriat et PME (LAREPME) Description du projet Les petites et moyennes entreprises (PME) sont aujourd\u2019hui confront\u00e9es \u00e0 une double transformation structurante &hellip; <a href=\"https:\/\/portfolio.uqac.ca\/rodrigueebata\/gouvernance-juridique-et-resilience-des-pme\/\" class=\"more-link\">Continuer la lecture de <span class=\"screen-reader-text\">Gouvernance juridique et r\u00e9silience des PME en contexte de transformation num\u00e9rique<\/span>  <span class=\"meta-nav\">&rarr;<\/span><\/a><\/p>\n","protected":false},"author":406,"featured_media":0,"parent":0,"menu_order":0,"comment_status":"closed","ping_status":"closed","template":"","meta":{"footnotes":""},"tags":[],"_links":{"self":[{"href":"https:\/\/portfolio.uqac.ca\/rodrigueebata\/wp-json\/wp\/v2\/pages\/235"}],"collection":[{"href":"https:\/\/portfolio.uqac.ca\/rodrigueebata\/wp-json\/wp\/v2\/pages"}],"about":[{"href":"https:\/\/portfolio.uqac.ca\/rodrigueebata\/wp-json\/wp\/v2\/types\/page"}],"author":[{"embeddable":true,"href":"https:\/\/portfolio.uqac.ca\/rodrigueebata\/wp-json\/wp\/v2\/users\/406"}],"replies":[{"embeddable":true,"href":"https:\/\/portfolio.uqac.ca\/rodrigueebata\/wp-json\/wp\/v2\/comments?post=235"}],"version-history":[{"count":3,"href":"https:\/\/portfolio.uqac.ca\/rodrigueebata\/wp-json\/wp\/v2\/pages\/235\/revisions"}],"predecessor-version":[{"id":240,"href":"https:\/\/portfolio.uqac.ca\/rodrigueebata\/wp-json\/wp\/v2\/pages\/235\/revisions\/240"}],"wp:attachment":[{"href":"https:\/\/portfolio.uqac.ca\/rodrigueebata\/wp-json\/wp\/v2\/media?parent=235"}],"wp:term":[{"taxonomy":"post_tag","embeddable":true,"href":"https:\/\/portfolio.uqac.ca\/rodrigueebata\/wp-json\/wp\/v2\/tags?post=235"}],"curies":[{"name":"wp","href":"https:\/\/api.w.org\/{rel}","templated":true}]}}