{"id":244,"date":"2026-03-30T14:36:52","date_gmt":"2026-03-30T18:36:52","guid":{"rendered":"https:\/\/portfolio.uqac.ca\/rodrigueebata\/?page_id=244"},"modified":"2026-04-08T11:14:33","modified_gmt":"2026-04-08T15:14:33","slug":"offres-projet-de-recherche-etudiant","status":"publish","type":"page","link":"https:\/\/portfolio.uqac.ca\/rodrigueebata\/offres-projet-de-recherche-etudiant\/","title":{"rendered":"Offres projet de recherche \u00e9tudiant"},"content":{"rendered":"<ol>\n<li><a href=\"https:\/\/portfolio.uqac.ca\/rodrigueebata\/cadre-juridique-et-resilience-des-pme\/\">Cadre juridique et r\u00e9silience des PME : vers un mod\u00e8le int\u00e9gr\u00e9 droit\u2013management<\/a><\/li>\n<li><a href=\"https:\/\/portfolio.uqac.ca\/rodrigueebata\/gouvernance-juridique-et-resilience-des-pme\/\" target=\"_blank\" rel=\"noopener\">Gouvernance juridique et r\u00e9silience des PME en contexte de transformation num\u00e9rique<\/a><\/li>\n<li><a href=\"https:\/\/portfolio.uqac.ca\/rodrigueebata\/transformation-numerique-et-gouvernance-juridique-des-pme\/\" target=\"_blank\" rel=\"noopener\">Transformation num\u00e9rique et gouvernance juridique des PME : enjeux de conformit\u00e9 et de r\u00e9silience<\/a><\/li>\n<\/ol>\n","protected":false},"excerpt":{"rendered":"<p>Cadre juridique et r\u00e9silience des PME : vers un mod\u00e8le int\u00e9gr\u00e9 droit\u2013management Gouvernance juridique et r\u00e9silience des PME en contexte de transformation num\u00e9rique Transformation num\u00e9rique et gouvernance juridique des PME : enjeux de conformit\u00e9 et de r\u00e9silience<\/p>\n","protected":false},"author":406,"featured_media":0,"parent":0,"menu_order":0,"comment_status":"closed","ping_status":"closed","template":"","meta":{"footnotes":""},"tags":[],"_links":{"self":[{"href":"https:\/\/portfolio.uqac.ca\/rodrigueebata\/wp-json\/wp\/v2\/pages\/244"}],"collection":[{"href":"https:\/\/portfolio.uqac.ca\/rodrigueebata\/wp-json\/wp\/v2\/pages"}],"about":[{"href":"https:\/\/portfolio.uqac.ca\/rodrigueebata\/wp-json\/wp\/v2\/types\/page"}],"author":[{"embeddable":true,"href":"https:\/\/portfolio.uqac.ca\/rodrigueebata\/wp-json\/wp\/v2\/users\/406"}],"replies":[{"embeddable":true,"href":"https:\/\/portfolio.uqac.ca\/rodrigueebata\/wp-json\/wp\/v2\/comments?post=244"}],"version-history":[{"count":3,"href":"https:\/\/portfolio.uqac.ca\/rodrigueebata\/wp-json\/wp\/v2\/pages\/244\/revisions"}],"predecessor-version":[{"id":287,"href":"https:\/\/portfolio.uqac.ca\/rodrigueebata\/wp-json\/wp\/v2\/pages\/244\/revisions\/287"}],"wp:attachment":[{"href":"https:\/\/portfolio.uqac.ca\/rodrigueebata\/wp-json\/wp\/v2\/media?parent=244"}],"wp:term":[{"taxonomy":"post_tag","embeddable":true,"href":"https:\/\/portfolio.uqac.ca\/rodrigueebata\/wp-json\/wp\/v2\/tags?post=244"}],"curies":[{"name":"wp","href":"https:\/\/api.w.org\/{rel}","templated":true}]}}