{"id":25,"date":"2012-07-24T12:43:40","date_gmt":"2012-07-24T12:43:40","guid":{"rendered":"http:\/\/portfolio-pre.uqac.ca\/gabarit\/?page_id=25"},"modified":"2026-04-05T15:56:23","modified_gmt":"2026-04-05T19:56:23","slug":"communications","status":"publish","type":"page","link":"https:\/\/portfolio.uqac.ca\/rodrigueebata\/communications\/","title":{"rendered":"Communications"},"content":{"rendered":"<p><strong>S\u00e9lection strat\u00e9gique uniquement<\/strong><\/p>\n<ol>\n<li>Conf\u00e9rence internationale sur l\u2019inclusion financi\u00e8re et les fintechs \u2013 Zanzibar (2026)<\/li>\n<li>Organisateur du Colloque \u00c9thique, IA et soci\u00e9t\u00e9 : quels cadres pour une gouvernance l\u00e9gitime ? &#8211; Universit\u00e9 Laval, Qu\u00e9bec (2026)<\/li>\n<li>Conf\u00e9rence internationale sur l\u2019\u00e9cosyst\u00e8me entrepreneurial, Douala, Cameroun (2025)<\/li>\n<li>Congr\u00e8s ACFAS, Ottawa\u00a0 (2024)<\/li>\n<li>Colloque international sur la Gouvernance et l\u2019Innovation \u2014 Universit\u00e9 F\u00e9lix Houphou\u00ebt-Boigny &#8211; Abidjan, C\u00f4te d\u2019Ivoire (2024)<\/li>\n<\/ol>\n<p>Ces travaux s\u2019inscrivent dans des r\u00e9seaux de collaboration internationaux et donnent lieu \u00e0 des communications dans des conf\u00e9rences scientifiques en Europe, en Afrique et en Am\u00e9rique du Nord.<\/p>\n","protected":false},"excerpt":{"rendered":"<p>S\u00e9lection strat\u00e9gique uniquement Conf\u00e9rence internationale sur l\u2019inclusion financi\u00e8re et les fintechs \u2013 Zanzibar (2026) Organisateur du Colloque \u00c9thique, IA et soci\u00e9t\u00e9 : quels cadres pour une gouvernance l\u00e9gitime ? &#8211; Universit\u00e9 Laval, Qu\u00e9bec (2026) Conf\u00e9rence internationale sur l\u2019\u00e9cosyst\u00e8me entrepreneurial, Douala, Cameroun (2025) Congr\u00e8s ACFAS, Ottawa\u00a0 (2024) Colloque international sur la Gouvernance et l\u2019Innovation \u2014 Universit\u00e9 &hellip; <a href=\"https:\/\/portfolio.uqac.ca\/rodrigueebata\/communications\/\" class=\"more-link\">Continuer la lecture de <span class=\"screen-reader-text\">Communications<\/span>  <span class=\"meta-nav\">&rarr;<\/span><\/a><\/p>\n","protected":false},"author":406,"featured_media":0,"parent":0,"menu_order":0,"comment_status":"closed","ping_status":"closed","template":"","meta":{"footnotes":""},"tags":[],"_links":{"self":[{"href":"https:\/\/portfolio.uqac.ca\/rodrigueebata\/wp-json\/wp\/v2\/pages\/25"}],"collection":[{"href":"https:\/\/portfolio.uqac.ca\/rodrigueebata\/wp-json\/wp\/v2\/pages"}],"about":[{"href":"https:\/\/portfolio.uqac.ca\/rodrigueebata\/wp-json\/wp\/v2\/types\/page"}],"author":[{"embeddable":true,"href":"https:\/\/portfolio.uqac.ca\/rodrigueebata\/wp-json\/wp\/v2\/users\/406"}],"replies":[{"embeddable":true,"href":"https:\/\/portfolio.uqac.ca\/rodrigueebata\/wp-json\/wp\/v2\/comments?post=25"}],"version-history":[{"count":10,"href":"https:\/\/portfolio.uqac.ca\/rodrigueebata\/wp-json\/wp\/v2\/pages\/25\/revisions"}],"predecessor-version":[{"id":273,"href":"https:\/\/portfolio.uqac.ca\/rodrigueebata\/wp-json\/wp\/v2\/pages\/25\/revisions\/273"}],"wp:attachment":[{"href":"https:\/\/portfolio.uqac.ca\/rodrigueebata\/wp-json\/wp\/v2\/media?parent=25"}],"wp:term":[{"taxonomy":"post_tag","embeddable":true,"href":"https:\/\/portfolio.uqac.ca\/rodrigueebata\/wp-json\/wp\/v2\/tags?post=25"}],"curies":[{"name":"wp","href":"https:\/\/api.w.org\/{rel}","templated":true}]}}