{"id":4,"date":"2012-07-23T17:46:31","date_gmt":"2012-07-23T17:46:31","guid":{"rendered":"http:\/\/portfolio-pre.uqac.ca\/gabarit\/?page_id=4"},"modified":"2026-04-05T16:50:27","modified_gmt":"2026-04-05T20:50:27","slug":"presentatio","status":"publish","type":"page","link":"https:\/\/portfolio.uqac.ca\/rodrigueebata\/","title":{"rendered":"Pr\u00e9sentation"},"content":{"rendered":"<h2>Rodrigue Ebata<\/h2>\n<p>Professeur en droit des affaires au d\u00e9partement des sciences \u00e9conomiques et administratives (DSEA), administrateur agr\u00e9\u00e9 et avocat au Barreau du Qu\u00e9bec depuis pr\u00e8s de 10 ans, mes travaux sont \u00e0 l\u2019interface du droit et des sciences de la gestion.<\/p>\n<p data-start=\"632\" data-end=\"872\">Mes recherches portent principalement\u00a0 sur la gouvernance des\u00a0 \u00a0petites et moyennes entreprises (PME), la gestion des risques juridiques, ainsi que sur les transformations organisationnelles li\u00e9es aux environnements r\u00e9glementaires et num\u00e9riques.<\/p>\n<p data-start=\"879\" data-end=\"1092\">Je d\u00e9veloppe une d\u00e9marche de recherche structur\u00e9e\u00a0 autour de l\u2019approche Law &amp; Management, visant \u00e0 analyser le r\u00f4le du droit en tant que levier strat\u00e9gique pour la r\u00e9silience et la performance des organisations.<\/p>\n<p data-start=\"1099\" data-end=\"1312\">Mes travaux s\u2019inscrivent dans une perspective interdisciplinaire et donnent lieu \u00e0 des collaborations nationales et internationales, dans le cadre du LAREPME et de projets financ\u00e9s ou en d\u00e9veloppement.<\/p>\n<p data-start=\"1319\" data-end=\"1486\">Je suis habilit\u00e9 \u00e0 encadrer des \u00e9tudiantes et \u00e9tudiants \u00e0 la ma\u00eetrise et au doctorat sur des projets li\u00e9s \u00e0 la gouvernance, \u00e0 la conformit\u00e9 r\u00e9glementaire et \u00e0 la transformation des PME. Les personnes candidates souhaitant poursuivre au doctorat sont particuli\u00e8rement encourag\u00e9es \u00e0 postuler.<\/p>\n<p data-start=\"1319\" data-end=\"1486\">Les candidatures internationales sont \u00e9galement fortement encourag\u00e9es. Les projets propos\u00e9s s\u2019inscrivent dans un environnement de recherche interdisciplinaire et offrent des opportunit\u00e9s de contribution \u00e0 des publications scientifiques dans des revues sp\u00e9cialis\u00e9es en droit des affaires, gouvernance et management.<\/p>\n<h2>Champs d&#8217;int\u00e9r\u00eat<\/h2>\n<ul>\n<li data-section-id=\"wprvll\" data-start=\"1610\" data-end=\"1633\">Gouvernance des PME<\/li>\n<li data-section-id=\"1j1gu9f\" data-start=\"1634\" data-end=\"1656\">Droit des affaires<\/li>\n<li data-section-id=\"1tcae5j\" data-start=\"1657\" data-end=\"1677\">Law &amp; Management<\/li>\n<li data-section-id=\"19yygd9\" data-start=\"1678\" data-end=\"1710\">R\u00e9silience organisationnelle<\/li>\n<li data-section-id=\"42ukom\" data-start=\"1711\" data-end=\"1745\">Gestion des risques juridiques<\/li>\n<li data-section-id=\"mtzeds\" data-start=\"1746\" data-end=\"1774\">Conformit\u00e9 r\u00e9glementaire<\/li>\n<li data-section-id=\"1n1olmk\" data-start=\"1775\" data-end=\"1803\">Transformation num\u00e9rique<\/li>\n<li data-section-id=\"6xveos\" data-start=\"1804\" data-end=\"1848\">Intelligence artificielle et gouvernance<\/li>\n<li data-section-id=\"uts5gs\" data-start=\"1849\" data-end=\"1888\">PME et environnement institutionnel<\/li>\n<\/ul>\n","protected":false},"excerpt":{"rendered":"<p>Rodrigue Ebata Professeur en droit des affaires au d\u00e9partement des sciences \u00e9conomiques et administratives (DSEA), administrateur agr\u00e9\u00e9 et avocat au Barreau du Qu\u00e9bec depuis pr\u00e8s de 10 ans, mes travaux sont \u00e0 l\u2019interface du droit et des sciences de la gestion. Mes recherches portent principalement\u00a0 sur la gouvernance des\u00a0 \u00a0petites et moyennes entreprises (PME), la &hellip; <a href=\"https:\/\/portfolio.uqac.ca\/rodrigueebata\/\" class=\"more-link\">Continuer la lecture de <span class=\"screen-reader-text\">Pr\u00e9sentation<\/span>  <span class=\"meta-nav\">&rarr;<\/span><\/a><\/p>\n","protected":false},"author":406,"featured_media":0,"parent":0,"menu_order":0,"comment_status":"closed","ping_status":"closed","template":"","meta":{"footnotes":""},"tags":[],"_links":{"self":[{"href":"https:\/\/portfolio.uqac.ca\/rodrigueebata\/wp-json\/wp\/v2\/pages\/4"}],"collection":[{"href":"https:\/\/portfolio.uqac.ca\/rodrigueebata\/wp-json\/wp\/v2\/pages"}],"about":[{"href":"https:\/\/portfolio.uqac.ca\/rodrigueebata\/wp-json\/wp\/v2\/types\/page"}],"author":[{"embeddable":true,"href":"https:\/\/portfolio.uqac.ca\/rodrigueebata\/wp-json\/wp\/v2\/users\/406"}],"replies":[{"embeddable":true,"href":"https:\/\/portfolio.uqac.ca\/rodrigueebata\/wp-json\/wp\/v2\/comments?post=4"}],"version-history":[{"count":23,"href":"https:\/\/portfolio.uqac.ca\/rodrigueebata\/wp-json\/wp\/v2\/pages\/4\/revisions"}],"predecessor-version":[{"id":282,"href":"https:\/\/portfolio.uqac.ca\/rodrigueebata\/wp-json\/wp\/v2\/pages\/4\/revisions\/282"}],"wp:attachment":[{"href":"https:\/\/portfolio.uqac.ca\/rodrigueebata\/wp-json\/wp\/v2\/media?parent=4"}],"wp:term":[{"taxonomy":"post_tag","embeddable":true,"href":"https:\/\/portfolio.uqac.ca\/rodrigueebata\/wp-json\/wp\/v2\/tags?post=4"}],"curies":[{"name":"wp","href":"https:\/\/api.w.org\/{rel}","templated":true}]}}