{"id":46,"date":"2012-07-24T14:17:13","date_gmt":"2012-07-24T14:17:13","guid":{"rendered":"http:\/\/portfolio-pre.uqac.ca\/gabarit\/?page_id=46"},"modified":"2026-04-05T16:53:43","modified_gmt":"2026-04-05T20:53:43","slug":"recherche","status":"publish","type":"page","link":"https:\/\/portfolio.uqac.ca\/rodrigueebata\/recherche\/","title":{"rendered":"Recherche"},"content":{"rendered":"<p data-start=\"3392\" data-end=\"3563\">Mes travaux s\u2019inscrivent dans une programmation interdisciplinaire portant sur la gouvernance juridique et la r\u00e9silience des PME dans un environnement en transformation.<\/p>\n<p data-start=\"3570\" data-end=\"3799\">Cette programmation vise \u00e0 d\u00e9velopper un cadre analytique int\u00e9gr\u00e9 articulant droit, management et environnement institutionnel, en positionnant le droit comme une variable strat\u00e9gique influen\u00e7ant la performance organisationnelle.<\/p>\n<p><strong>Projets en cours<\/strong><\/p>\n<ol>\n<li><strong>Projet LAREPME \u2013 R\u00e9silience des PME<\/strong><\/li>\n<\/ol>\n<p>Projet collectif portant sur les interactions entre strat\u00e9gie d\u2019innovation, capital psychologique et cadre juridique.<\/p>\n<p>2. <strong>Demande de subvention CRSH D\u00e9veloppement Savoir (2026-2028)<\/strong><\/p>\n<p>Projet comme chercheur principal visant \u00e0 d\u00e9velopper un mod\u00e8le int\u00e9gr\u00e9 de r\u00e9silience des PME.<\/p>\n<p>3<strong>. Gouvernance num\u00e9rique et IA<\/strong><\/p>\n<p>Projet \u00e9mergent sur les transformations de la gouvernance des PME \u00e0 l\u2019\u00e8re de l\u2019intelligence artificielle.<\/p>\n<p>Ces travaux contribuent \u00e0 structurer un axe de recherche en <em data-start=\"4410\" data-end=\"4436\">Law &amp; Management des PME<\/em>. Les projets de recherche sont structur\u00e9s de mani\u00e8re \u00e0 favoriser la production d\u2019articles scientifiques soumis \u00e0 des revues \u00e0 comit\u00e9 de lecture, notamment en droit des affaires, gouvernance et management strat\u00e9gique.<\/p>\n","protected":false},"excerpt":{"rendered":"<p>Mes travaux s\u2019inscrivent dans une programmation interdisciplinaire portant sur la gouvernance juridique et la r\u00e9silience des PME dans un environnement en transformation. Cette programmation vise \u00e0 d\u00e9velopper un cadre analytique int\u00e9gr\u00e9 articulant droit, management et environnement institutionnel, en positionnant le droit comme une variable strat\u00e9gique influen\u00e7ant la performance organisationnelle. Projets en cours Projet LAREPME \u2013 &hellip; <a href=\"https:\/\/portfolio.uqac.ca\/rodrigueebata\/recherche\/\" class=\"more-link\">Continuer la lecture de <span class=\"screen-reader-text\">Recherche<\/span>  <span class=\"meta-nav\">&rarr;<\/span><\/a><\/p>\n","protected":false},"author":406,"featured_media":0,"parent":0,"menu_order":0,"comment_status":"closed","ping_status":"closed","template":"","meta":{"footnotes":""},"tags":[],"_links":{"self":[{"href":"https:\/\/portfolio.uqac.ca\/rodrigueebata\/wp-json\/wp\/v2\/pages\/46"}],"collection":[{"href":"https:\/\/portfolio.uqac.ca\/rodrigueebata\/wp-json\/wp\/v2\/pages"}],"about":[{"href":"https:\/\/portfolio.uqac.ca\/rodrigueebata\/wp-json\/wp\/v2\/types\/page"}],"author":[{"embeddable":true,"href":"https:\/\/portfolio.uqac.ca\/rodrigueebata\/wp-json\/wp\/v2\/users\/406"}],"replies":[{"embeddable":true,"href":"https:\/\/portfolio.uqac.ca\/rodrigueebata\/wp-json\/wp\/v2\/comments?post=46"}],"version-history":[{"count":8,"href":"https:\/\/portfolio.uqac.ca\/rodrigueebata\/wp-json\/wp\/v2\/pages\/46\/revisions"}],"predecessor-version":[{"id":283,"href":"https:\/\/portfolio.uqac.ca\/rodrigueebata\/wp-json\/wp\/v2\/pages\/46\/revisions\/283"}],"wp:attachment":[{"href":"https:\/\/portfolio.uqac.ca\/rodrigueebata\/wp-json\/wp\/v2\/media?parent=46"}],"wp:term":[{"taxonomy":"post_tag","embeddable":true,"href":"https:\/\/portfolio.uqac.ca\/rodrigueebata\/wp-json\/wp\/v2\/tags?post=46"}],"curies":[{"name":"wp","href":"https:\/\/api.w.org\/{rel}","templated":true}]}}