{"id":18,"date":"2019-06-12T09:45:17","date_gmt":"2019-06-12T13:45:17","guid":{"rendered":"http:\/\/portfolio-pre.uqac.ca\/gabarit\/?page_id=18"},"modified":"2021-02-23T13:38:26","modified_gmt":"2021-02-23T18:38:26","slug":"enseignement","status":"publish","type":"page","link":"https:\/\/portfolio.uqac.ca\/romainchesnaux\/enseignement\/","title":{"rendered":"Enseignement"},"content":{"rendered":"<h2>Premier cycle<\/h2>\n<ul>\n<li><a href=\"https:\/\/cours.uqac.ca\/6GCI212\" target=\"_blank\">6GEN212<\/a> \u2013 G\u00e9nie de l&#8217;environnement<\/li>\n<li><span style=\"line-height: 1.5;\"><a href=\"https:\/\/cours.uqac.ca\/6GLG420\" target=\"_blank\">6GLG420<\/a> \u2013 Projet de conception en sciences de la Terre<\/span><\/li>\n<li><span style=\"line-height: 1.5;\"><a href=\"https:\/\/cours.uqac.ca\/6GMN190\" target=\"_blank\">6GMN190<\/a> \u2013 R\u00e9sidus solides et terrains contamin\u00e9s<\/span><\/li>\n<\/ul>\n<h2>Cycles sup\u00e9rieurs<\/h2>\n<ul>\n<li><a href=\"https:\/\/cours.uqac.ca\/6SCT825\" target=\"_blank\">6SCT825<\/a> \u2013\u00a0Hydrog\u00e9ologie et g\u00e9om\u00e9canique<\/li>\n<li><a href=\"https:\/\/cours.uqac.ca\/6SCT835\" target=\"_blank\">6SCT835<\/a> \u2013 Mod\u00e9lisation en hydro-g\u00e9om\u00e9canique<\/li>\n<\/ul>\n","protected":false},"excerpt":{"rendered":"<p>Premier cycle 6GEN212 \u2013 G\u00e9nie de l&#8217;environnement 6GLG420 \u2013 Projet de conception en sciences de la Terre 6GMN190 \u2013 R\u00e9sidus solides et terrains contamin\u00e9s Cycles sup\u00e9rieurs 6SCT825 \u2013\u00a0Hydrog\u00e9ologie et g\u00e9om\u00e9canique 6SCT835 \u2013 Mod\u00e9lisation en hydro-g\u00e9om\u00e9canique<\/p>\n","protected":false},"author":89,"featured_media":0,"parent":0,"menu_order":0,"comment_status":"closed","ping_status":"closed","template":"","meta":{"footnotes":""},"tags":[],"_links":{"self":[{"href":"https:\/\/portfolio.uqac.ca\/romainchesnaux\/wp-json\/wp\/v2\/pages\/18"}],"collection":[{"href":"https:\/\/portfolio.uqac.ca\/romainchesnaux\/wp-json\/wp\/v2\/pages"}],"about":[{"href":"https:\/\/portfolio.uqac.ca\/romainchesnaux\/wp-json\/wp\/v2\/types\/page"}],"author":[{"embeddable":true,"href":"https:\/\/portfolio.uqac.ca\/romainchesnaux\/wp-json\/wp\/v2\/users\/89"}],"replies":[{"embeddable":true,"href":"https:\/\/portfolio.uqac.ca\/romainchesnaux\/wp-json\/wp\/v2\/comments?post=18"}],"version-history":[{"count":6,"href":"https:\/\/portfolio.uqac.ca\/romainchesnaux\/wp-json\/wp\/v2\/pages\/18\/revisions"}],"predecessor-version":[{"id":224,"href":"https:\/\/portfolio.uqac.ca\/romainchesnaux\/wp-json\/wp\/v2\/pages\/18\/revisions\/224"}],"wp:attachment":[{"href":"https:\/\/portfolio.uqac.ca\/romainchesnaux\/wp-json\/wp\/v2\/media?parent=18"}],"wp:term":[{"taxonomy":"post_tag","embeddable":true,"href":"https:\/\/portfolio.uqac.ca\/romainchesnaux\/wp-json\/wp\/v2\/tags?post=18"}],"curies":[{"name":"wp","href":"https:\/\/api.w.org\/{rel}","templated":true}]}}