{"id":27,"date":"2019-06-12T09:45:17","date_gmt":"2019-06-12T13:45:17","guid":{"rendered":"http:\/\/portfolio-pre.uqac.ca\/gabarit\/?page_id=27"},"modified":"2019-12-18T13:59:32","modified_gmt":"2019-12-18T18:59:32","slug":"curriculum-vitae","status":"publish","type":"page","link":"https:\/\/portfolio.uqac.ca\/romainchesnaux\/curriculum-vitae\/","title":{"rendered":"Curriculum vitae"},"content":{"rendered":"<h2><strong>Dipl\u00f4mes<\/strong><\/h2>\n<ul>\n<li><em><u>2002\/2005<\/u><\/em>: Doctorant\u00a0en hydrog\u00e9ologie compl\u00e9t\u00e9 en partnership entre\u00a0le d\u00e9partement\u00a0de G\u00e9nie civil, G\u00e9ologie\u00a0et Mines\u00a0de l&#8217;\u00c9cole Polytechnique de Montr\u00e9al (Canada)\u00a0et\u00a0l&#8217;Institut National Polytechnique de Lorraine (France). Superviseurs: Prof. R.P. Chapuis (Canada)\u00a0et Prof. M. Bu\u00e8s (France)<\/li>\n<li><em><u>2000<\/u><\/em>: Post-Gradu\u00e9\u00a0dipl\u00f4me fran\u00e7ais\u00a0<em>DEA PAE3S<\/em> (Th\u00e8se sp\u00e9cialisation\u00a0en Hydrog\u00e9ologie): \u201cProtection, Gestion, Exploitation\u00a0de Sol et d&#8217;eau souterraine\u201d\u00a0\u00e0 National School of Geology\u00a0en Nancy (France)<\/li>\n<li><em><u>1997\/2000<\/u><\/em>: Bachelier\u00a0en\u00a0Ing\u00e9nierie &#8211; G\u00e9nie civil\u00a0 avec sp\u00e9cialisation\u00a0en hydraulique,\u00a0ressources en eau et ing\u00e9nierie environnementale\u00a0\u00e0\u00a0l&#8217;<em>\u00c9cole Nationale du G\u00e9nie de l&#8217;Eau et de l&#8217;Environnement de Strasbourg<\/em> (ENGEES)\u00a0en France.<\/li>\n<li><em><u>1995\/1997<\/u><\/em>: <em>Classes Pr\u00e9paratoires aux Grandes \u00c9coles<\/em> (Math\u00e9matiques) au Lyc\u00e9e Chateaubriand\u00a0\u00e0 Rennes (France)<strong><br \/>\n<\/strong><\/li>\n<\/ul>\n<h2><strong>Distinctions<\/strong><\/h2>\n<ul>\n<li><em><u>2017<\/u><\/em>: <span lang=\"fr\" tabindex=\"0\">Prix \u200b\u200bde contribution exceptionnelle \u00e0 la r\u00e9vision, re\u00e7u de<\/span> \u201c<em>Journal of Hydrology<\/em>\u201d<\/li>\n<li><em><u>2008<\/u><\/em>: Comp\u00e9tition \u201cJean K\u00e9risel\u2019s Award\u201d &#8211; <span lang=\"fr\" tabindex=\"0\">l&#8217;un des 6 nomin\u00e9s s\u00e9lectionn\u00e9s pour une pr\u00e9sentation orale devant le Comit\u00e9 fran\u00e7ais du g\u00e9nie g\u00e9otechnique \u00e0 Paris<\/span><\/li>\n<li><em><u>2005<\/u><\/em>: D<span lang=\"fr\" tabindex=\"0\">octorat nomm\u00e9 par le jury pour<\/span> \u201cBest Doctoral Thesis\u201d <span lang=\"fr\" tabindex=\"0\">prix dans toutes les disciplines de l&#8217;\u00c9cole Polytechnique de Montr\u00e9al pour l&#8217;ann\u00e9e universitaire 2005<\/span><\/li>\n<li><em><u>2005<\/u><\/em>: <span lang=\"fr\" tabindex=\"0\">Troisi\u00e8me prix du Concours de communication scientifique \u00e0 la<\/span> 1<sup>st<\/sup> National Assembly for Scientific Research (Qu\u00e9bec, Canada, 100 candidats)<\/li>\n<li><em><u>2002\/2005<\/u><\/em>: <span lang=\"fr\" tabindex=\"0\">Bourse annuelle de doctorat du minist\u00e8re des Affaires \u00e9trang\u00e8res fran\u00e7ais<\/span> (20,000 CDN$)<\/li>\n<li><em><u>2000<\/u>:<\/em> <span lang=\"fr\" tabindex=\"0\">Prix \u200b\u200bd\u00e9cern\u00e9 par le Minist\u00e8re fran\u00e7ais de l&#8217;agriculture pour la recherche\u00a0\u00e0<\/span> Montr\u00e9al (Canada) \u00e0 l&#8217;\u00c9cole Polytechnique de Montr\u00e9al (4,500 CDN$)<\/li>\n<li><em><u>2000<\/u>:<\/em> <span lang=\"fr\" tabindex=\"0\">Prix \u200b\u200bre\u00e7u par le conseil r\u00e9gional d&#8217;Alsace<\/span>, France (2,250 CDN$)<\/li>\n<\/ul>\n<h2><strong><br \/>\nAffiliations professionnelles<\/strong><\/h2>\n<ul>\n<li>Membre de\u00a0l&#8217;Ordre des Ing\u00e9nieurs du Qu\u00e9bec, Canada (OIQ)<\/li>\n<li>Membre de Association of Professional Engineer of British Columbia, Canada (APEGBC)<\/li>\n<li>Membre de\u00a0 \u00c9cole Nationale du G\u00e9nie de l&#8217;Eau et de l&#8217;Environnement de Strasbourg (ENGEES), France<\/li>\n<li>Membre de International Association of Hydrogeologists (IAH).<\/li>\n<li>Membre de \u00ab\u00a0R\u00e9seau Qu\u00e9b\u00e9cois sur les Eaux Souterraines\u00a0\u00bb (RQES &#8211; Canada): https:\/\/rqes.ca\/les-chercheurs-du-rqes\/<\/li>\n<li>\u00a0Membre de \u00ab\u00a0Centre de Recherche en G\u00e9ochimie et G\u00e9odynamique\u00a0\u00bb (GEOTOP &#8211; Canada)\u00a0: www.geotop.ca<strong><br \/>\n<\/strong><\/li>\n<\/ul>\n<h2>Codes hydrog\u00e9ologiques<\/h2>\n<ul>\n<li><strong>Seep\/W<\/strong> (physical hydrogeology modeling) and <strong>Ctran\/W<\/strong> (contaminant and transport hydrogeology modeling) by Geo-Slope Inc (saturated and unsaturated conditions modeling).<\/li>\n<li><strong>Visual Modflow\/MT3DMS<\/strong> (Physical and contaminant hydrogeology saturated conditions modeling)<\/li>\n<li><strong>Feflow<\/strong> (Physical and contaminant hydrogeology modeling, saturated and unsaturated conditions)<\/li>\n<li><strong>AquaChem<\/strong> (geochemistry modeling)<\/li>\n<\/ul>\n","protected":false},"excerpt":{"rendered":"<p>Dipl\u00f4mes 2002\/2005: Doctorant\u00a0en hydrog\u00e9ologie compl\u00e9t\u00e9 en partnership entre\u00a0le d\u00e9partement\u00a0de G\u00e9nie civil, G\u00e9ologie\u00a0et Mines\u00a0de l&#8217;\u00c9cole Polytechnique de Montr\u00e9al (Canada)\u00a0et\u00a0l&#8217;Institut National Polytechnique de Lorraine (France). Superviseurs: Prof. R.P. Chapuis (Canada)\u00a0et Prof. M. Bu\u00e8s (France) 2000: Post-Gradu\u00e9\u00a0dipl\u00f4me fran\u00e7ais\u00a0DEA PAE3S (Th\u00e8se sp\u00e9cialisation\u00a0en Hydrog\u00e9ologie): \u201cProtection, Gestion, Exploitation\u00a0de Sol et d&#8217;eau souterraine\u201d\u00a0\u00e0 National School of Geology\u00a0en Nancy (France) 1997\/2000: Bachelier\u00a0en\u00a0Ing\u00e9nierie &#8211; &hellip; <a href=\"https:\/\/portfolio.uqac.ca\/romainchesnaux\/curriculum-vitae\/\" class=\"more-link\">Continuer la lecture de <span class=\"screen-reader-text\">Curriculum vitae<\/span>  <span class=\"meta-nav\">&rarr;<\/span><\/a><\/p>\n","protected":false},"author":89,"featured_media":0,"parent":0,"menu_order":0,"comment_status":"closed","ping_status":"closed","template":"","meta":{"footnotes":""},"tags":[],"_links":{"self":[{"href":"https:\/\/portfolio.uqac.ca\/romainchesnaux\/wp-json\/wp\/v2\/pages\/27"}],"collection":[{"href":"https:\/\/portfolio.uqac.ca\/romainchesnaux\/wp-json\/wp\/v2\/pages"}],"about":[{"href":"https:\/\/portfolio.uqac.ca\/romainchesnaux\/wp-json\/wp\/v2\/types\/page"}],"author":[{"embeddable":true,"href":"https:\/\/portfolio.uqac.ca\/romainchesnaux\/wp-json\/wp\/v2\/users\/89"}],"replies":[{"embeddable":true,"href":"https:\/\/portfolio.uqac.ca\/romainchesnaux\/wp-json\/wp\/v2\/comments?post=27"}],"version-history":[{"count":10,"href":"https:\/\/portfolio.uqac.ca\/romainchesnaux\/wp-json\/wp\/v2\/pages\/27\/revisions"}],"predecessor-version":[{"id":215,"href":"https:\/\/portfolio.uqac.ca\/romainchesnaux\/wp-json\/wp\/v2\/pages\/27\/revisions\/215"}],"wp:attachment":[{"href":"https:\/\/portfolio.uqac.ca\/romainchesnaux\/wp-json\/wp\/v2\/media?parent=27"}],"wp:term":[{"taxonomy":"post_tag","embeddable":true,"href":"https:\/\/portfolio.uqac.ca\/romainchesnaux\/wp-json\/wp\/v2\/tags?post=27"}],"curies":[{"name":"wp","href":"https:\/\/api.w.org\/{rel}","templated":true}]}}