{"id":4,"date":"2019-06-12T09:45:17","date_gmt":"2019-06-12T13:45:17","guid":{"rendered":"http:\/\/portfolio-pre.uqac.ca\/gabarit\/?page_id=4"},"modified":"2019-06-12T15:30:18","modified_gmt":"2019-06-12T19:30:18","slug":"presentatio","status":"publish","type":"page","link":"https:\/\/portfolio.uqac.ca\/romainchesnaux\/","title":{"rendered":"Pr\u00e9sentation"},"content":{"rendered":"<h2>Romain Chesnaux<\/h2>\n<p>Professeur au d\u00e9partement des\u00a0Sciences\u00a0appliqu\u00e9es, ing., Ph.D.<\/p>\n<h2>Domaine<\/h2>\n<ul>\n<li><span style=\"color: #000000; font-family: Arial;\">G\u00e9nie de l\u2019eau et de l\u2019environnement<\/span><\/li>\n<li><span style=\"color: #000000; font-family: Arial;\">G\u00e9nie g\u00e9ologique<\/span><\/li>\n<\/ul>\n<h2>Axe de recherche<\/h2>\n<ul>\n<li><span style=\"color: #000000; font-family: Arial;\">Hydrog\u00e9ologie physique<\/span><\/li>\n<li><span style=\"color: #000000; font-family: Arial;\">Hydrog\u00e9ologie du transport des contaminants<\/span><\/li>\n<li><span style=\"color: #000000; font-family: Arial;\">Restauration des sites contamin\u00e9s<\/span><\/li>\n<li><span style=\"color: #000000; font-family: Arial;\">Hydraulique des milieux non satur\u00e9s<\/span><\/li>\n<\/ul>\n<p>&nbsp;<\/p>\n","protected":false},"excerpt":{"rendered":"<p>Romain Chesnaux Professeur au d\u00e9partement des\u00a0Sciences\u00a0appliqu\u00e9es, ing., Ph.D. Domaine G\u00e9nie de l\u2019eau et de l\u2019environnement G\u00e9nie g\u00e9ologique Axe de recherche Hydrog\u00e9ologie physique Hydrog\u00e9ologie du transport des contaminants Restauration des sites contamin\u00e9s Hydraulique des milieux non satur\u00e9s &nbsp;<\/p>\n","protected":false},"author":89,"featured_media":0,"parent":0,"menu_order":0,"comment_status":"closed","ping_status":"closed","template":"","meta":{"footnotes":""},"tags":[],"_links":{"self":[{"href":"https:\/\/portfolio.uqac.ca\/romainchesnaux\/wp-json\/wp\/v2\/pages\/4"}],"collection":[{"href":"https:\/\/portfolio.uqac.ca\/romainchesnaux\/wp-json\/wp\/v2\/pages"}],"about":[{"href":"https:\/\/portfolio.uqac.ca\/romainchesnaux\/wp-json\/wp\/v2\/types\/page"}],"author":[{"embeddable":true,"href":"https:\/\/portfolio.uqac.ca\/romainchesnaux\/wp-json\/wp\/v2\/users\/89"}],"replies":[{"embeddable":true,"href":"https:\/\/portfolio.uqac.ca\/romainchesnaux\/wp-json\/wp\/v2\/comments?post=4"}],"version-history":[{"count":13,"href":"https:\/\/portfolio.uqac.ca\/romainchesnaux\/wp-json\/wp\/v2\/pages\/4\/revisions"}],"predecessor-version":[{"id":178,"href":"https:\/\/portfolio.uqac.ca\/romainchesnaux\/wp-json\/wp\/v2\/pages\/4\/revisions\/178"}],"wp:attachment":[{"href":"https:\/\/portfolio.uqac.ca\/romainchesnaux\/wp-json\/wp\/v2\/media?parent=4"}],"wp:term":[{"taxonomy":"post_tag","embeddable":true,"href":"https:\/\/portfolio.uqac.ca\/romainchesnaux\/wp-json\/wp\/v2\/tags?post=4"}],"curies":[{"name":"wp","href":"https:\/\/api.w.org\/{rel}","templated":true}]}}