{"id":46,"date":"2019-06-12T09:45:17","date_gmt":"2019-06-12T13:45:17","guid":{"rendered":"http:\/\/portfolio-pre.uqac.ca\/gabarit\/?page_id=46"},"modified":"2019-09-18T11:44:26","modified_gmt":"2019-09-18T15:44:26","slug":"recherche","status":"publish","type":"page","link":"https:\/\/portfolio.uqac.ca\/romainchesnaux\/recherche\/","title":{"rendered":"Recherche"},"content":{"rendered":"<p>\u201c<em>Groupe Risque Ressource Eau<\/em> (R<sup>2<\/sup>eau)\u201d, <span lang=\"fr\">consortium de recherche compos\u00e9 de partenaires priv\u00e9s et publics et de 7 professeurs titulaires \u00e0 l&#8217;UQAC, dont l&#8217;objectif est de mener des projets d&#8217;\u00e9valuation des risques g\u00e9ologiques et techniques relatifs \u00e0 l&#8217;eau afin de r\u00e9pondre aux besoins de l&#8217;industrie et des communaut\u00e9s \/ public.<\/span><\/p>\n<p>Prof. Chesnaux d\u00e9veloppe 5 axes particuliers de recherche\u00a0:<\/p>\n<p>1- Le d\u00e9veloppement d\u2019outils de caract\u00e9risation des connexions hydrauliques entre les aquif\u00e8res et les probl\u00e8mes de contaminations crois\u00e9es qu\u2019elles engendrent; 2- Le d\u00e9veloppement d\u2019outils de quantification de la recharge des aquif\u00e8res, laquelle caract\u00e9rise la capacit\u00e9 de renouvellement des eaux souterraines; 3- La mise au point de techniques avanc\u00e9es d\u2019interpr\u00e9tation des essais de pompage pour d\u00e9terminer les propri\u00e9t\u00e9s hydrauliques des aquif\u00e8res; 4- Le couplage de mod\u00e8les hydrog\u00e9ochimiques et hydrauliques pour caract\u00e9riser le syst\u00e8me eau souterraine; et 5- Le d\u00e9veloppement de solutions analytiques pour la r\u00e9solution de probl\u00e8mes pratiques avec le souci de rendre transf\u00e9rable et utilisable ces solutions \u00e0 des praticiens consultants en hydrog\u00e9ologie pour la r\u00e9solution de probl\u00e8mes pratiques.<\/p>\n","protected":false},"excerpt":{"rendered":"<p>\u201cGroupe Risque Ressource Eau (R2eau)\u201d, consortium de recherche compos\u00e9 de partenaires priv\u00e9s et publics et de 7 professeurs titulaires \u00e0 l&#8217;UQAC, dont l&#8217;objectif est de mener des projets d&#8217;\u00e9valuation des risques g\u00e9ologiques et techniques relatifs \u00e0 l&#8217;eau afin de r\u00e9pondre aux besoins de l&#8217;industrie et des communaut\u00e9s \/ public. Prof. Chesnaux d\u00e9veloppe 5 axes particuliers &hellip; <a href=\"https:\/\/portfolio.uqac.ca\/romainchesnaux\/recherche\/\" class=\"more-link\">Continuer la lecture de <span class=\"screen-reader-text\">Recherche<\/span>  <span class=\"meta-nav\">&rarr;<\/span><\/a><\/p>\n","protected":false},"author":89,"featured_media":0,"parent":0,"menu_order":0,"comment_status":"closed","ping_status":"closed","template":"","meta":{"footnotes":""},"tags":[],"_links":{"self":[{"href":"https:\/\/portfolio.uqac.ca\/romainchesnaux\/wp-json\/wp\/v2\/pages\/46"}],"collection":[{"href":"https:\/\/portfolio.uqac.ca\/romainchesnaux\/wp-json\/wp\/v2\/pages"}],"about":[{"href":"https:\/\/portfolio.uqac.ca\/romainchesnaux\/wp-json\/wp\/v2\/types\/page"}],"author":[{"embeddable":true,"href":"https:\/\/portfolio.uqac.ca\/romainchesnaux\/wp-json\/wp\/v2\/users\/89"}],"replies":[{"embeddable":true,"href":"https:\/\/portfolio.uqac.ca\/romainchesnaux\/wp-json\/wp\/v2\/comments?post=46"}],"version-history":[{"count":6,"href":"https:\/\/portfolio.uqac.ca\/romainchesnaux\/wp-json\/wp\/v2\/pages\/46\/revisions"}],"predecessor-version":[{"id":213,"href":"https:\/\/portfolio.uqac.ca\/romainchesnaux\/wp-json\/wp\/v2\/pages\/46\/revisions\/213"}],"wp:attachment":[{"href":"https:\/\/portfolio.uqac.ca\/romainchesnaux\/wp-json\/wp\/v2\/media?parent=46"}],"wp:term":[{"taxonomy":"post_tag","embeddable":true,"href":"https:\/\/portfolio.uqac.ca\/romainchesnaux\/wp-json\/wp\/v2\/tags?post=46"}],"curies":[{"name":"wp","href":"https:\/\/api.w.org\/{rel}","templated":true}]}}