{"id":4,"date":"2012-07-23T17:46:31","date_gmt":"2012-07-23T17:46:31","guid":{"rendered":"http:\/\/portfolio-pre.uqac.ca\/gabarit\/?page_id=4"},"modified":"2026-01-05T13:41:52","modified_gmt":"2026-01-05T18:41:52","slug":"presentatio","status":"publish","type":"page","link":"https:\/\/portfolio.uqac.ca\/rosalierainville\/","title":{"rendered":"Pr\u00e9sentation"},"content":{"rendered":"<h2>Rosalie Rainville<\/h2>\n<p>Professeure au D\u00e9partement des sciences humaines et sociales, UQAC<\/p>\n<h4>Description<\/h4>\n<p>Rosalie Rainville est sociologue, ses recherches portent sur les questions d\u2019agriculture, d\u2019alimentation et d\u2019environnement. Elle s\u2019int\u00e9resse aux alternatives sociales, \u00e9cologiques et politiques et aux r\u00e9sistances par la subsistance dans les soci\u00e9t\u00e9s du Nord global. Les th\u00e8mes qui l\u2019interpellent en particulier sont\u00a0: l\u2019autonomie et la critique du productivisme; l\u2019\u00e9cof\u00e9minisme et les r\u00e9sistances paysannes; la sobri\u00e9t\u00e9 \u00e9cologique et les modes de vie alternatifs ainsi que les enjeux li\u00e9s au territoire et aux transitions r\u00e9gionales.<\/p>\n<h4>Champs d&#8217;int\u00e9r\u00eat<\/h4>\n<ul>\n<li>Agriculture<\/li>\n<li>Alimentation<\/li>\n<li>Environnement<\/li>\n<li>Productivisme<\/li>\n<li>\u00c9cologie politique<\/li>\n<li>Th\u00e9orie \u00e9cof\u00e9ministe<\/li>\n<li>R\u00e9sistance par la subsistance<\/li>\n<li>Modes de vie alternatifs<\/li>\n<li>R\u00e9gion et territoire<\/li>\n<li>Terroir et gastronomie<\/li>\n<li>Enqu\u00eate de terrain<\/li>\n<li>M\u00e9thodologie qualitative<\/li>\n<\/ul>\n<div class=\"hHq9Z\">\n<div data-hveid=\"CBAQAA\" data-ved=\"2ahUKEwj94uOPhsWRAxUeDTQIHcdTLFkQlcAGegQIEBAA\">\n<div class=\"KsRP6\">\n<div class=\"MDY31c Sb9BPb\">\n<div class=\"QpPSMb\">\n<div class=\"DoxwDb\">\n<h4 class=\"PZPZlf ssJ7i B5dxMb\" role=\"heading\" aria-level=\"2\" data-attrid=\"title\">Affiliations<\/h4>\n<\/div>\n<div class=\"r2VLS\">\n<div data-ias=\"false\">\n<div class=\"y1yadf\">\n<ul>\n<li class=\"CcNe6e v4Zpbe\" tabindex=\"0\" role=\"button\" aria-expanded=\"false\" aria-haspopup=\"true\">Membre r\u00e9guli\u00e8re du Groupe de recherche en intervention r\u00e9gionale (<a href=\"https:\/\/recherche.uqac.ca\/groupe-de-recherche-et-dintervention-regionales\">GRIR<\/a>), UQAC<\/li>\n<li tabindex=\"0\" role=\"button\" aria-expanded=\"false\" aria-haspopup=\"true\">Co-chercheuse au Centre de recherche sur le d\u00e9veloppement territorial (<a href=\"https:\/\/www.crdt.ca\/\">CRDT<\/a>), UQAR<\/li>\n<li tabindex=\"0\" role=\"button\" aria-expanded=\"false\" aria-haspopup=\"true\">Membre du comit\u00e9 de r\u00e9daction de la <a href=\"https:\/\/www.soc.ulaval.ca\/recherchessociographiques\/\">Revue Recherches sociographiques<\/a>, ULaval<\/li>\n<\/ul>\n<\/div>\n<\/div>\n<\/div>\n<\/div>\n<\/div>\n<\/div>\n<\/div>\n<\/div>\n<div class=\"GRl5yb a8pxAe\">\n<div>\n<div class=\"wPNfjb\" data-sd-cp=\"wPNfjb\">\n<div id=\"JTPWx\" role=\"tablist\" data-hveid=\"CBoQAA\"><\/div>\n<\/div>\n<\/div>\n<\/div>\n","protected":false},"excerpt":{"rendered":"<p>Rosalie Rainville Professeure au D\u00e9partement des sciences humaines et sociales, UQAC Description Rosalie Rainville est sociologue, ses recherches portent sur les questions d\u2019agriculture, d\u2019alimentation et d\u2019environnement. Elle s\u2019int\u00e9resse aux alternatives sociales, \u00e9cologiques et politiques et aux r\u00e9sistances par la subsistance dans les soci\u00e9t\u00e9s du Nord global. Les th\u00e8mes qui l\u2019interpellent en particulier sont\u00a0: l\u2019autonomie et &hellip; <a href=\"https:\/\/portfolio.uqac.ca\/rosalierainville\/\" class=\"more-link\">Continuer la lecture de <span class=\"screen-reader-text\">Pr\u00e9sentation<\/span>  <span class=\"meta-nav\">&rarr;<\/span><\/a><\/p>\n","protected":false},"author":89,"featured_media":0,"parent":0,"menu_order":0,"comment_status":"closed","ping_status":"closed","template":"","meta":{"footnotes":""},"tags":[],"_links":{"self":[{"href":"https:\/\/portfolio.uqac.ca\/rosalierainville\/wp-json\/wp\/v2\/pages\/4"}],"collection":[{"href":"https:\/\/portfolio.uqac.ca\/rosalierainville\/wp-json\/wp\/v2\/pages"}],"about":[{"href":"https:\/\/portfolio.uqac.ca\/rosalierainville\/wp-json\/wp\/v2\/types\/page"}],"author":[{"embeddable":true,"href":"https:\/\/portfolio.uqac.ca\/rosalierainville\/wp-json\/wp\/v2\/users\/89"}],"replies":[{"embeddable":true,"href":"https:\/\/portfolio.uqac.ca\/rosalierainville\/wp-json\/wp\/v2\/comments?post=4"}],"version-history":[{"count":21,"href":"https:\/\/portfolio.uqac.ca\/rosalierainville\/wp-json\/wp\/v2\/pages\/4\/revisions"}],"predecessor-version":[{"id":247,"href":"https:\/\/portfolio.uqac.ca\/rosalierainville\/wp-json\/wp\/v2\/pages\/4\/revisions\/247"}],"wp:attachment":[{"href":"https:\/\/portfolio.uqac.ca\/rosalierainville\/wp-json\/wp\/v2\/media?parent=4"}],"wp:term":[{"taxonomy":"post_tag","embeddable":true,"href":"https:\/\/portfolio.uqac.ca\/rosalierainville\/wp-json\/wp\/v2\/tags?post=4"}],"curies":[{"name":"wp","href":"https:\/\/api.w.org\/{rel}","templated":true}]}}