{"id":46,"date":"2012-07-24T14:17:13","date_gmt":"2012-07-24T14:17:13","guid":{"rendered":"http:\/\/portfolio-pre.uqac.ca\/gabarit\/?page_id=46"},"modified":"2025-12-16T11:22:51","modified_gmt":"2025-12-16T16:22:51","slug":"recherche","status":"publish","type":"page","link":"https:\/\/portfolio.uqac.ca\/rosalierainville\/recherche\/","title":{"rendered":"Recherche"},"content":{"rendered":"<p>2026-2029\u00a0: En \u00e9valuation &#8211; Rainville, R. (chercheuse principale),\u00a0\u00ab\u00a0Les r\u00e9sistances par la subsistance : Une sociologie des modes de vie alternatifs dans la r\u00e9gion du Fjord-du-Saguenay\u00a0\u00bb, Soutien \u00e0 la recherche pour la rel\u00e8ve professorale du Fonds de recherche du Qu\u00e9bec Soci\u00e9t\u00e9 et Culture (FRQSC) (45\u00a0000$).<\/p>\n<p>2026-2029\u00a0: En \u00e9valuation &#8211; Rainville, R. (co-candidate), \u00ab\u00a0JARDINS: Jardinage et approche \u00e9cosyst\u00e9mique pour le r\u00e9tablissement et l&#8217;inclusion en sant\u00e9 mentale\u00a0\u00bb, Fonds Nouvelles fronti\u00e8res en recherche du Conseil de Recherches en Sciences Humaines du Canada (CRSH) (250\u00a0000$).<\/p>\n<p>2024-2026\u00a0: Rainville, R. (chercheuse principale), \u00ab\u00a0Sociohistoire des modes de vie alternatifs et des mouvements de r\u00e9sistance au mod\u00e8le agricole industriel dans la r\u00e9gion du Fjord-du-Saguenay\u00a0\u00bb, Fonds de d\u00e9marrage pour la recherche destin\u00e9 aux professeurs en d\u00e9but de carri\u00e8re (DRCI UQAC) (10\u00a0000$).<\/p>\n<p>2023-2025\u00a0: Rainville, R. (chercheuse principale), \u00ab\u00a0Subsister autrement : Une sociologie des r\u00e9sistances agricoles et alimentaires au Qu\u00e9bec et en France\u00a0\u00bb, Bourse postdoctorale du Fonds de recherche du Qu\u00e9bec Soci\u00e9t\u00e9 et Culture (FRQSC) (38\u00a0962$).<\/p>\n","protected":false},"excerpt":{"rendered":"<p>2026-2029\u00a0: En \u00e9valuation &#8211; Rainville, R. (chercheuse principale),\u00a0\u00ab\u00a0Les r\u00e9sistances par la subsistance : Une sociologie des modes de vie alternatifs dans la r\u00e9gion du Fjord-du-Saguenay\u00a0\u00bb, Soutien \u00e0 la recherche pour la rel\u00e8ve professorale du Fonds de recherche du Qu\u00e9bec Soci\u00e9t\u00e9 et Culture (FRQSC) (45\u00a0000$). 2026-2029\u00a0: En \u00e9valuation &#8211; Rainville, R. (co-candidate), \u00ab\u00a0JARDINS: Jardinage et approche &hellip; <a href=\"https:\/\/portfolio.uqac.ca\/rosalierainville\/recherche\/\" class=\"more-link\">Continuer la lecture de <span class=\"screen-reader-text\">Recherche<\/span>  <span class=\"meta-nav\">&rarr;<\/span><\/a><\/p>\n","protected":false},"author":89,"featured_media":0,"parent":0,"menu_order":0,"comment_status":"closed","ping_status":"closed","template":"","meta":{"footnotes":""},"tags":[],"_links":{"self":[{"href":"https:\/\/portfolio.uqac.ca\/rosalierainville\/wp-json\/wp\/v2\/pages\/46"}],"collection":[{"href":"https:\/\/portfolio.uqac.ca\/rosalierainville\/wp-json\/wp\/v2\/pages"}],"about":[{"href":"https:\/\/portfolio.uqac.ca\/rosalierainville\/wp-json\/wp\/v2\/types\/page"}],"author":[{"embeddable":true,"href":"https:\/\/portfolio.uqac.ca\/rosalierainville\/wp-json\/wp\/v2\/users\/89"}],"replies":[{"embeddable":true,"href":"https:\/\/portfolio.uqac.ca\/rosalierainville\/wp-json\/wp\/v2\/comments?post=46"}],"version-history":[{"count":3,"href":"https:\/\/portfolio.uqac.ca\/rosalierainville\/wp-json\/wp\/v2\/pages\/46\/revisions"}],"predecessor-version":[{"id":231,"href":"https:\/\/portfolio.uqac.ca\/rosalierainville\/wp-json\/wp\/v2\/pages\/46\/revisions\/231"}],"wp:attachment":[{"href":"https:\/\/portfolio.uqac.ca\/rosalierainville\/wp-json\/wp\/v2\/media?parent=46"}],"wp:term":[{"taxonomy":"post_tag","embeddable":true,"href":"https:\/\/portfolio.uqac.ca\/rosalierainville\/wp-json\/wp\/v2\/tags?post=46"}],"curies":[{"name":"wp","href":"https:\/\/api.w.org\/{rel}","templated":true}]}}