{"id":172,"date":"2019-05-30T16:07:08","date_gmt":"2019-05-30T20:07:08","guid":{"rendered":"http:\/\/portfolio-pre.uqac.ca\/rubensdasilva\/?page_id=172"},"modified":"2019-05-30T16:11:04","modified_gmt":"2019-05-30T20:11:04","slug":"doctorat","status":"publish","type":"page","link":"https:\/\/portfolio.uqac.ca\/rubensdasilva\/doctorat\/","title":{"rendered":"Doctorat"},"content":{"rendered":"<p><strong>En cours<\/strong><\/p>\n<p>Calderon, Mariane. (2019- )<\/p>\n<p>Adriana Paula Fontana Carvalho. (2015- )<\/p>\n<p><strong>Compl\u00e9t\u00e9<\/strong><\/p>\n<p>Nowotny, Alexandre Henrique. (2019). Desenvolvimento de um protocolo cl\u00ednico funcional de avalia\u00e7ao e interven\u00e7ao para atletas com dor lombar cr\u00f4nica.<\/p>\n<p>de Oliveira Gil, Andr\u00e9 Wilson. (2018). An\u00e1lise da contribui\u00e7\u00e3o dos m\u00fasculos de membros inferiores e superiores durante a tarefa de subir degraus de um \u00f4nibus coletivo em idosos.<\/p>\n<p>Manfre, Joao Paulo. (2018). \u00c9quilibre postural et r\u00e9ponses neuromusculaire chez les personnes \u00e2g\u00e9es souffrant d&#8217;une ost\u00e9oarthrite de la hanche.<\/p>\n<p>de Oliveira, M\u00e1rcio Rog\u00e9rio. (2017). Postural control in older \u2013 state of art related to balance and falls prevention.<\/p>\n<p>Araujo de Castro, Larisssa. (2017). Comparaison des m\u00e9canismes de maintien de l&#8217;\u00e9quilibre postural chez les patients \u00e2g\u00e9s atteints de maladie pulmonaire obstructive chronique.<\/p>\n<p>de Oliveira, M\u00e1rcio Rog\u00e9rio. (2017). Efeitos de diferentes programas de exerc\u00edcio no equil\u00edbrio postural de mulheres idosas.<\/p>\n","protected":false},"excerpt":{"rendered":"<p>En cours Calderon, Mariane. (2019- ) Adriana Paula Fontana Carvalho. (2015- ) Compl\u00e9t\u00e9 Nowotny, Alexandre Henrique. (2019). Desenvolvimento de um protocolo cl\u00ednico funcional de avalia\u00e7ao e interven\u00e7ao para atletas com dor lombar cr\u00f4nica. de Oliveira Gil, Andr\u00e9 Wilson. (2018). An\u00e1lise da contribui\u00e7\u00e3o dos m\u00fasculos de membros inferiores e superiores durante a tarefa de subir degraus &hellip; <a href=\"https:\/\/portfolio.uqac.ca\/rubensdasilva\/doctorat\/\" class=\"more-link\">Continuer la lecture de <span class=\"screen-reader-text\">Doctorat<\/span>  <span class=\"meta-nav\">&rarr;<\/span><\/a><\/p>\n","protected":false},"author":147,"featured_media":0,"parent":0,"menu_order":0,"comment_status":"closed","ping_status":"closed","template":"","meta":{"footnotes":""},"tags":[],"_links":{"self":[{"href":"https:\/\/portfolio.uqac.ca\/rubensdasilva\/wp-json\/wp\/v2\/pages\/172"}],"collection":[{"href":"https:\/\/portfolio.uqac.ca\/rubensdasilva\/wp-json\/wp\/v2\/pages"}],"about":[{"href":"https:\/\/portfolio.uqac.ca\/rubensdasilva\/wp-json\/wp\/v2\/types\/page"}],"author":[{"embeddable":true,"href":"https:\/\/portfolio.uqac.ca\/rubensdasilva\/wp-json\/wp\/v2\/users\/147"}],"replies":[{"embeddable":true,"href":"https:\/\/portfolio.uqac.ca\/rubensdasilva\/wp-json\/wp\/v2\/comments?post=172"}],"version-history":[{"count":3,"href":"https:\/\/portfolio.uqac.ca\/rubensdasilva\/wp-json\/wp\/v2\/pages\/172\/revisions"}],"predecessor-version":[{"id":179,"href":"https:\/\/portfolio.uqac.ca\/rubensdasilva\/wp-json\/wp\/v2\/pages\/172\/revisions\/179"}],"wp:attachment":[{"href":"https:\/\/portfolio.uqac.ca\/rubensdasilva\/wp-json\/wp\/v2\/media?parent=172"}],"wp:term":[{"taxonomy":"post_tag","embeddable":true,"href":"https:\/\/portfolio.uqac.ca\/rubensdasilva\/wp-json\/wp\/v2\/tags?post=172"}],"curies":[{"name":"wp","href":"https:\/\/api.w.org\/{rel}","templated":true}]}}