{"id":205,"date":"2019-05-31T10:05:33","date_gmt":"2019-05-31T14:05:33","guid":{"rendered":"http:\/\/portfolio-pre.uqac.ca\/rubensdasilva\/?page_id=205"},"modified":"2019-05-31T10:05:33","modified_gmt":"2019-05-31T14:05:33","slug":"chapitres-de-livres","status":"publish","type":"page","link":"https:\/\/portfolio.uqac.ca\/rubensdasilva\/chapitres-de-livres\/","title":{"rendered":"Chapitres de livres"},"content":{"rendered":"<p>Da Silva, Rubens Alexandre, Eletromiografia na pr\u00e1tica Cl\u00ednica do Fisioterapeuta. In: SONAFE. (Org.). PROFISIO. ined.Porto Alegre: Artmed Panamericana, 2016, v. 1, p. 1-.<\/p>\n<p>Da Silva, Rubens Alexandre et al. Equil\u00edbrio Postural e Risco de Quedas em Idosos Fisicamente Independentes. In: Luciana Lozza de Moraes Marchiori; F\u00e1tima Branco; Maria Rita Aprille; Viviane de Souza Pinho Costa. (Org.). Equil\u00edbrio Humano e Seus Dist\u00farbios: do Estilo de Vida \u00e0 Reabilita\u00e7\u00e3o. 1ed.Londrina: UNOPAR, 2015, v. 1, p. 1-.<\/p>\n<p>Becker, D.; Vitor, L. G. V.; Rabello, L.M.; Boer, M.C.; Da Silva, R.A.; Fujisawa, D. S. O corpo como instrumento de trabalho e a prepara\u00e7\u00e3o pelo academico de fisioterapia. In: Marchiori, Luciana Lozza De Moraes; TRELHA, CELITA SALMASO; FUJISAWA, DIRCE SHIZUKO. (Org.. (Org.). Metodologia da problematiza\u00e7\u00e3o: pr\u00e1ticas em ciencias da reabilita\u00e7\u00e3o&#8230; 1ed.Londrina: UNOPAR, 2012, v. 1, p. 111-122.<\/p>\n","protected":false},"excerpt":{"rendered":"<p>Da Silva, Rubens Alexandre, Eletromiografia na pr\u00e1tica Cl\u00ednica do Fisioterapeuta. In: SONAFE. (Org.). PROFISIO. ined.Porto Alegre: Artmed Panamericana, 2016, v. 1, p. 1-. Da Silva, Rubens Alexandre et al. Equil\u00edbrio Postural e Risco de Quedas em Idosos Fisicamente Independentes. In: Luciana Lozza de Moraes Marchiori; F\u00e1tima Branco; Maria Rita Aprille; Viviane de Souza Pinho Costa. &hellip; <a href=\"https:\/\/portfolio.uqac.ca\/rubensdasilva\/chapitres-de-livres\/\" class=\"more-link\">Continuer la lecture de <span class=\"screen-reader-text\">Chapitres de livres<\/span>  <span class=\"meta-nav\">&rarr;<\/span><\/a><\/p>\n","protected":false},"author":147,"featured_media":0,"parent":0,"menu_order":0,"comment_status":"closed","ping_status":"closed","template":"","meta":{"footnotes":""},"tags":[],"_links":{"self":[{"href":"https:\/\/portfolio.uqac.ca\/rubensdasilva\/wp-json\/wp\/v2\/pages\/205"}],"collection":[{"href":"https:\/\/portfolio.uqac.ca\/rubensdasilva\/wp-json\/wp\/v2\/pages"}],"about":[{"href":"https:\/\/portfolio.uqac.ca\/rubensdasilva\/wp-json\/wp\/v2\/types\/page"}],"author":[{"embeddable":true,"href":"https:\/\/portfolio.uqac.ca\/rubensdasilva\/wp-json\/wp\/v2\/users\/147"}],"replies":[{"embeddable":true,"href":"https:\/\/portfolio.uqac.ca\/rubensdasilva\/wp-json\/wp\/v2\/comments?post=205"}],"version-history":[{"count":1,"href":"https:\/\/portfolio.uqac.ca\/rubensdasilva\/wp-json\/wp\/v2\/pages\/205\/revisions"}],"predecessor-version":[{"id":206,"href":"https:\/\/portfolio.uqac.ca\/rubensdasilva\/wp-json\/wp\/v2\/pages\/205\/revisions\/206"}],"wp:attachment":[{"href":"https:\/\/portfolio.uqac.ca\/rubensdasilva\/wp-json\/wp\/v2\/media?parent=205"}],"wp:term":[{"taxonomy":"post_tag","embeddable":true,"href":"https:\/\/portfolio.uqac.ca\/rubensdasilva\/wp-json\/wp\/v2\/tags?post=205"}],"curies":[{"name":"wp","href":"https:\/\/api.w.org\/{rel}","templated":true}]}}