{"id":25,"date":"2017-08-30T10:45:16","date_gmt":"2017-08-30T14:45:16","guid":{"rendered":"http:\/\/portfolio-pre.uqac.ca\/gabarit\/?page_id=25"},"modified":"2019-06-27T08:46:34","modified_gmt":"2019-06-27T12:46:34","slug":"communications","status":"publish","type":"page","link":"https:\/\/portfolio.uqac.ca\/rubensdasilva\/communications\/","title":{"rendered":"Communications"},"content":{"rendered":"<h2>5 derni\u00e8res ann\u00e9es<\/h2>\n<p>&nbsp;<\/p>\n<p>1. Trudeau A, Violette M, Methe J, Racine C, Gervais A, Ngmo S, Beaulieu LD, da Silva RA. l&#8217;Effet imm\u00e9diat de deux m\u00e9thodes de stabilisation lombaire sur les mesures du contr\u00f4le postural chez des individus sains et avec maux de dos.. In: Symposium 2018 de l&#8217;Association Qu\u00e9b\u00e9coise de Physioth\u00e9rapie Manuelle Orthop\u00e9dique (AQPMO), 2018, Montr\u00e9al. AQPMO. Montr\u00e9al, 2018. v. 1. p. 1.<\/p>\n<p>2. Gervais A, Violette M, Racine C, Methe J, Trudeau A, da Silva RA. Effets imm\u00e9diats de deux m\u00e9thodes de stabilisation lombaire sur les mesures de contr\u00f4le postural chez des individus sains et avec lombalgie : pr\u00e9sentation d\u2019un protocole de recherche. In: 86e Congr\u00e8s de l&#8217;ACFAS, 2018, Saguenay. ACFAS. Qu\u00e9bec, 2018. v. 1. p. 1.<\/p>\n<p>3. Da Silva RA, Oliveira MR, Gil AW, Vieira ER, Fernandes KB, Teixeira D. Contr\u00f4le postural chez les personnes \u00e2g\u00e9es avec et sans r\u00e9currences de chutes lors des 12 derniers mois : une \u00e9tude pour d\u00e9terminer le seuil de mesure pour la pr\u00e9vention de chutes. In: 86e Congr\u00e8s de l&#8217;ACFAS, 2018, Saguenay. ACFAS. Quebec, 2018. v. 1. p. 1.<\/p>\n<p>4. Andrade WB, Jacinto JL, Sena BNS, Rodrigues APS, Oliveira DB, da Silva RA, Aguiar AF. Efeito da suplementa\u00e7ao de L-Arginina sobre indice dor muscular durante a recupera\u00e7ao do exerc\u00edcio resistido. In: VII Congressio Brasileiro de Metabolismo, Nutri\u00e7ao e Exerc\u00edcio, 2018, Londrina. COBRAMENE &#8211; UEL. Londrina: UEL, 2018. v. 1. p. 1.<\/p>\n<p>5. Jacinto JL, Roveratti MC, Sena BNS, Silva DK, Andrade WB, da Silva RA, Aguiar AF. Efeito da suplementa\u00e7ao de Leucina sobre marcadores eletromiogr\u00e1ficos de fadiga muscular durante a recupera\u00e7ao do exerc\u00edcio resistido. In: VII Congressio Brasileiro de Metabolismo, Nutri\u00e7ao e Exerc\u00edcio, 2018, Londrina. COBRAMENE &#8211; UEL. Londrina: UEL, 2018. v. 1. p. 1.<\/p>\n<p>6. Sturion LA, de Oliveira MR, Shirabe N, Nowotny AH, Carvalho AF, Souza PEA, Cadide DM, DA Silva Rubens A. Osteopathic manipulative tratment effects on clinical symptoms and postural balance in patients with crhonic low back pain: A randomized crossover trial. In: VI Congresso Internacional de Osteopatia &#8211; CIOST, 2017, Campinas. CIOST. Campinas: CIOST, 2017. v. 1. p. 1.<\/p>\n<p>7. Carvalho, A.F.; da Silva, R.A. et al. Development of a directional intervention protocol based- evidence for individuals with chronic low back pain. Neuroscience Meeting, Session 440,<br \/>\n#13639, 2016, San Diego USA.<\/p>\n<p>8. da Silva, R.A. et al. Neuromuscular pattern of trunk during oneleg balance stance in individuals with and without chronic low back pain. Neuroscience Meeting, Session 440, #E.06, 2016 San Diego USA.<\/p>\n<p>9. Vieira, Edgar R.; Nowotny, Alexandre H; Cabrera, M; Altimari Leandro R; Aguiar, A. F; Carvalho, A. F.; Oliveira, M. R.; da Silva, Rubens A. A case-control study of back muscle fatigue in younger and older adults with and without chronic low back pain.. In: PREMUS &#8211; 9th International Scientific Conference on the Prevention of Work-Related Musculoskeletal Disorders, 2016, Toronto. PREMUS, 2016. v. 1. p. 1.<\/p>\n<p>10. Nowotny, A.H.; Vieira, E. R.; Cabrera, M; Altimari, L.R.; Aguiar, A.F.; Carvalho, A.F.; Oliveira, M. R.; da Silva, R.A. Older and young adults with chronic low back pain present increased back muscle fatigue. In: XXI ISEK Congress, 2016, Chicago. ISEK proceeding, 2016. v. 1. p. 1.<\/p>\n<p>11. Carvalho, C. E.; da Silva, Rubens A.; Gi, A.W.; Oliveira, M.R.; Nascimento, J. A.; Pires- Oliveira, D.A.A. Rela\u00e7\u00e3o entre medidas posturais do p\u00e9 e os par\u00e2metros da plataforma de for\u00e7a durante duas condi\u00e7\u00f5es de equil\u00edbrio em jovens e idosos.. In: XIII Semin\u00e1rio international de atividade f\u00edsica para a terceira idade, 2016, Londrina. SIAFIT UEL. Londrina: UEL, 2016. v. 21. p. 13.<\/p>\n<p>12. Oliveira, M. R.; Stuiron, L.A.; Carvalho A.F.; Nowotny, A. H.; Carvalho, C.E.; Souza, P.E.A.; da Silva, Rubens A. An\u00e1lise das m\u00e9dias da avalia\u00e7\u00e3o do controle postural em diferentes tarefas de equil\u00edbrio em mulheres idosas.. In: XIII Semin\u00e1rio internacional de atividade f\u00edsica para terceira idade., 2016, Londrina. SIAFIT-UEL. Londrina: UEL, 2016. v. 69. p. 17.<\/p>\n<p>13. Sturion, L. A.; da Silva, Rubens A.; Vieira, E.R.; Leonard, G.; Oliveira, M. R.; Nowotny, A.H.; Carvalho, A. F. Chronic low back pain chnages the trunk neuromuscular activity of both younger and older adults during the performance of one0legged stance balance task. In: XIII Semin\u00e1rio internacional de atividade f\u00edsica para terceira idade., 2016, Londrina. SIAFIT-UEL. Londrina: UEL, 2016. v. 61. p. 16.<\/p>\n<p>14. Pereira, C; Oliveira, M. R.; Neves-Souza, R. D.; Januario, R. B.; da Silva, Rubens A. Efeito do \u00edndice de massa corporal e da massa gorda no equil\u00edbrio unipodal em idosos. In: XIII Semin\u00e1rio internacional de atividade f\u00edsica para terceira idade., 2016, Londrina. SIAFIT-UEL. Londrina: UEL, 2016. v. 20. p. 12.<\/p>\n<p>15. Shigalki, L. ; Alves, A. C. G.; Calderon, M. G.; Costa, L. O.; Aguiar, A.; da Silva, R.A. The effect of training volume based on set exercises of lumbar extensor muscles. Brief proceeding SONAFE Congress, p. e2, 2015. Florianopolis, SC, Brazil.<\/p>\n<p>16. Oliveira, M. R.; Albuquerque, P. E.; Primo, S. H.; Carvalho, E.C.; Stella, R. S.; da Silva, R. A. Postural control responses during one-leg stance balance tasks can be dependent of sports modality?.Brief proceeding SONAFE Congress p. e3, 2015. Florianopolis, SC, Brazil.<\/p>\n<p>17. Alves, C. G.; Shirabe, N.; Sshigaki, L.; Guerino, C. M.; Pereira, C; da Silva, R. A. Lower-limb muscle activation during five sensory-motor exercises in women with patellofemoral pain syndrome.Brief proceeding SONAFE Congress p. e4-e5, 2015. Florianopolis, SC, Brazil.<\/p>\n<p>18. Oliveira, M. R. ; Dascal, J. B.; Da Silva, Rubens; Teixeira, D.C. Effect of different types of exercise on postural control in elderly women: a randomiized controlled trial &#8211; Part 2. In: ACTIVE HEALTH AGING &#8211; SPORTS SCIENCE AND NEUROSCIENCE INTERNATIONAL CONFERENCE, 2015, Magdeburg. Book of absctracts AHA 2015. v. 1. p. 11.<\/p>\n<p>19. Da Silva, R.A., Carvalho, E.; Gil, A.W.; Oliveira, M.R.; Nascimento, J.; Pires-Oliveira, D. Relationship between foot posture measures and force platform parameters during two balance tasks in older and young subjects. Neuroscience, DD12. P50, Weashington DC, 2014.<\/p>\n<p>20. Sturion, L. A.; LOPES, L. D.; De Oliveira, Marcio R.; Costa, T. K. C.; Calderon, M.G.; Guerino Macedo, Chritiane; Da Silva, Rubens. Assessement of centre of pressure measures on one-leg stance task in subjects with low back pain.. In: Neuroscience 2014, 2014, Washington, DC.. Scientific Session Listening, Society for Neuroscience. Washington, DC. USA.: Society for Neuroscience, 2014. v. DD30. p. 49-49.<\/p>\n<p>21. Santos, E. R.; Lopes, L. D.; Pires, F. B.; Sturion, L. A.; De Oliveira, Marcio; Amorim, C\u00e9sar F.; Fernandes, K. B.; Da Silva, Rubens. Effect of a sustained load on trunk during postural control measures in healthy subjects.. In: Neuroscience 2014, 2014, Washington, DC.. Scientific Session Listening, Society for Neuroscience. Washington, DC. USA.: Society for Neuroscience, 2014. v. DD31. p. 49-49.<\/p>\n<p>22. De Oliveira, Marcio; Da Silva, Rubens; Souza, C.; Guarido, M. A; Dascal, J. B.; Teixeira, D.C. Management of different types of exercise for postural control in elderly: A randomized controlled trial. In: Neuroscience 2014, 2014, Washington, DC.. Scientific Session Listening, Society for Neuroscience. Washington, DC. USA.: Society for Neuroscience, 2014. v. EE11. p. 50-50.<\/p>\n","protected":false},"excerpt":{"rendered":"<p>5 derni\u00e8res ann\u00e9es &nbsp; 1. Trudeau A, Violette M, Methe J, Racine C, Gervais A, Ngmo S, Beaulieu LD, da Silva RA. l&#8217;Effet imm\u00e9diat de deux m\u00e9thodes de stabilisation lombaire sur les mesures du contr\u00f4le postural chez des individus sains et avec maux de dos.. In: Symposium 2018 de l&#8217;Association Qu\u00e9b\u00e9coise de Physioth\u00e9rapie Manuelle Orthop\u00e9dique &hellip; <a href=\"https:\/\/portfolio.uqac.ca\/rubensdasilva\/communications\/\" class=\"more-link\">Continuer la lecture de <span class=\"screen-reader-text\">Communications<\/span>  <span class=\"meta-nav\">&rarr;<\/span><\/a><\/p>\n","protected":false},"author":89,"featured_media":0,"parent":0,"menu_order":0,"comment_status":"closed","ping_status":"closed","template":"","meta":{"footnotes":""},"tags":[],"_links":{"self":[{"href":"https:\/\/portfolio.uqac.ca\/rubensdasilva\/wp-json\/wp\/v2\/pages\/25"}],"collection":[{"href":"https:\/\/portfolio.uqac.ca\/rubensdasilva\/wp-json\/wp\/v2\/pages"}],"about":[{"href":"https:\/\/portfolio.uqac.ca\/rubensdasilva\/wp-json\/wp\/v2\/types\/page"}],"author":[{"embeddable":true,"href":"https:\/\/portfolio.uqac.ca\/rubensdasilva\/wp-json\/wp\/v2\/users\/89"}],"replies":[{"embeddable":true,"href":"https:\/\/portfolio.uqac.ca\/rubensdasilva\/wp-json\/wp\/v2\/comments?post=25"}],"version-history":[{"count":9,"href":"https:\/\/portfolio.uqac.ca\/rubensdasilva\/wp-json\/wp\/v2\/pages\/25\/revisions"}],"predecessor-version":[{"id":214,"href":"https:\/\/portfolio.uqac.ca\/rubensdasilva\/wp-json\/wp\/v2\/pages\/25\/revisions\/214"}],"wp:attachment":[{"href":"https:\/\/portfolio.uqac.ca\/rubensdasilva\/wp-json\/wp\/v2\/media?parent=25"}],"wp:term":[{"taxonomy":"post_tag","embeddable":true,"href":"https:\/\/portfolio.uqac.ca\/rubensdasilva\/wp-json\/wp\/v2\/tags?post=25"}],"curies":[{"name":"wp","href":"https:\/\/api.w.org\/{rel}","templated":true}]}}