{"id":27,"date":"2017-08-30T10:45:16","date_gmt":"2017-08-30T14:45:16","guid":{"rendered":"http:\/\/portfolio-pre.uqac.ca\/gabarit\/?page_id=27"},"modified":"2019-05-30T15:33:39","modified_gmt":"2019-05-30T19:33:39","slug":"curriculum-vitae","status":"publish","type":"page","link":"https:\/\/portfolio.uqac.ca\/rubensdasilva\/curriculum-vitae\/","title":{"rendered":"Curriculum vitae"},"content":{"rendered":"<h2><strong>Dipl\u00f4mes<\/strong><\/h2>\n<p>Postdoctorat en physioth\u00e9rapie &#8211; Florida International University (2016)<\/p>\n<p>Postdoctorat Fellowship Stage en physioth\u00e9rapie &#8211; Elisabeth Bruy\u00e8re Hospital (2008)<\/p>\n<p>Doctorat en Sciences biom\u00e9dicales, R\u00e9adaptation &#8211; Universit\u00e9 de Montr\u00e9al (2008)<\/p>\n<p>Da Silva, R. A. (2008).\u00a0<a href=\"https:\/\/hdl.handle.net\/1866\/6694\">\u00ab \u00c9valuation de la sp\u00e9cificit\u00e9 de diff\u00e9rents exercices d&#8217;endurance des muscles spinaux \u00bb<\/a>\u00a0 Th\u00e8se. Montr\u00e9al (Qu\u00e9bec, Canada), Universit\u00e9 de Montr\u00e9al, Doctorat en Sciences biom\u00e9dicales (R\u00e9adaptation)<\/p>\n<p>Ma\u00eetrise en Sciences biom\u00e9dicales, R\u00e9adaptation &#8211; Universit\u00e9 de Montr\u00e9al (2003)<\/p>\n<p>Da Silva, R. A. (2003).\u00a0<a href=\"https:\/\/hdl.handle.net\/1866\/14479\">\u00ab \u00c9valuation de la force et de l&#8217;endurance des muscles du dos chez les sujets sains et lombalgiques : \u00e9tude comparative de diff\u00e9rents tests \u00bb<\/a>\u00a0 M\u00e9moire. Montr\u00e9al (Qu\u00e9bec, Canada), Universit\u00e9 de Montr\u00e9al, Ma\u00eetrise en Sciences biom\u00e9dicales (R\u00e9adaptation)<\/p>\n<h2><strong>Distinctions et bourses<br \/>\n<\/strong><\/h2>\n<p>Nomm\u00e9 \u00e9diteur associ\u00e9 du Journal Physical &amp; Occupational Therapy in Geriatrics (2019)<\/p>\n<p>Recommandation du D\u00e9canat des \u00e9tudes sup\u00e9rieurs \u00e0 titre de directeur de la Clinique Universitaire de physioth\u00e9rapie (CUpht).\u00a0 Universit\u00e9 du Qu\u00e9bec \u00e0 Chicoutimi (2018)<\/p>\n<p>Motion de f\u00e9licitations du D\u00e9partement de sciences de la sant\u00e9 (DSS) &#8211; r\u00e9solution 896 -pour l&#8217;implication comme professeur et chercheur au DSS.\u00a0 Universit\u00e9 du Qu\u00e9bec \u00e0 Chicoutimi (2018)<\/p>\n<p>Demande d\u2019aide \u00e0 la mobilit\u00e9 d\u2019enseignants, d\u2019enseignants-chercheurs et de chercheurs internationaux de haut niveau. (2018)<\/p>\n<p>Prix de la pr\u00e9sentation Coup de coeur. l&#8217;Association Qu\u00e9b\u00e9coise de Physioth\u00e9rapie Manuelle Orthop\u00e9dique (AQPMO) (2018)<\/p>\n<p>Global Affairs Canada Scholarship Recipient &#8211; Emerging Leaders in the Americas Program (2017)<\/p>\n<p>Chercheur boursier &#8211; niveau 2 &#8211; CNPq &#8211; Brazil (2017)<\/p>\n<p>Financial Support for postdoctoral senior fellow in USA &#8211; (2016)<\/p>\n<p>Grants for research Project &#8211; CNPq &#8211; Brazil (2016)<\/p>\n<p>ppel \u00e0 projets Qu\u00e9bec-Br\u00e9sil 2015-2017 &#8211; Ministre des Relations internationales et de la Francophonie (2015)<\/p>\n<h2><strong>Affiliations professionnelles<\/strong><\/h2>\n<p>Membre physioth\u00e9rapeute r\u00e9gulier &#8211; P17269, Ordre professionnel\u00a0 de la physioth\u00e9rapie du Qu\u00e9bec. (2017-)<\/p>\n<p>Membre chercheur r\u00e9gulier, REPAR (2017- )<\/p>\n<p>Membre r\u00e9gulier, l\u2019Association br\u00e9silienne de recherche et d\u2019\u00e9tudes post-gradu\u00e9es en physioth\u00e9rapie (ABRAPG-FT) (2010- )<\/p>\n<p>Member to College of Physiotherapist of Parana, CREFITO-8: Ordre professionnel de la physioth\u00e9rapie du Parana (Brazil). (2009- )<\/p>\n<p>Membre chercheur (#ID: 100050351), Societ\u00e9 de Neuroscience (2008- )<\/p>\n<p>Directeur de la clinique Universitaire de physioth\u00e9rapie de l&#8217;UQAC (CUpht), Universit\u00e9 du Qu\u00e9bec \u00e0 Chicoutimi (2018- )<\/p>\n<h2><strong>Activit\u00e9s<\/strong><\/h2>\n<p>Activit\u00e9 1.<\/p>\n<p>Activit\u00e9 2.<\/p>\n<p>Activit\u00e9\u00a03.<\/p>\n","protected":false},"excerpt":{"rendered":"<p>Dipl\u00f4mes Postdoctorat en physioth\u00e9rapie &#8211; Florida International University (2016) Postdoctorat Fellowship Stage en physioth\u00e9rapie &#8211; Elisabeth Bruy\u00e8re Hospital (2008) Doctorat en Sciences biom\u00e9dicales, R\u00e9adaptation &#8211; Universit\u00e9 de Montr\u00e9al (2008) Da Silva, R. A. (2008).\u00a0\u00ab \u00c9valuation de la sp\u00e9cificit\u00e9 de diff\u00e9rents exercices d&#8217;endurance des muscles spinaux \u00bb\u00a0 Th\u00e8se. Montr\u00e9al (Qu\u00e9bec, Canada), Universit\u00e9 de Montr\u00e9al, Doctorat en &hellip; <a href=\"https:\/\/portfolio.uqac.ca\/rubensdasilva\/curriculum-vitae\/\" class=\"more-link\">Continuer la lecture de <span class=\"screen-reader-text\">Curriculum vitae<\/span>  <span class=\"meta-nav\">&rarr;<\/span><\/a><\/p>\n","protected":false},"author":89,"featured_media":0,"parent":0,"menu_order":0,"comment_status":"closed","ping_status":"closed","template":"","meta":{"footnotes":""},"tags":[],"_links":{"self":[{"href":"https:\/\/portfolio.uqac.ca\/rubensdasilva\/wp-json\/wp\/v2\/pages\/27"}],"collection":[{"href":"https:\/\/portfolio.uqac.ca\/rubensdasilva\/wp-json\/wp\/v2\/pages"}],"about":[{"href":"https:\/\/portfolio.uqac.ca\/rubensdasilva\/wp-json\/wp\/v2\/types\/page"}],"author":[{"embeddable":true,"href":"https:\/\/portfolio.uqac.ca\/rubensdasilva\/wp-json\/wp\/v2\/users\/89"}],"replies":[{"embeddable":true,"href":"https:\/\/portfolio.uqac.ca\/rubensdasilva\/wp-json\/wp\/v2\/comments?post=27"}],"version-history":[{"count":10,"href":"https:\/\/portfolio.uqac.ca\/rubensdasilva\/wp-json\/wp\/v2\/pages\/27\/revisions"}],"predecessor-version":[{"id":148,"href":"https:\/\/portfolio.uqac.ca\/rubensdasilva\/wp-json\/wp\/v2\/pages\/27\/revisions\/148"}],"wp:attachment":[{"href":"https:\/\/portfolio.uqac.ca\/rubensdasilva\/wp-json\/wp\/v2\/media?parent=27"}],"wp:term":[{"taxonomy":"post_tag","embeddable":true,"href":"https:\/\/portfolio.uqac.ca\/rubensdasilva\/wp-json\/wp\/v2\/tags?post=27"}],"curies":[{"name":"wp","href":"https:\/\/api.w.org\/{rel}","templated":true}]}}