{"id":4,"date":"2017-08-30T10:45:16","date_gmt":"2017-08-30T14:45:16","guid":{"rendered":"http:\/\/portfolio-pre.uqac.ca\/gabarit\/?page_id=4"},"modified":"2026-01-20T13:36:38","modified_gmt":"2026-01-20T18:36:38","slug":"presentatio","status":"publish","type":"page","link":"https:\/\/portfolio.uqac.ca\/rubensdasilva\/","title":{"rendered":"Pr\u00e9sentation"},"content":{"rendered":"<p>Professeur au d\u00e9partement des Sciences de la Sant\u00e9, Unit\u00e9 d\u2019enseignement en physioth\u00e9rapie<\/p>\n<p>Directeur &amp; professeur titulaire- <a href=\"https:\/\/programmes.uqac.ca\/personnel_module.html?codeModule=S.4\">Unit\u00e9 d&#8217;enseignement en physioth\u00e9rapie<\/a><br \/>\nChercheur r\u00e9gulier &#8211; <a href=\"https:\/\/www.uqac.ca\/santedurable\/membres\/membres-reguliers\/\">Centre intersectoriel en sant\u00e9 durable<\/a><br \/>\nChercheur r\u00e9gulier &#8211; <a href=\"https:\/\/recherche.uqac.ca\/labbionr\/a-propos\/mission\/\">Lab BioNR<\/a><br \/>\nChercheur r\u00e9gulier &#8211; <a href=\"https:\/\/santesaglac.gouv.qc.ca\/rubens-a-da-silva-pht-ph-d\/\">CIUSSS Saguenay-Lac-St-Jean<\/a><\/p>\n<p>Je suis physioth\u00e9rapeute depuis 2000 (Universit\u00e9 Tuiuti \u2013 Br\u00e9sil). Je suis \u00e9galement titulaire d&#8217;une ma\u00eetrise (2003) et d\u2019un doctorat (2008) en Sciences biom\u00e9dicales, option r\u00e9adaptation, de l\u2019Universit\u00e9 de Montr\u00e9al. Une bourse de formation de l\u2019Institut de recherche Robert-Sauv\u00e9 en sant\u00e9 et s\u00e9curit\u00e9 du travail m\u2019a \u00e9t\u00e9 octroy\u00e9e lors de mes \u00e9tudes post-gradu\u00e9es. J\u2019ai eu la chance de r\u00e9aliser un stage postdoctoral \u00e0 l\u2019Institut de recherche \u00c9lisabeth Bruy\u00e8re en 2008. Une bourse de formation postdoctorale m\u2019a \u00e9t\u00e9 octroy\u00e9e par cet Institut. En 2009, je me suis \u00e9tabli au Br\u00e9sil comme professeur-chercheur \u00e0 l\u2019Universit\u00e9 UNOPAR et UEL \u00e0 Londrina. J\u2019\u00e9tais membre d\u2019une \u00e9quipe de chercheurs qui ont mis sur pied un programme de ma\u00eetrise et de doctorat en sciences de la r\u00e9adaptation (approuv\u00e9 par le CAPES). J\u2019ai \u00e9t\u00e9 directeur de ce programme entre 2015 et 2017. De plus, j\u2019ai \u00e9t\u00e9 directeur du laboratoire de recherche LAFUP-UNOPAR entre 2009 et 2017. Gr\u00e2ce \u00e0 ce programme d\u2019\u00e9tudes, j\u2019ai eu la chance d\u2019encadrer plusieurs \u00e9tudiants de 2e et 3e cycles dans le domaine de la r\u00e9adaptation. Je continue \u00e0 collaborer avec eux comme professeur Associ\u00e9. En 2016-2017, j\u2019ai obtenu le statut de chercheur boursier du CNPq gr\u00e2ce \u00e0 mon excellent travail comme chercheur autonome. Ma programmation de recherche est ax\u00e9e sur la sant\u00e9 des personnes \u00e2g\u00e9es avec et sans trouble neuro-musculo-squelettique. Je suis devenu un expert sur les m\u00e9thodes d\u2019\u00e9valuation et d\u2019intervention de l\u2019\u00e9quilibre postural, avec un impact sur la capacit\u00e9 fonctionnelle des personnes \u00e2g\u00e9es et la pr\u00e9vention de chutes. En 2016, j\u2019ai eu la chance de r\u00e9aliser un stage senior postdoctoral \u00e0 la Floride International University (FIU, Miami, USA) financ\u00e9 par la CAPES sur la th\u00e9matique vieillissement et pr\u00e9vention de chutes. Depuis 2017, je suis professeur titulaire au programme de physioth\u00e9rapie de l\u2019UQAC, et l\u2019actuel directeur de l\u2019Unit\u00e9 d\u2019enseignement en Physioth\u00e9rapie (depuis f\u00e9vrier 2021). J\u2019\u00e9tais le directeur de la Clinique Universitaire de physioth\u00e9rapie entre 2018-2021, et je suis \u00e9galement professeur associ\u00e9 du programme de physioth\u00e9rapie de l\u2019Universit\u00e9 McGill. Depuis 2022, je suis professeur associ\u00e9 de l\u2019Universit\u00e9 UniEVANG\u00c9LICA au Br\u00e9sil. Je suis chercheur r\u00e9gulier du Centre intersectoriel en sant\u00e9 durable \u2013 CISD, et chercheur r\u00e9gulier du Lab BioNR \u2013 UQAC ainsi que je chercheur r\u00e9gulier du CIUSSS-SLSJ. Au cours de ma carri\u00e8re acad\u00e9mique, j\u2019ai un actif pr\u00e8s de 150 publications scientifiques dans des revues par les pairs et index\u00e9es et plus de 100 communications scientifiques (avec un facteur H-index variant de 21 \u00e0 32 selon chaque base). Je suis \u00e9galement membre chercheur r\u00e9gulier du REPAR, co-responsable d\u2019un des regroupements th\u00e9matiques du R\u00e9seau Qu\u00e9b\u00e9cois de recherche sur le Vieillissement (RQRV) ainsi que l\u2019\u00e9diteur associ\u00e9 du Journal Physical &amp; Occupational Therapy in Geriatrics (Taylor &amp; Francis).<\/p>\n<h2>Champs d&#8217;int\u00e9r\u00eat<\/h2>\n<ul>\n<li>Vieillissement<\/li>\n<li>Lombalgies<\/li>\n<li>Contr\u00f4le postural<\/li>\n<li>Troubles neuro-musculo-squelettiques<\/li>\n<li>Chutes<\/li>\n<\/ul>\n","protected":false},"excerpt":{"rendered":"<p>Professeur au d\u00e9partement des Sciences de la Sant\u00e9, Unit\u00e9 d\u2019enseignement en physioth\u00e9rapie Directeur &amp; professeur titulaire- Unit\u00e9 d&#8217;enseignement en physioth\u00e9rapie Chercheur r\u00e9gulier &#8211; Centre intersectoriel en sant\u00e9 durable Chercheur r\u00e9gulier &#8211; Lab BioNR Chercheur r\u00e9gulier &#8211; CIUSSS Saguenay-Lac-St-Jean Je suis physioth\u00e9rapeute depuis 2000 (Universit\u00e9 Tuiuti \u2013 Br\u00e9sil). Je suis \u00e9galement titulaire d&#8217;une ma\u00eetrise (2003) et &hellip; <a href=\"https:\/\/portfolio.uqac.ca\/rubensdasilva\/\" class=\"more-link\">Continuer la lecture de <span class=\"screen-reader-text\">Pr\u00e9sentation<\/span>  <span class=\"meta-nav\">&rarr;<\/span><\/a><\/p>\n","protected":false},"author":89,"featured_media":0,"parent":0,"menu_order":0,"comment_status":"closed","ping_status":"closed","template":"","meta":{"footnotes":""},"tags":[],"_links":{"self":[{"href":"https:\/\/portfolio.uqac.ca\/rubensdasilva\/wp-json\/wp\/v2\/pages\/4"}],"collection":[{"href":"https:\/\/portfolio.uqac.ca\/rubensdasilva\/wp-json\/wp\/v2\/pages"}],"about":[{"href":"https:\/\/portfolio.uqac.ca\/rubensdasilva\/wp-json\/wp\/v2\/types\/page"}],"author":[{"embeddable":true,"href":"https:\/\/portfolio.uqac.ca\/rubensdasilva\/wp-json\/wp\/v2\/users\/89"}],"replies":[{"embeddable":true,"href":"https:\/\/portfolio.uqac.ca\/rubensdasilva\/wp-json\/wp\/v2\/comments?post=4"}],"version-history":[{"count":25,"href":"https:\/\/portfolio.uqac.ca\/rubensdasilva\/wp-json\/wp\/v2\/pages\/4\/revisions"}],"predecessor-version":[{"id":263,"href":"https:\/\/portfolio.uqac.ca\/rubensdasilva\/wp-json\/wp\/v2\/pages\/4\/revisions\/263"}],"wp:attachment":[{"href":"https:\/\/portfolio.uqac.ca\/rubensdasilva\/wp-json\/wp\/v2\/media?parent=4"}],"wp:term":[{"taxonomy":"post_tag","embeddable":true,"href":"https:\/\/portfolio.uqac.ca\/rubensdasilva\/wp-json\/wp\/v2\/tags?post=4"}],"curies":[{"name":"wp","href":"https:\/\/api.w.org\/{rel}","templated":true}]}}