{"id":46,"date":"2017-08-30T10:45:16","date_gmt":"2017-08-30T14:45:16","guid":{"rendered":"http:\/\/portfolio-pre.uqac.ca\/gabarit\/?page_id=46"},"modified":"2019-06-27T08:56:38","modified_gmt":"2019-06-27T12:56:38","slug":"recherche","status":"publish","type":"page","link":"https:\/\/portfolio.uqac.ca\/rubensdasilva\/recherche\/","title":{"rendered":"Recherche"},"content":{"rendered":"<p>2019\/05 &#8211; 2021\/05 : Co-chercheur<br \/>\nBourse de recherche FRQS &#8211; Concours 2019\/2020.<br \/>\nImpact d\u2019un entrainement des capacit\u00e9s fonctionnelles sur l\u2019autonomie des personnes \u00e2g\u00e9es et le transfert sur la conduite automobile.<br \/>\nSource de financement : Fonds de recherche du Qu\u00e9bec &#8211; Sant\u00e9 (FRQS)<\/p>\n<p>2019\/05 &#8211; 2021-05 : Chercheur principal<br \/>\nUniversal CNPq &#8211; Faixa B. Titre du projet: Effects of functional training in circuit on clinical and physical outcomes in sedentary and physically independent elderly adults<br \/>\nSource de financement : Conselho Nacional de Desenvolvimento Cient\u00edfico e Tecnol\u00f3gico (CNPq) (Brazil) &#8211; Universal 2018 &#8211; Faixa B<\/p>\n<p>2018\/10 \u2013 2020\/10 : Co-chercheur<br \/>\nInternational, Randomized and Multicentre Efficacy Study of Personalized Rehabilitation Interventions on Physical and Quality of Life Outcomes for Patients with Cancer Before, During and After Chemotherapy<br \/>\nSource de financement :\u00a0 Fondation de l&#8217;Universit\u00e9 du Qu\u00e9bec \u00e0 Chicoutimi (FUQAC)<\/p>\n<p>2016\/03 &#8211; 2020\/12 : Co-demandeur<br \/>\nUniversal CNPq &#8211; Faixa A Projet de recherche: L&#8217;effet de l\u2019ob\u00e9sit\u00e9 infantile sur les mesures de l&#8217;\u00e9quilibre postural et de capacit\u00e9 physique.<br \/>\nSource de financement : Conselho Nacional de Desenvolvimento Cient\u00edfico e Tecnol\u00f3gico (CNPq) (Brazil) &#8211; Universal 2016<\/p>\n<p>2019\/06 &#8211; 2020\/06 : Co-chercheur<br \/>\nProgramme de d\u00e9veloppement et de soutien \u00e0 la recherche et \u00e0 la cr\u00e9ation (PSDrc) \u2013 Volet A.<br \/>\nSource de financement : Fonds Institutionnel de Recherche \u00c0 l&#8217;Universit\u00e9 du Qu\u00e9bec \u00c0 Chicoutimi<\/p>\n<p>2019\/06 &#8211; 2020\/06 : Co-chercheur<br \/>\nProgramme de d\u00e9veloppement et de soutien \u00e0 la recherche et \u00e0 la cr\u00e9ation (PSDrc) \u2013 Volet A.<br \/>\nFonds Institutionnel de Recherche \u00c0 l&#8217;Universit\u00e9 du Qu\u00e9bec \u00c0<br \/>\nChicoutimi &#8211; PSDrc &#8211; Volet A 2019-2020<\/p>\n<p>2017\/6 \u2013 2020\/5 : Co-chercheur<br \/>\nEvaluation of muscle tone through electromyography of preterm newborns with bronchopulmonary dysplasia.<br \/>\nSource de financement : Conselho Nacional de Desenvolvimento Cient\u00edfico e Tecnol\u00f3gico (CNPq) (Brazil)<\/p>\n<p>2016\/1 \u2013 2020\/1 : Co-chercheur<br \/>\nDoen\u00e7as inflamatorias &#8211; desenvolvimento de farmacos &#8211; fisiopatologia e tratamento -multinflama<br \/>\nSource de financement : Financiadora de Estudos e Projetos (FINEP)<br \/>\nFINEP &#8211; UEL &#8211; Br\u00e9sil<\/p>\n<p>2019\/4 \u2013 2019\/12 : Co-chercheur<br \/>\nSubvention de recherche &#8211; programme projet de recherche en milieu clinique de l\u2019OPPQ<br \/>\nSource de financement : Ordre professionnel de la physioth\u00e9rapie du Qu\u00e9bec (OPPQ)<\/p>\n<p>2019\/4 \u2013 2019\/12 : Chercheur principal<br \/>\nBourse d\u2019\u00e9tudes de ma\u00eetrise de type recherche &#8211; l\u2019Ordre professionnel de la physioth\u00e9rapie du Qu\u00e9bec.<br \/>\nSource de financement :\u00a0Ordre professionnel de la physioth\u00e9rapie du Qu\u00e9bec (OPPQ)<\/p>\n<p>2016\/3 &#8211; 2019\/12 : Co-demandeur<br \/>\nL&#8217;effet de l\u2019ob\u00e9sit\u00e9 infantile sur les mesures de l&#8217;\u00e9quilibre postural et de capacit\u00e9 physique.<br \/>\nSource de financement : CNPq Universal 2016<\/p>\n<p>2018\/11 &#8211; 2019\/11 : Co-chercheur<br \/>\nSyst\u00e8me int\u00e9gr\u00e9 de neurostimulation p\u00e9riph\u00e9rique utilisant des capteurs et effecteurs pour \u00e9valuer le contr\u00f4le postural : d\u00e9veloppement technologique, validation exp\u00e9rimentale et perspectives pour la pr\u00e9vention des chutes<br \/>\nSource de financement : Centre intersectoriel en sant\u00e9 durable de l\u2019UQAC<\/p>\n<p>2019\/5 &#8211; 2019\/9 : Chercheur principal<br \/>\nEffets imm\u00e9diats de deux m\u00e9thodes de stabilisation lombaire sur les mesures de contr\u00f4le postural chez des individus sains et avec maux de dos<br \/>\nSource de financement : Programme MITACS &#8211; Stages de recherche Globalink<\/p>\n","protected":false},"excerpt":{"rendered":"<p>2019\/05 &#8211; 2021\/05 : Co-chercheur Bourse de recherche FRQS &#8211; Concours 2019\/2020. Impact d\u2019un entrainement des capacit\u00e9s fonctionnelles sur l\u2019autonomie des personnes \u00e2g\u00e9es et le transfert sur la conduite automobile. Source de financement : Fonds de recherche du Qu\u00e9bec &#8211; Sant\u00e9 (FRQS) 2019\/05 &#8211; 2021-05 : Chercheur principal Universal CNPq &#8211; Faixa B. Titre du &hellip; <a href=\"https:\/\/portfolio.uqac.ca\/rubensdasilva\/recherche\/\" class=\"more-link\">Continuer la lecture de <span class=\"screen-reader-text\">Recherche<\/span>  <span class=\"meta-nav\">&rarr;<\/span><\/a><\/p>\n","protected":false},"author":89,"featured_media":0,"parent":0,"menu_order":0,"comment_status":"closed","ping_status":"closed","template":"","meta":{"footnotes":""},"tags":[],"_links":{"self":[{"href":"https:\/\/portfolio.uqac.ca\/rubensdasilva\/wp-json\/wp\/v2\/pages\/46"}],"collection":[{"href":"https:\/\/portfolio.uqac.ca\/rubensdasilva\/wp-json\/wp\/v2\/pages"}],"about":[{"href":"https:\/\/portfolio.uqac.ca\/rubensdasilva\/wp-json\/wp\/v2\/types\/page"}],"author":[{"embeddable":true,"href":"https:\/\/portfolio.uqac.ca\/rubensdasilva\/wp-json\/wp\/v2\/users\/89"}],"replies":[{"embeddable":true,"href":"https:\/\/portfolio.uqac.ca\/rubensdasilva\/wp-json\/wp\/v2\/comments?post=46"}],"version-history":[{"count":11,"href":"https:\/\/portfolio.uqac.ca\/rubensdasilva\/wp-json\/wp\/v2\/pages\/46\/revisions"}],"predecessor-version":[{"id":229,"href":"https:\/\/portfolio.uqac.ca\/rubensdasilva\/wp-json\/wp\/v2\/pages\/46\/revisions\/229"}],"wp:attachment":[{"href":"https:\/\/portfolio.uqac.ca\/rubensdasilva\/wp-json\/wp\/v2\/media?parent=46"}],"wp:term":[{"taxonomy":"post_tag","embeddable":true,"href":"https:\/\/portfolio.uqac.ca\/rubensdasilva\/wp-json\/wp\/v2\/tags?post=46"}],"curies":[{"name":"wp","href":"https:\/\/api.w.org\/{rel}","templated":true}]}}