{"id":11,"date":"2012-07-23T19:58:21","date_gmt":"2012-07-23T19:58:21","guid":{"rendered":"http:\/\/portfolio-pre.uqac.ca\/gabarit\/?page_id=11"},"modified":"2014-04-01T15:21:56","modified_gmt":"2014-04-01T19:21:56","slug":"coordonnees","status":"publish","type":"page","link":"https:\/\/portfolio.uqac.ca\/sabrinatremblay\/coordonnees\/","title":{"rendered":"Coordonn\u00e9es"},"content":{"rendered":"<p><strong>Sabrina Tremblay<br \/>\n<\/strong>Professeure<\/p>\n<p>Universit\u00e9 du Qu\u00e9bec \u00e0 Chicoutimi<br \/>\n(Pavillon Alphonse-Desjardins)<br \/>\nD\u00e9partement des Sciences humaines<br \/>\nUnit\u00e9 d&#8217;enseignement en Travail social<br \/>\nBureau H4-1200<br \/>\n555, boulevard de l\u2019Universit\u00e9<br \/>\nChicoutimi (Qu\u00e9bec) G7H 2B1<\/p>\n<div>\n<p>T\u00e9l\u00e9phone :\u00a0\u00a0 418 545-5011 poste 4334<br \/>\nLigne sans frais\u00a0:\u00a0\u00a0 1-800-463-9880 poste 4334<br \/>\nT\u00e9l\u00e9copieur : 418 545-5012<\/p>\n<p>Adresse \u00e9lectronique : <a href=\"mailto:Sabrina_Tremblay@uqac.ca\">Sabrina_Tremblay@uqac.ca<\/a><\/p>\n<\/div>\n","protected":false},"excerpt":{"rendered":"<p>Sabrina Tremblay Professeure Universit\u00e9 du Qu\u00e9bec \u00e0 Chicoutimi (Pavillon Alphonse-Desjardins) D\u00e9partement des Sciences humaines Unit\u00e9 d&#8217;enseignement en Travail social Bureau H4-1200 555, boulevard de l\u2019Universit\u00e9 Chicoutimi (Qu\u00e9bec) G7H 2B1 T\u00e9l\u00e9phone :\u00a0\u00a0 418 545-5011 poste 4334 Ligne sans frais\u00a0:\u00a0\u00a0 1-800-463-9880 poste 4334 T\u00e9l\u00e9copieur : 418 545-5012 Adresse \u00e9lectronique : Sabrina_Tremblay@uqac.ca<\/p>\n","protected":false},"author":27,"featured_media":0,"parent":0,"menu_order":0,"comment_status":"closed","ping_status":"closed","template":"sidebar-page.php","meta":{"footnotes":""},"tags":[],"_links":{"self":[{"href":"https:\/\/portfolio.uqac.ca\/sabrinatremblay\/wp-json\/wp\/v2\/pages\/11"}],"collection":[{"href":"https:\/\/portfolio.uqac.ca\/sabrinatremblay\/wp-json\/wp\/v2\/pages"}],"about":[{"href":"https:\/\/portfolio.uqac.ca\/sabrinatremblay\/wp-json\/wp\/v2\/types\/page"}],"author":[{"embeddable":true,"href":"https:\/\/portfolio.uqac.ca\/sabrinatremblay\/wp-json\/wp\/v2\/users\/27"}],"replies":[{"embeddable":true,"href":"https:\/\/portfolio.uqac.ca\/sabrinatremblay\/wp-json\/wp\/v2\/comments?post=11"}],"version-history":[{"count":19,"href":"https:\/\/portfolio.uqac.ca\/sabrinatremblay\/wp-json\/wp\/v2\/pages\/11\/revisions"}],"predecessor-version":[{"id":112,"href":"https:\/\/portfolio.uqac.ca\/sabrinatremblay\/wp-json\/wp\/v2\/pages\/11\/revisions\/112"}],"wp:attachment":[{"href":"https:\/\/portfolio.uqac.ca\/sabrinatremblay\/wp-json\/wp\/v2\/media?parent=11"}],"wp:term":[{"taxonomy":"post_tag","embeddable":true,"href":"https:\/\/portfolio.uqac.ca\/sabrinatremblay\/wp-json\/wp\/v2\/tags?post=11"}],"curies":[{"name":"wp","href":"https:\/\/api.w.org\/{rel}","templated":true}]}}