{"id":18,"date":"2012-07-23T20:05:15","date_gmt":"2012-07-23T20:05:15","guid":{"rendered":"http:\/\/portfolio-pre.uqac.ca\/gabarit\/?page_id=18"},"modified":"2022-06-01T14:16:47","modified_gmt":"2022-06-01T18:16:47","slug":"enseignement","status":"publish","type":"page","link":"https:\/\/portfolio.uqac.ca\/sabrinatremblay\/enseignement\/","title":{"rendered":"Enseignement"},"content":{"rendered":"<p><strong>Cours de premier cycle:<\/strong><\/p>\n<p><a href=\"https:\/\/cours.uqac.ca\/4SVS234\">4SVS234<\/a>:\u00a0Intervention collective en travail social<br \/>\n<a href=\"https:\/\/cours.uqac.ca\/4SVS216\">4SVS216<\/a>: D\u00e9veloppement humain et environnement social<br \/>\n<a title=\"4SVS113\" href=\"https:\/\/cours.uqac.ca\/4SVS113\" target=\"_blank\">4SVS113<\/a>:\u00a0Stage 1<br \/>\n<a title=\"4SVS115\" href=\"https:\/\/cours.uqac.ca\/4SVS115\" target=\"_blank\">4SVS115<\/a>: Stage 2<br \/>\n<a title=\"4ASC112\" href=\"https:\/\/cours.uqac.ca\/4ASC112\" target=\"_blank\">4ASC112<\/a>: Analyse des besoins des communaut\u00e9s en intervention collective<\/p>\n<p><strong>Cours de deuxi\u00e8me cycle:<\/strong><\/p>\n<p><a title=\"TSO6015\" href=\"https:\/\/cours.uqac.ca\/TSo6015\">TSO6015<\/a>:\u00a0Pauvret\u00e9 et pratiques sociales<\/p>\n<p><a href=\"https:\/\/cours.uqac.ca\/TSO7003\">TSO7003:<\/a>\u00a0 Travail social et d\u00e9veloppement local<\/p>\n<p><a href=\"https:\/\/cours.uqac.ca\/4ESR830\">4ESR830 :<\/a> Design de recherche et les diff\u00e9rentes approches m\u00e9thodologiques<\/p>\n","protected":false},"excerpt":{"rendered":"<p>Cours de premier cycle: 4SVS234:\u00a0Intervention collective en travail social 4SVS216: D\u00e9veloppement humain et environnement social 4SVS113:\u00a0Stage 1 4SVS115: Stage 2 4ASC112: Analyse des besoins des communaut\u00e9s en intervention collective Cours de deuxi\u00e8me cycle: TSO6015:\u00a0Pauvret\u00e9 et pratiques sociales TSO7003:\u00a0 Travail social et d\u00e9veloppement local 4ESR830 : Design de recherche et les diff\u00e9rentes approches m\u00e9thodologiques<\/p>\n","protected":false},"author":27,"featured_media":0,"parent":0,"menu_order":0,"comment_status":"closed","ping_status":"closed","template":"","meta":{"footnotes":""},"tags":[],"_links":{"self":[{"href":"https:\/\/portfolio.uqac.ca\/sabrinatremblay\/wp-json\/wp\/v2\/pages\/18"}],"collection":[{"href":"https:\/\/portfolio.uqac.ca\/sabrinatremblay\/wp-json\/wp\/v2\/pages"}],"about":[{"href":"https:\/\/portfolio.uqac.ca\/sabrinatremblay\/wp-json\/wp\/v2\/types\/page"}],"author":[{"embeddable":true,"href":"https:\/\/portfolio.uqac.ca\/sabrinatremblay\/wp-json\/wp\/v2\/users\/27"}],"replies":[{"embeddable":true,"href":"https:\/\/portfolio.uqac.ca\/sabrinatremblay\/wp-json\/wp\/v2\/comments?post=18"}],"version-history":[{"count":10,"href":"https:\/\/portfolio.uqac.ca\/sabrinatremblay\/wp-json\/wp\/v2\/pages\/18\/revisions"}],"predecessor-version":[{"id":184,"href":"https:\/\/portfolio.uqac.ca\/sabrinatremblay\/wp-json\/wp\/v2\/pages\/18\/revisions\/184"}],"wp:attachment":[{"href":"https:\/\/portfolio.uqac.ca\/sabrinatremblay\/wp-json\/wp\/v2\/media?parent=18"}],"wp:term":[{"taxonomy":"post_tag","embeddable":true,"href":"https:\/\/portfolio.uqac.ca\/sabrinatremblay\/wp-json\/wp\/v2\/tags?post=18"}],"curies":[{"name":"wp","href":"https:\/\/api.w.org\/{rel}","templated":true}]}}