{"id":20,"date":"2012-07-23T20:20:59","date_gmt":"2012-07-23T20:20:59","guid":{"rendered":"http:\/\/portfolio-pre.uqac.ca\/gabarit\/?page_id=20"},"modified":"2023-09-27T11:10:54","modified_gmt":"2023-09-27T15:10:54","slug":"publications","status":"publish","type":"page","link":"https:\/\/portfolio.uqac.ca\/sabrinatremblay\/publications\/","title":{"rendered":"Publications (cinq derni\u00e8res ann\u00e9es)"},"content":{"rendered":"<p><strong><u>Article de revue avec comit\u00e9 de lecture (RAC)<\/u><\/strong><\/p>\n<p>Tremblay, S. et Riffon, O. (Accept\u00e9). Favoriser l\u2019agentivit\u00e9 des futurs intervenants sociaux en mati\u00e8re d\u2019intervention sur les enjeux de la transition socio\u00e9cologique : r\u00e9cit d\u2019une exp\u00e9rience de p\u00e9dagogie active au baccalaur\u00e9at en travail social \u00e0 l\u2019UQAC. Intervention, 158.<\/p>\n<p>Andr\u00e9, S., Ferrandez, M. et <strong>Tremblay, S<\/strong>. (2023, janvier). Portrait des exploitations horticoles en circuits courts au Saguenay\u2013Lac-Saint-Jean. Organisations et territoires, 31(3), 13-24. <a href=\"https:\/\/doi.org\/https:\/\/doi.org\/10.1522\/revueot.v31n3.1517\">https:\/\/doi.org\/https:\/\/doi.org\/10.1522\/revueot.v31n3.1517<\/a><\/p>\n<p>Tremblay, S., Drapeau, M.-J., &amp; Leyrie, C. (2022). Explorer l\u2019accompagnement n\u00e9cessaire \u00e0 la poursuite d\u2019un projet entrepreneurial en r\u00e9gion \u00e9loign\u00e9e. . Organisations et territoires, 31(1), 27-40. doi: <a href=\"https:\/\/doi.org\/10.1522\/revueot.v31n1.1444\">https:\/\/doi.org\/10.1522\/revueot.v31n1.1444<\/a><\/p>\n<p>Tremblay, P.-A., B\u00e9rard, S., Bussi\u00e8res, J. C., Doyon, M., Dufresne, C., Lachapelle, R., <strong>Tremblay, S<\/strong>&#8230; Klein, J.-L. (2022). Les ateliers des savoirs partag\u00e9s : Connectivit\u00e9 et d\u00e9veloppement en milieu rural. . Journal of rural and community development, 17(2), 177-199. Rep\u00e9r\u00e9 \u00e0 <a href=\"https:\/\/journals.brandonu.ca\/jrcd\/article\/view\/2070\/578\">https:\/\/journals.brandonu.ca\/jrcd\/article\/view\/2070\/578<\/a><\/p>\n<p>Tremblay, S. (2021). Communaut\u00e9s territoriales, d\u00e9veloppement du pouvoir d\u2019agir et innovation sociale : une contribution \u00e0 la r\u00e9flexion des intervenants sociaux. Intervention, 153(Printemps 2021), 93-100. Rep\u00e9r\u00e9 \u00e0 <a href=\"https:\/\/revueintervention.org\/numeros-en-ligne\/\/153\/communautes-territoriales-developpement-du-pouvoir-dagir-et-innovation-sociale-une-contribution-a-la-reflexion-des-intervenants-sociaux\/\">https:\/\/revueintervention.org\/numeros-en-ligne\/\/153\/communautes-territoriales-developpement-du-pouvoir-dagir-et-innovation-sociale-une-contribution-a-la-reflexion-des-intervenants-sociaux\/<\/a><\/p>\n<p>Larochelle, C., Pouliot, E., Chaplier, M., <strong>Tremblay, S<\/strong>., Argumedes, M., Langevin, R., &#8230; Godbout, N. (2020). \u00ab Publish or Perish \u00bb : des chercheuses demandent la fin de la discrimination syst\u00e9mique. Affaires universitaires. Rep\u00e9r\u00e9 \u00e0 <a href=\"https:\/\/www.affairesuniversitaires.ca\/opinion\/a-mon-avis\/publish-or-perish-des-chercheuses-demandent-la-fin-de-la-discrimination-systemique\/?fbclid=IwAR23-lNSDZweZ1UM7XF3fYiw_6oLclAa8t3ZF9mfxDx1CVQHAwanEPvRj1o\">https:\/\/www.affairesuniversitaires.ca\/opinion\/a-mon-avis\/publish-or-perish-des-chercheuses-demandent-la-fin-de-la-discrimination-systemique\/?fbclid=IwAR23-lNSDZweZ1UM7XF3fYiw_6oLclAa8t3ZF9mfxDx1CVQHAwanEPvRj1o<\/a><\/p>\n<p>Tremblay, S. (2019). La formation universitaire en travail social et son influence sur le d\u00e9veloppement social du Saguenay-Lac-St-Jean. <em>Saguenayensia<\/em>, <em>60<\/em>(3), 57-59.<\/p>\n<p>Tremblay, S. (2019). Un projet de d\u00e9veloppement local en sant\u00e9 :\u00a0 le cas de la MRC Robert-Cliche et de sa coop\u00e9rative de sant\u00e9, ou comment une communaut\u00e9 en difficult\u00e9 peut s\u2019engager dans un processus d\u2019empowerment. <em>Organisations et territoires<\/em>, <em>28<\/em>(1), 91-101.<\/p>\n<p><strong>Tremblay, S<\/strong>., Sasseville, N., Leyrie, C., Bousquet, J., Boivin, S., Bizot, D., &amp; Gu\u00e9d\u00e9 M\u00e9d\u00e9tonwan, O. (2019). Vers une synth\u00e8se des \u00e9crits portant du sur le concept de co-construction : regard crois\u00e9 entre la gestion de projet et le travail social. <em>Revue de Management et de strat\u00e9gies<\/em>, 1-10.<\/p>\n<p><strong><u>Livre (LIV)<\/u><\/strong><\/p>\n<p>Cherblanc, J., Dorais, F.-O., Tremblay, C., &amp; <strong>Tremblay, S.<\/strong> (\u00c9ds.). (2020). La Covid-19 : un fait social total. Perpectives historiques, politiques, sociales et humaines. Chicoutimi: GRIR UQAC. Rep\u00e9r\u00e9 \u00e0 <a href=\"https:\/\/constellation.uqac.ca\/6071\/1\/La%20COVID-19%20%20un%20fait%20social%20total.%20Perspectives%20historiques%2C%20politiques%2C%20sociales%20et%20humaines.pdf\">https:\/\/constellation.uqac.ca\/6071\/1\/La%20COVID-19%20%20un%20fait%20social%20total.%20Perspectives%20historiques%2C%20politiques%2C%20sociales%20et%20humaines.pdf<\/a><\/p>\n<p><strong>Tremblay, S<\/strong>., &amp; Bouchard, I. (\u00c9ds.). (2020). <em>R\u00e9cits de pratiques en action communautaire \u2013 un regard sur le Saguenay-Lac-Saint-Jean et la C\u00f4te-Nord<\/em>. Chicoutimi: GRIR.<\/p>\n<p>Tremblay, P.-A., Tremblay, S., &amp; <strong>Tremblay, S<\/strong>. (\u00c9ds.). (2019). <em>Au-del\u00e0 du cynisme &#8211; R\u00e9inventer l&#8217;avenir des communaut\u00e9s<\/em>. Chicoutimi: GRIR.<\/p>\n<p>Tremblay, S. (2017). <em>Processus d\u2019empowerment communautaire dans le cadre d\u2019un projet de d\u00e9veloppement local en sant\u00e9 de proximit\u00e9 : Le cas de la MRC Robert-Cliche et de sa coop\u00e9rative de sant\u00e9<\/em>. Th\u00e8se de doctorat.\u00a0 Universit\u00e9 du Qu\u00e9bec \u00e0 Chicoutimi, Chicoutimi. Rep\u00e9r\u00e9 \u00e0 https:\/\/constellation.uqac.ca\/4385\/<\/p>\n<p><u><strong>Contribution \u00e0 un ouvrage collectif (COC<\/strong>)<\/u><\/p>\n<p>Tremblay, S. (2020). D\u00e9veloppement des communaut\u00e9s en temps de Covid. Dans J. Cherblanc, F.-O. Dorais, C. Tremblay, &amp; S. Tremblay (\u00c9ds.), La Covid-19: un fait social total. Perspectives historiques, politiques, sociales et humaines (pp. 77-88). Rep\u00e9r\u00e9 \u00e0 <a href=\"https:\/\/evalorix.com\/wp-content\/plugins\/wp-pdf-stamper\/stamped-files\/2187-la-covid-19-un-fait-social-total-yj83eb_5fb67bda10581_e.pdf\">https:\/\/evalorix.com\/wp-content\/plugins\/wp-pdf-stamper\/stamped-files\/2187-la-covid-19-un-fait-social-total-yj83eb_5fb67bda10581_e.pdf<\/a><\/p>\n<p>Tremblay, S., &amp; Pilote, L. (2019). Se r\u00e9approprier son d\u00e9veloppement gr\u00e2ce \u00e0 une approche centr\u00e9e sur la promotion et la pr\u00e9vention en sant\u00e9 : le r\u00e9cit de l\u2019arrondissement Lac K\u00e9nogami (Saguenay, QC). Dans P.-A. Tremblay, S. Tremblay, &amp; S. Tremblay (\u00c9ds.), <em>Au-del\u00e0 du cynisme &#8211; r\u00e9inventer l&#8217;avenir des communaut\u00e9s<\/em> (pp. 169-190). Montr\u00e9al: GRIR.<\/p>\n<p>Dallaire, B., &amp; Tremblay, S. (2019). L\u2019intervention aupr\u00e8s des communaut\u00e9s: vers des milieux de vie favorables \u00e0 la sant\u00e9 mentale. Dans C. Bergeron-Leclerc, M.-H. Morin, B. Dallaire, &amp; C. Cormier (\u00c9ds.), <em>La pratique du travail social en sant\u00e9 mentale. Rep\u00e8res th\u00e9oriques et pratiques. Qu\u00e9bec<\/em>. Qu\u00e9bec: Presses de l&#8217;Universit\u00e9 du Qu\u00e9bec.<\/p>\n<p><strong><u>Autres communications (AUT)<\/u><\/strong><\/p>\n<p>Villeneuve, F., Roussel, J.-B., Riffon, O. et <strong>Tremblay, S.<\/strong> (2023). Outils m\u00e9thodologiques pour int\u00e9grer des citoyen\u00b7ne\u00b7s-chercheur\u00b7se\u00b7s dans des projets en d\u00e9veloppement territorial pour la transition socio\u00e9cologique. Grand dialogue r\u00e9gional pour la transition socio\u00e9cologique au Saguenay-Lac-Saint-Jean et Centre de recherche et de d\u00e9veloppement territorial. https:\/\/constellation.uqac.ca\/id\/eprint\/9487\/<\/p>\n<p>Tremblay, S. (2020, 25 mai). Les communaut\u00e9s au temps de la COVID-19. Des chercheurs r\u00e9pondent \u00e0 vos questions sur la COVID-19. Saguenay: CISD. Rep\u00e9r\u00e9 \u00e0 <a href=\"https:\/\/https:\/\/www.facebook.com\/CISD.UQAC\/videos\/1299939363532464\/\">https:\/\/https:\/\/www.facebook.com\/CISD.UQAC\/videos\/1299939363532464\/<\/a><\/p>\n<p>Tremblay, S. (2020, 9 mai). Quand la Covid-19 fait pousser des carottes dans votre jardin. Le Quotidien. Rep\u00e9r\u00e9 \u00e0 <a href=\"https:\/\/www.lequotidien.com\/actualites\/page-uqac\/quand-la-covid-19-fait-pousser-des-carottes-dans-votre-jardin-67473c2dc811cd3b8b6030fdb510f252\">https:\/\/www.lequotidien.com\/actualites\/page-uqac\/quand-la-covid-19-fait-pousser-des-carottes-dans-votre-jardin-67473c2dc811cd3b8b6030fdb510f252<\/a><\/p>\n<p>Gu\u00e9d\u00e9 M\u00e9d\u00e9tonwan, O., Tremblay, S., Sasseville, N., Bousquet, J., Leyrie, C., &amp; Bizot, D. (2019). <em>Vers un cadrage th\u00e9orique interdisciplinaire portant sur la co-construction<\/em>. Note de recherche.\u00a0 Dans GRIR (\u00c9d.) (pp. 26). Chicoutimi: UQAC.<\/p>\n<p>Tremblay, S. (2015). D\u00e9cider pour nous-m\u00eames! <em>Le Quotidien<\/em>(19 f\u00e9vrier 2015), Carrefour des lecteurs. Rep\u00e9r\u00e9 \u00e0 https:\/\/www.lapresse.ca\/le-quotidien\/opinions\/carrefour-du-lecteur\/201502\/18\/01-4845373-decider-pour-nous-memes.php<\/p>\n<p>&nbsp;<\/p>\n<p>&nbsp;<\/p>\n<p>&nbsp;<\/p>\n<p>&nbsp;<\/p>\n<p>&nbsp;<\/p>\n","protected":false},"excerpt":{"rendered":"<p>Article de revue avec comit\u00e9 de lecture (RAC) Tremblay, S. et Riffon, O. (Accept\u00e9). Favoriser l\u2019agentivit\u00e9 des futurs intervenants sociaux en mati\u00e8re d\u2019intervention sur les enjeux de la transition socio\u00e9cologique : r\u00e9cit d\u2019une exp\u00e9rience de p\u00e9dagogie active au baccalaur\u00e9at en travail social \u00e0 l\u2019UQAC. Intervention, 158. Andr\u00e9, S., Ferrandez, M. et Tremblay, S. (2023, janvier). &hellip; <a href=\"https:\/\/portfolio.uqac.ca\/sabrinatremblay\/publications\/\" class=\"more-link\">Continuer la lecture de <span class=\"screen-reader-text\">Publications (cinq derni\u00e8res ann\u00e9es)<\/span>  <span class=\"meta-nav\">&rarr;<\/span><\/a><\/p>\n","protected":false},"author":27,"featured_media":0,"parent":0,"menu_order":0,"comment_status":"closed","ping_status":"closed","template":"","meta":{"footnotes":""},"tags":[],"_links":{"self":[{"href":"https:\/\/portfolio.uqac.ca\/sabrinatremblay\/wp-json\/wp\/v2\/pages\/20"}],"collection":[{"href":"https:\/\/portfolio.uqac.ca\/sabrinatremblay\/wp-json\/wp\/v2\/pages"}],"about":[{"href":"https:\/\/portfolio.uqac.ca\/sabrinatremblay\/wp-json\/wp\/v2\/types\/page"}],"author":[{"embeddable":true,"href":"https:\/\/portfolio.uqac.ca\/sabrinatremblay\/wp-json\/wp\/v2\/users\/27"}],"replies":[{"embeddable":true,"href":"https:\/\/portfolio.uqac.ca\/sabrinatremblay\/wp-json\/wp\/v2\/comments?post=20"}],"version-history":[{"count":33,"href":"https:\/\/portfolio.uqac.ca\/sabrinatremblay\/wp-json\/wp\/v2\/pages\/20\/revisions"}],"predecessor-version":[{"id":214,"href":"https:\/\/portfolio.uqac.ca\/sabrinatremblay\/wp-json\/wp\/v2\/pages\/20\/revisions\/214"}],"wp:attachment":[{"href":"https:\/\/portfolio.uqac.ca\/sabrinatremblay\/wp-json\/wp\/v2\/media?parent=20"}],"wp:term":[{"taxonomy":"post_tag","embeddable":true,"href":"https:\/\/portfolio.uqac.ca\/sabrinatremblay\/wp-json\/wp\/v2\/tags?post=20"}],"curies":[{"name":"wp","href":"https:\/\/api.w.org\/{rel}","templated":true}]}}