{"id":25,"date":"2012-07-24T12:43:40","date_gmt":"2012-07-24T12:43:40","guid":{"rendered":"http:\/\/portfolio-pre.uqac.ca\/gabarit\/?page_id=25"},"modified":"2023-09-27T11:18:33","modified_gmt":"2023-09-27T15:18:33","slug":"communications","status":"publish","type":"page","link":"https:\/\/portfolio.uqac.ca\/sabrinatremblay\/communications\/","title":{"rendered":"Communications (cinq derni\u00e8res ann\u00e9es)"},"content":{"rendered":"<p><strong><u>Conf\u00e9rences avec arbitrage (CAC)<\/u><\/strong><\/p>\n<p>Tremblay, S. (2023, 5 juillet). Am\u00e9liorer la formation des futurs intervenants sociaux sur les enjeux et moyens d&#8217;actions de la crise climatique et environnementale. Communication pr\u00e9sent\u00e9e au 10\u00e8me congr\u00e8s de l&#8217;AIFRIS &#8211; Soci\u00e9t\u00e9s en crise et travail social : Explorer les dynamiques politiques, de formations, de recherches, d\u2019interventions et d\u2019exp\u00e9riences, Paris (France).<\/p>\n<p>Tremblay, S. et Bergeron-Leclerc, C. ( 2023, 5\u00a0juillet). Faciliter l\u2019insertion socioprofessionnelle des personnes tr\u00e8s \u00e9loign\u00e9es du march\u00e9 du travail en contexte de crise du travail et de l\u2019emploi : r\u00e9sultats d\u2019une \u00e9tude de recherche action.\u00a0Communication pr\u00e9sent\u00e9e au 10\u00e8me congr\u00e8s de l&#8217;AIFRIS &#8211; Soci\u00e9t\u00e9s en crise et travail social : Explorer les dynamiques politiques, de formations, de recherches, d\u2019interventions et d\u2019exp\u00e9riences, Paris (France).<\/p>\n<p>Tremblay, S., Tremblay, J. et Mailloux, A.-S. (2023, 16 mai). La pand\u00e9mie de la Covid-19 et l\u2019insertion professionnelle des personnes tr\u00e8s \u00e9loign\u00e9es du march\u00e9 du travail : facteur facilitant ou effet multiplicateur de vuln\u00e9rabilit\u00e9? Communication pr\u00e9sent\u00e9e au Colloque international du CRDT &#8220;Dynamiques territoriales dans un monde en transition &#8220;, Qu\u00e9bec, Canada.<\/p>\n<p>Tremblay, S. (8 mai). Les enjeux de la reconnaissance de la multifonctionnalit\u00e9 de l\u2019agriculture pour l\u2019agentivit\u00e9 des espaces ruraux qu\u00e9b\u00e9cois en transition. Quels savoirs pour construire d&#8217;autres horizons politiques au XXIe si\u00e8cle?, Montr\u00e9al.<\/p>\n<p>Tremblay, S. et Riffon, O. (9 mai). Mieux former des actrices et acteurs de changement face aux crises sociales totales de nos soci\u00e9t\u00e9s non-durables : Analyse d\u2019une exp\u00e9rience p\u00e9dagogique dans un programme de 1er cycle universitaire. Penser, \u00eatre, intervenir et former le travail \u00e9cosocial: b\u00e2tir ensemble des projets porteurs de la transition, Montr\u00e9al.<\/p>\n<p>Tremblay, J., Mailloux, A.-S., Savard, J. et Tremblay, S. (9 mai). Obstacles et facilitateurs \u00e0 la participation des personnes tr\u00e8s \u00e9loign\u00e9es du march\u00e9 du travail \u00e0 des programmes d&#8217;insertion socioprofessionnelle: recherche-action avec \u00c9quitem. Communication pr\u00e9sent\u00e9e au 90e Congr\u00e8s de l&#8217;ACFAS, Montr\u00e9al.<\/p>\n<p>Tremblay, S. (2022, 20 et 21 octobre). Ruralit\u00e9(s) et transition socio-\u00e9cologique. Communication pr\u00e9sent\u00e9e au\u00a0 Colloque annuel du GRIR: Le Qu\u00e9bec face aux changements climatiques et aux d\u00e9fis de la transition socio-\u00e9cologique., Saguenay.<\/p>\n<p>Tremblay, S., &amp; Savard, V. (2022, 4 au 8 juillet). L&#8217;espace Citoyen &#8211; R\u00e9cit d&#8217;un projet d&#8217;int\u00e9gration de citoyens experts de v\u00e9cu dans une structure locale de concertation de lutte \u00e0 la pauvret\u00e9 et l&#8217;exclusion sociale. Communication pr\u00e9sent\u00e9e au 9\u00e8me congr\u00e8s international: Paroles, exp\u00e9riences et actions des usag\u00e8res et usagers dans l\u2019intervention sociale : rendre visible l\u2019invisible, Bruxelles, Belgique.<\/p>\n<p>Tremblay, S., &amp; Villeneuve, F. (2022, 15 au 19 mai). Participation citoyenne, transition socio\u00e9cologique et sant\u00e9 des communaut\u00e9s : comment des groupes citoyens peuvent influencer le bien-\u00eatre et la qualit\u00e9 de vie de leur collectivit\u00e9 (pr\u00e9sentation par affiche). Communication pr\u00e9sent\u00e9e au 24th IUHPE World Conference, Montr\u00e9al.<\/p>\n<p>Tremblay, S. (2022, 10 et 11 mai). Opportunit\u00e9s et forces du monde rural en contexte de transition socio \u00e9cologique \u2013 une r\u00e9flexion prospective s\u2019inspirant du cadre de Bronfenbrenner. Communication pr\u00e9sent\u00e9e au Colloque du CRDT (session 408): Des territoires en transition : les multiples facettes du d\u00e9veloppement territorial, Qu\u00e9bec.<\/p>\n<p>Tremblay, S. (2022, 18 mai). Concertations locales et r\u00e9silience en temps de COVID \u2013 Le cas d\u2019un organisme communautaire en s\u00e9curit\u00e9 alimentaire du Saguenay-Lac-Saint-Jean. Communication pr\u00e9sent\u00e9e au 24th IUHPE World Conference, Montr\u00e9al.<\/p>\n<p>Tremblay, S. (2022, 8 mai). L\u2019action citoyenne \u00e0 l\u2019\u0153uvre dans la transition socio\u00e9cologique : Une r\u00e9flexion sur le Grand dialogue (Saguenay-Lac-St-Jean) comme cas d\u2019esp\u00e8ce d\u2019innovation sociale autopo\u00ef\u00e8se. Communication pr\u00e9sent\u00e9e au Colloque du CRISES (Session no 434): Quel(s) type(s) d\u2019innovations sociales pour une justice sociale et environnementale ?, Qu\u00e9bec.<\/p>\n<p>Tremblay, S. (2021, 11 mars). Co-construire la transition \u00e9cologique. D&#8217;accord, mais comment et avec qui? Communication pr\u00e9sent\u00e9e au S\u00e9minaire annuel du CRDT, Chicoutimi.<\/p>\n<p>Tremblay, S. (2019, 14 au 26 janvier). <em>Comment une coop\u00e9rative de sant\u00e9 peut favoriser l\u2019empowerment communautaire d\u2019une localit\u00e9? L\u2019exemple concret de la MRC Robert-Cliche<\/em>. Communication pr\u00e9sent\u00e9e au Les 35 ans du GRIR &#8211; Travaux des membres, Chicoutimi.<\/p>\n<p>Tremblay, S. (2017, 8 juillet). <em>D\u00e9velopper solidairement des communaut\u00e9s en sant\u00e9:\u00a0 l\u2019exemple des coop\u00e9ratives de sant\u00e9 du Qu\u00e9bec<\/em>. Communication pr\u00e9sent\u00e9e au 7\u00e8me Congr\u00e8s de l&#8217;AIFRIS &#8211; Solidarit\u00e9s en questions et en actes : quelles recompositions ?, Montr\u00e9al.<\/p>\n<p>Tremblay, S., &amp; Blackburn, P. (2017, 22 juin). <em>Quand une communaut\u00e9 veut prendre en main la sant\u00e9 de ses membres: le cas de Lac K\u00e9nogami (Saguenay, Qu\u00e9bec) et de sa coop\u00e9rative de solidarit\u00e9<\/em>. Communication pr\u00e9sent\u00e9e au 6\u00e8me forum Plan\u00e8t&#8217;\u00c8re, St-F\u00e9licien.<\/p>\n<p>Tremblay, S. (2017, 22 juin). <em>D\u00e9velopper des communaut\u00e9s en sant\u00e9 gr\u00e2ce au mouvement coop\u00e9ratif : le cas de la MRC Robert-Cliche (Beauce, Canada) et de sa coop\u00e9rative de sant\u00e9<\/em>. Communication pr\u00e9sent\u00e9e au 6\u00e8me Forum Plan\u00e8t&#8217;\u00c8re, St-F\u00e9licien.<\/p>\n<p>Tremblay, S. (2017, 20 mars). <em>La coop\u00e9rative de solidarit\u00e9 Lac-K\u00e9nogami\u00a0 &#8211; Un levier de d\u00e9veloppement local communautaire<\/em>. Communication pr\u00e9sent\u00e9e au 8\u00e8me Colloque annuel du GRIR, Universit\u00e9 du Qu\u00e9bec \u00e0 Chicoutimi.<\/p>\n<p><strong><u>Conf\u00e9rence sans arbitrage (CSA)<\/u><\/strong><\/p>\n<p>Tremblay, S. (2023, 31 ao\u00fbt). Mieux former les futurs travailleurs sociaux en mati\u00e8re de crises syst\u00e9miques multiples : r\u00e9cit d\u2019une exp\u00e9rience p\u00e9dagogique r\u00e9alis\u00e9e aupr\u00e8s d\u2019\u00e9tudiants de 1er cycle universitaire qu\u00e9b\u00e9cois. Communication pr\u00e9sent\u00e9e au S\u00e9minaire de rentr\u00e9e de l\u2019IRTS &#8211; Normandie, H\u00e9rouville Saint-Clair, France.<\/p>\n<p>Tremblay, S. (2023, 28 avril). Nous sommes ce que nous sommes, car ils ne le sont pas. Communication pr\u00e9sent\u00e9e au colloque annuel du GRIDEQ:\u00a0 Habiter l\u2019alternative : nouvelles pratiques communautaires, Rimouski.<\/p>\n<p>Tremblay, S. (2023, 20 avril). Les espaces ruraux en transitions.\u00a0 Communication pr\u00e9sent\u00e9e au Rendez-vous agricole Maria-Chapdelaine, Sainte-Jeanne-D&#8217;Arc.<\/p>\n<p>Tremblay, S. (2023, 17 f\u00e9vrier). Multifonctionnalit\u00e9, agro\u00e9cologie et agentivit\u00e9 des espaces ruraux agricoles. Dans Territoires, agroalimentaire et alimentation. La ruralit\u00e9 d&#8217;hier \u00e0 aujourd&#8217;hui. Sommes-nous face \u00e0 de nouvelles ruralit\u00e9s?, webinaire.<\/p>\n<p>Tremblay, S., &amp; Pilote, L. (2019, 6 novembre). <em>Facteurs facilitants et contraignants de la co-construction : r\u00e9cit d\u2019un partenariat entre la coop de solidarit\u00e9 Lac K\u00e9no et l\u2019UQAC<\/em>. Communication pr\u00e9sent\u00e9e au Premi\u00e8res journ\u00e9es d&#8217;\u00e9tude sur la co-construction, H\u00f4tel Delta, Jonqui\u00e8re.<\/p>\n<p>Gu\u00e9d\u00e9, O. M., Tremblay, S., Sasseville, N., Bousquet, J., &amp; Leyrie, C. (2019, 14 au 26 janvier). <em>Vers un cadre th\u00e9orique interdisciplinaire portant sur la co-construction<\/em>. Communication par affiche pr\u00e9sent\u00e9e au Les 35 ans du GRIR &#8211; travaux des membres, Chicoutimi.<\/p>\n<p>Tremblay, S. (2017, 6 avril). <em>Les relations partenariales au Qu\u00e9bec \u2013 contraintes et enjeux<\/em>. Communication pr\u00e9sent\u00e9e au Congr\u00e8s annuel des membres du R\u00e9seau des organismes communautaires jeunesse du Qu\u00e9bec (ROCAJQ) La Baie.<\/p>\n<p>Tremblay, S. (2017, 8 avril). <em>Le coworking en r\u00e9gion &#8211; un levier de dynamisation de notre environnement social, \u00e9conomique et culturel<\/em>. Communication pr\u00e9sent\u00e9e au Lunch and learn th\u00e9matique dans le cadre de la semaine nationale du Coworking, Chicoutimi.<\/p>\n","protected":false},"excerpt":{"rendered":"<p>Conf\u00e9rences avec arbitrage (CAC) Tremblay, S. (2023, 5 juillet). Am\u00e9liorer la formation des futurs intervenants sociaux sur les enjeux et moyens d&#8217;actions de la crise climatique et environnementale. Communication pr\u00e9sent\u00e9e au 10\u00e8me congr\u00e8s de l&#8217;AIFRIS &#8211; Soci\u00e9t\u00e9s en crise et travail social : Explorer les dynamiques politiques, de formations, de recherches, d\u2019interventions et d\u2019exp\u00e9riences, Paris &hellip; <a href=\"https:\/\/portfolio.uqac.ca\/sabrinatremblay\/communications\/\" class=\"more-link\">Continuer la lecture de <span class=\"screen-reader-text\">Communications (cinq derni\u00e8res ann\u00e9es)<\/span>  <span class=\"meta-nav\">&rarr;<\/span><\/a><\/p>\n","protected":false},"author":27,"featured_media":0,"parent":0,"menu_order":0,"comment_status":"closed","ping_status":"closed","template":"","meta":{"footnotes":""},"tags":[],"_links":{"self":[{"href":"https:\/\/portfolio.uqac.ca\/sabrinatremblay\/wp-json\/wp\/v2\/pages\/25"}],"collection":[{"href":"https:\/\/portfolio.uqac.ca\/sabrinatremblay\/wp-json\/wp\/v2\/pages"}],"about":[{"href":"https:\/\/portfolio.uqac.ca\/sabrinatremblay\/wp-json\/wp\/v2\/types\/page"}],"author":[{"embeddable":true,"href":"https:\/\/portfolio.uqac.ca\/sabrinatremblay\/wp-json\/wp\/v2\/users\/27"}],"replies":[{"embeddable":true,"href":"https:\/\/portfolio.uqac.ca\/sabrinatremblay\/wp-json\/wp\/v2\/comments?post=25"}],"version-history":[{"count":20,"href":"https:\/\/portfolio.uqac.ca\/sabrinatremblay\/wp-json\/wp\/v2\/pages\/25\/revisions"}],"predecessor-version":[{"id":216,"href":"https:\/\/portfolio.uqac.ca\/sabrinatremblay\/wp-json\/wp\/v2\/pages\/25\/revisions\/216"}],"wp:attachment":[{"href":"https:\/\/portfolio.uqac.ca\/sabrinatremblay\/wp-json\/wp\/v2\/media?parent=25"}],"wp:term":[{"taxonomy":"post_tag","embeddable":true,"href":"https:\/\/portfolio.uqac.ca\/sabrinatremblay\/wp-json\/wp\/v2\/tags?post=25"}],"curies":[{"name":"wp","href":"https:\/\/api.w.org\/{rel}","templated":true}]}}