{"id":27,"date":"2012-07-24T12:57:18","date_gmt":"2012-07-24T12:57:18","guid":{"rendered":"http:\/\/portfolio-pre.uqac.ca\/gabarit\/?page_id=27"},"modified":"2020-01-23T13:24:59","modified_gmt":"2020-01-23T18:24:59","slug":"curriculum-vitae","status":"publish","type":"page","link":"https:\/\/portfolio.uqac.ca\/sabrinatremblay\/curriculum-vitae\/","title":{"rendered":"Curriculum vitae"},"content":{"rendered":"<p><strong>Dipl\u00f4mes : <\/strong><\/p>\n<ul>\n<li><strong>Doctorat<\/strong> en d\u00e9veloppement r\u00e9gional .\u00a0 Universit\u00e9 du Qu\u00e9bec \u00e0 Chicoutimi\/Universit\u00e9 du Qu\u00e9bec \u00e0 Rimouski (programme conjoint).\u00a0 Titre de la th\u00e8se :\u00a0 Processus d&#8217;empowerment dans le cadre d&#8217;une initiative de d\u00e9veloppement local: Le cas de la Coop\u00e9rative de sant\u00e9 de la MRC Robert-Cliche.\u00a0 Supervis\u00e9 par <a href=\"https:\/\/portfolio.uqac.ca\/pierreandretremblay\/\">Pierre-Andr\u00e9 Tremblay<\/a>, UQAC\u00a0(directeur) et <a href=\"https:\/\/uniweb.uottawa.ca\/#!uottawa\/members\/1023\">S\u00e9bastien Savard<\/a>, uOttawa\u00a0(co-directeur).<\/li>\n<li><strong>Ma\u00eetrise<\/strong> en travail social. Universit\u00e9 du Qu\u00e9bec en Outaouais (2008).\u00a0 Titre du m\u00e9moire:\u00a0 <em>La zooth\u00e9rapie au Saguenay: ampleur, perception et connaissance sur son utilisation\u00a0dans les r\u00e9sidences priv\u00e9es pour personnes \u00e2g\u00e9es.<\/em><\/li>\n<li><strong>Baccalaur\u00e9at<\/strong> en psychologie (2003).\u00a0 Universit\u00e9 du Qu\u00e9bec \u00e0 Chicoutimi (par extension du programme de l&#8217;Universit\u00e9 du Qu\u00e9bec \u00e0 Trois-Rivi\u00e8res)<\/li>\n<\/ul>\n<p><strong><br \/>\nDistinctions et bourses :<br \/>\n<\/strong><\/p>\n<ul>\n<li>Prix du M\u00e9rite scientifique r\u00e9gional (2009) &#8211; Prix attribu\u00e9 \u00e0 l&#8217;\u00e9quipe du\u00a0projet de recherche &#8220;Nurture&#8221; par le Consortium r\u00e9gional de recherche en enseignement (CRR\u00c9) \u00e0 l\u2019\u00e9quipe de recherche qui s\u2019est illustr\u00e9e pour sa contribution \u00e0 l\u2019avancement des sciences humaines et sociales du Saguenay-Lac-Saint-Jean.<\/li>\n<li>Bourse Joseph-Armand Bombardier (2009-2010)<br \/>\nConseil de Recherches en Sciences Humaines du Canada (CRSH)<br \/>\nMontant total: 105 000 (Dollar canadien)<\/li>\n<li>Bourse d\u2019\u00e9tudes de Cycles sup\u00e9rieurs en recherche et en r\u00e9int\u00e9gration \u00e0 la recherche (2009-2010)<br \/>\nFonds Qu\u00e9b\u00e9cois de la Recherche sur la Soci\u00e9t\u00e9 et la Culture (FQRSC)<br \/>\nMontant total\u00a0: 60\u00a0000 (Dollar canadien) \u2013 <i>D\u00e9clin\u00e9e<\/i><\/li>\n<\/ul>\n<p><strong>Affiliation(s):<br \/>\n<\/strong><\/p>\n<ul>\n<li>Chercheure associ\u00e9e au Centre de recherche sur les innovations sociales (<a href=\"https:\/\/crises.uqam.ca\/\">CRISES<\/a>)<\/li>\n<li>Chercheure r\u00e9guli\u00e8re au Centre de recherche sur le d\u00e9veloppement territorial (<a href=\"https:\/\/crdt.ca\/\">CRDT<\/a>)<\/li>\n<li>Membre du Groupe de Recherche en interventions r\u00e9gionales (<a title=\"GRIR\" href=\"https:\/\/grir.uqac.ca\/\" target=\"_blank\">GRIR<\/a>), Universit\u00e9 du Qu\u00e9bec \u00e0 Chicoutimi<\/li>\n<\/ul>\n<p><strong>Activit\u00e9s : <\/strong><\/p>\n<ul>\n<li>Coordonnatrice par int\u00e9rim du GRIR<\/li>\n<li>Enseignement (voir onglet associ\u00e9)<\/li>\n<li>Recherche (pour d\u00e9tails, voir onglet associ\u00e9)<\/li>\n<li>Services aux collectivit\u00e9s<\/li>\n<li>Encadrement d&#8217;\u00e9tudiants \u00e0 la ma\u00eetrise en travail social<\/li>\n<li>\u00c9laboration d&#8217;outils de formation ou d&#8217;autoformation pour l&#8217;utilisation du logiciel Nvivo 10 (QSR international) &#8211; Formations et capsules vid\u00e9os disponibles <a href=\"https:\/\/recherche.uqac.ca\/capsules-dautoformation-au-logiciel-nvivo\/\">ici <\/a><\/li>\n<\/ul>\n","protected":false},"excerpt":{"rendered":"<p>Dipl\u00f4mes : Doctorat en d\u00e9veloppement r\u00e9gional .\u00a0 Universit\u00e9 du Qu\u00e9bec \u00e0 Chicoutimi\/Universit\u00e9 du Qu\u00e9bec \u00e0 Rimouski (programme conjoint).\u00a0 Titre de la th\u00e8se :\u00a0 Processus d&#8217;empowerment dans le cadre d&#8217;une initiative de d\u00e9veloppement local: Le cas de la Coop\u00e9rative de sant\u00e9 de la MRC Robert-Cliche.\u00a0 Supervis\u00e9 par Pierre-Andr\u00e9 Tremblay, UQAC\u00a0(directeur) et S\u00e9bastien Savard, uOttawa\u00a0(co-directeur). Ma\u00eetrise en &hellip; <a href=\"https:\/\/portfolio.uqac.ca\/sabrinatremblay\/curriculum-vitae\/\" class=\"more-link\">Continuer la lecture de <span class=\"screen-reader-text\">Curriculum vitae<\/span>  <span class=\"meta-nav\">&rarr;<\/span><\/a><\/p>\n","protected":false},"author":27,"featured_media":0,"parent":0,"menu_order":0,"comment_status":"closed","ping_status":"closed","template":"","meta":{"footnotes":""},"tags":[],"_links":{"self":[{"href":"https:\/\/portfolio.uqac.ca\/sabrinatremblay\/wp-json\/wp\/v2\/pages\/27"}],"collection":[{"href":"https:\/\/portfolio.uqac.ca\/sabrinatremblay\/wp-json\/wp\/v2\/pages"}],"about":[{"href":"https:\/\/portfolio.uqac.ca\/sabrinatremblay\/wp-json\/wp\/v2\/types\/page"}],"author":[{"embeddable":true,"href":"https:\/\/portfolio.uqac.ca\/sabrinatremblay\/wp-json\/wp\/v2\/users\/27"}],"replies":[{"embeddable":true,"href":"https:\/\/portfolio.uqac.ca\/sabrinatremblay\/wp-json\/wp\/v2\/comments?post=27"}],"version-history":[{"count":16,"href":"https:\/\/portfolio.uqac.ca\/sabrinatremblay\/wp-json\/wp\/v2\/pages\/27\/revisions"}],"predecessor-version":[{"id":166,"href":"https:\/\/portfolio.uqac.ca\/sabrinatremblay\/wp-json\/wp\/v2\/pages\/27\/revisions\/166"}],"wp:attachment":[{"href":"https:\/\/portfolio.uqac.ca\/sabrinatremblay\/wp-json\/wp\/v2\/media?parent=27"}],"wp:term":[{"taxonomy":"post_tag","embeddable":true,"href":"https:\/\/portfolio.uqac.ca\/sabrinatremblay\/wp-json\/wp\/v2\/tags?post=27"}],"curies":[{"name":"wp","href":"https:\/\/api.w.org\/{rel}","templated":true}]}}