{"id":46,"date":"2012-07-24T14:17:13","date_gmt":"2012-07-24T14:17:13","guid":{"rendered":"http:\/\/portfolio-pre.uqac.ca\/gabarit\/?page_id=46"},"modified":"2024-01-22T20:28:20","modified_gmt":"2024-01-23T01:28:20","slug":"recherche","status":"publish","type":"page","link":"https:\/\/portfolio.uqac.ca\/sabrinatremblay\/recherche\/","title":{"rendered":"Recherche"},"content":{"rendered":"<h1><span style=\"text-decoration: underline\"><span style=\"color: #ff6600;text-decoration: underline\">Projets en cours<\/span><\/span><\/h1>\n<h4><span style=\"text-decoration: underline\"><span style=\"color: #008000\"><b>\u21d2 Chercheure principale\u00a0\u21d0<\/b><\/span><\/span><\/h4>\n<ul>\n<li><strong>L\u2019agriculture nord-c\u00f4ti\u00e8re : \u00c9tat de situation, enjeux,<\/strong><br \/>\n<strong>d\u00e9fis et opportunit\u00e9s pour les entreprises et les travailleurs agricoles<\/strong><\/p>\n<ul>\n<li>Co-chercheur.e.s: Jonathan Binet<\/li>\n<li>\u00c9tudiant.e.s chercheur.e.s: Trycia Lavigne<\/li>\n<li>Projet financ\u00e9 par :\u00a0 CRDT, nouvelles initiatives\u00a0 <strong>4000$<\/strong><\/li>\n<li><span style=\"text-decoration: underline\">Statut des travaux:\u00a0<\/span> nous sommes pr\u00e9sentement en\u00a0\u00e9tude pr\u00e9-terrain pour mieux cibler les objectifs de notre \u00e9tude.\u00a0 Nous visons \u00e0 d\u00e9poser une demande aupr\u00e8s du programme \u00c9volution-comp\u00e9tences, volet innovation et connaissance d&#8217;ici mars 2024<\/li>\n<\/ul>\n<\/li>\n<\/ul>\n<ul>\n<li><strong>La multicontionnalit\u00e9 de l&#8217;agriculture dans la MRC de Maria-Chapdeleine<\/strong>\n<ul>\n<li>Co-chercheur.e.s:\u00a0 Suzanne Tremblay, Olivier Riffon<\/li>\n<li>\u00c9tudiant.e.s chercheur.e.s:\u00a0 Flora Naracs<\/li>\n<li>Projet financ\u00e9 par Mitacs, acc\u00e9l\u00e9ration (2023-2025).\u00a0<strong> 50 000$<\/strong><\/li>\n<li><span style=\"text-decoration: underline\">Statut des travaux:<\/span>\u00a0 \u00a0Nous sommes pr\u00e9sentement en phase de collecte des donn\u00e9es.<\/li>\n<\/ul>\n<\/li>\n<\/ul>\n<ul>\n<li><strong>Co-construction et d\u00e9veloppement du pouvoir d\u2019agir\u00a0dans la mise en \u0153uvre des projets Aire ouverte: une \u00e9tude de cas interdisciplinaire dans trois r\u00e9gion<span style=\"color: #000000\">s <\/span>du Qu\u00e9bec\u00a0<\/strong>\n<ul>\n<li>Co-chercheur.e.s:\u00a0 Sonia Boivin,\u00a0 Dominic Bizot,<\/li>\n<li>\u00c9tudiant.e.s chercheur.e.s:\u00a0 Camille Larouche, Jos\u00e9e Tremblay<\/li>\n<li>Projet financ\u00e9 par le CRSH, d\u00e9veloppement savoir (2022-2024). <strong>57 300$<\/strong><\/li>\n<li><span style=\"text-decoration: underline\">Statut des travaux:<\/span>\u00a0Nous sommes pr\u00e9sentement dans la phase d&#8217;analyse de donn\u00e9es et la r\u00e9daction d&#8217;article.<\/li>\n<\/ul>\n<\/li>\n<\/ul>\n<h4><span style=\"color: #008000\"><b>\u21d0 Co-chercheure\u00a0\u21d2\u00a0<\/b><\/span><\/h4>\n<ul>\n<li><strong>D\u00e9veloppement de milieux de vie et de communaut\u00e9s dynamiques: Ateliers des savoirs partag\u00e9s (ASP) 3.0<\/strong>\n<ul>\n<li>Chercheur principal: Juan Luis Klein (UQAM)<\/li>\n<li>Projet financ\u00e9 par la Fondation Lucie et Andr\u00e9 Chagnon. <strong>1.4 M$<\/strong><\/li>\n<li><span style=\"text-decoration: underline\">Statut des travaux:<\/span>\u00a0Nous sommes pr\u00e9sentement en lien avec trois communaut\u00e9s de la r\u00e9gion du saguenay-Lac-St-Jean et du Bas St-Laurent:\u00a0 Petit-Saguenay, St-Fran\u00e7ois du Lac et St-Val\u00e9rien.\u00a0 Plusieurs projets (ou id\u00e9es de projets) sont sur la table, notamment les th\u00e8mes de communaut\u00e9s nourici\u00e8re, de transition-socio\u00e9cologique et de circuits court en alimentation.\u00a0 \u00a0Un livre aux PUQ (2024) ainsi qu&#8217;un colloque multi-sites (2024) sont pr\u00e9vus. Une demande de financement pour les ASP 4.0 est planifi\u00e9e ce printemps<\/li>\n<\/ul>\n<\/li>\n<\/ul>\n<ul>\n<li><strong>Leveraging Canadian Wild Lowbush Blueberry Fields for Climate Change Mitigation<\/strong>\n<ul>\n<li>Chercheur principal:\u00a0 Maxime Par\u00e9<\/li>\n<li>Organisme subventionnaire: CRSNG.\u00a0 <strong>2.4 M$<\/strong><\/li>\n<li><span style=\"text-decoration: underline\">Statut des travaux:<\/span>\u00a0 demande d\u00e9pos\u00e9e au CRSNG en novembre 2023.\u00a0 R\u00e9ponse attendue en avril 2024<\/li>\n<\/ul>\n<\/li>\n<\/ul>\n<ul>\n<li><strong>P\u00f4le d&#8217;innovation en cultures fruiti\u00e8res : vers le d\u00e9veloppement d&#8217;un \u00e9cosyst\u00e8me fruitier de recherche et de production \u00e9cologique et de proximit\u00e9 pour le Qu\u00e9bec<\/strong>\n<ul>\n<li>Chercheur principal:\u00a0 Mario Handfield<\/li>\n<li>Organisme subventionnaire: CRSNG.\u00a0\u00a0<strong>7.9\u00a0M$<\/strong><\/li>\n<li><span style=\"text-decoration: underline\">Statut des travaux:<\/span>\u00a0 demande d\u00e9pos\u00e9e au CRSNG en d\u00e9cembre 2023.\u00a0 R\u00e9ponse attendue en avril 2024<\/li>\n<\/ul>\n<\/li>\n<\/ul>\n","protected":false},"excerpt":{"rendered":"<p>Projets en cours \u21d2 Chercheure principale\u00a0\u21d0 L\u2019agriculture nord-c\u00f4ti\u00e8re : \u00c9tat de situation, enjeux, d\u00e9fis et opportunit\u00e9s pour les entreprises et les travailleurs agricoles Co-chercheur.e.s: Jonathan Binet \u00c9tudiant.e.s chercheur.e.s: Trycia Lavigne Projet financ\u00e9 par :\u00a0 CRDT, nouvelles initiatives\u00a0 4000$ Statut des travaux:\u00a0 nous sommes pr\u00e9sentement en\u00a0\u00e9tude pr\u00e9-terrain pour mieux cibler les objectifs de notre \u00e9tude.\u00a0 Nous &hellip; <a href=\"https:\/\/portfolio.uqac.ca\/sabrinatremblay\/recherche\/\" class=\"more-link\">Continuer la lecture de <span class=\"screen-reader-text\">Recherche<\/span>  <span class=\"meta-nav\">&rarr;<\/span><\/a><\/p>\n","protected":false},"author":27,"featured_media":0,"parent":0,"menu_order":0,"comment_status":"closed","ping_status":"closed","template":"","meta":{"footnotes":""},"tags":[],"_links":{"self":[{"href":"https:\/\/portfolio.uqac.ca\/sabrinatremblay\/wp-json\/wp\/v2\/pages\/46"}],"collection":[{"href":"https:\/\/portfolio.uqac.ca\/sabrinatremblay\/wp-json\/wp\/v2\/pages"}],"about":[{"href":"https:\/\/portfolio.uqac.ca\/sabrinatremblay\/wp-json\/wp\/v2\/types\/page"}],"author":[{"embeddable":true,"href":"https:\/\/portfolio.uqac.ca\/sabrinatremblay\/wp-json\/wp\/v2\/users\/27"}],"replies":[{"embeddable":true,"href":"https:\/\/portfolio.uqac.ca\/sabrinatremblay\/wp-json\/wp\/v2\/comments?post=46"}],"version-history":[{"count":20,"href":"https:\/\/portfolio.uqac.ca\/sabrinatremblay\/wp-json\/wp\/v2\/pages\/46\/revisions"}],"predecessor-version":[{"id":220,"href":"https:\/\/portfolio.uqac.ca\/sabrinatremblay\/wp-json\/wp\/v2\/pages\/46\/revisions\/220"}],"wp:attachment":[{"href":"https:\/\/portfolio.uqac.ca\/sabrinatremblay\/wp-json\/wp\/v2\/media?parent=46"}],"wp:term":[{"taxonomy":"post_tag","embeddable":true,"href":"https:\/\/portfolio.uqac.ca\/sabrinatremblay\/wp-json\/wp\/v2\/tags?post=46"}],"curies":[{"name":"wp","href":"https:\/\/api.w.org\/{rel}","templated":true}]}}