{"id":163,"date":"2022-04-20T18:05:41","date_gmt":"2022-04-20T22:05:41","guid":{"rendered":"http:\/\/portfolio-pre.uqac.ca\/salmataouedraogo\/?page_id=163"},"modified":"2022-08-18T09:16:10","modified_gmt":"2022-08-18T13:16:10","slug":"subventions","status":"publish","type":"page","link":"https:\/\/portfolio.uqac.ca\/salmataouedraogo\/subventions\/","title":{"rendered":"Subventions"},"content":{"rendered":"<p><strong>Chercheure principale<\/strong><\/p>\n<ul>\n<li>Cocr\u00e9er des outils de gestion du programme La Cantine dans les \u00e9coles au Saguenay\u2013Lac-Saint-Jean: projet financ\u00e9 par le Minist\u00e8re de l&#8217;\u00c9conomie et de l&#8217;Innovation (2020-2023):\u00a0<strong>152 884$<\/strong><\/li>\n<li>Cocr\u00e9er des outils de gestion du programme La Cantine dans les \u00e9coles au Saguenay\u2013Lac-Saint-Jean: projet financ\u00e9 par la Fondation Lucie et Andr\u00e9 Chagnon (2020-2023):\u00a0 <strong>124 700 $<\/strong><\/li>\n<li>Comprendre les retomb\u00e9es d&#8217;un projet de coop\u00e9ration internationale par le renforcement des capacit\u00e9s en \u00e9valuation participative: projet financ\u00e9 par le\u00a0CRSH-Subvention d\u2019engagement partenarial (2021-2023; co-chercheurs: Dominic Bizot et Marie Fall):\u00a0<strong>24 948$<\/strong><\/li>\n<li>Bien comprendre pour mieux intervenir: projet financ\u00e9 par le\u00a0CRSH-Subvention d\u2019engagement partenarial (co-chercheure Anastasie Amboul\u00e9-Abath):\u00a0\u00a0<strong>24 818 $<\/strong><\/li>\n<li>\u00a0La Cantine dans les \u00e9coles et r\u00e9ussite \u00e9ducative au Saguenay-Lac-Saint-Jean: projet financ\u00e9 par la Fondation de l\u2019UQAC (2021-2022; co-chercheure Anastasie Amboul\u00e9-Abath ):\u00a0<strong>9 190 $<\/strong><\/li>\n<li>Conception d&#8217;indicateurs de s\u00e9curit\u00e9 alimentaire:\u00a0\u00a0projet financ\u00e9 par la Fondation de l&#8217;Universit\u00e9 du Qu\u00e9bec \u00e0 Chicoutimi, PSDrc Volet A (2020-2021): <strong>7 000\u00a0$<\/strong><\/li>\n<\/ul>\n<p><strong>Co-Chercheure<\/strong><\/p>\n<p><strong><em>Chercheur principal:\u00a0Dominic Bizot<\/em><\/strong><\/p>\n<ul>\n<li>Autonomisation des jeunes femmes de Ouagadougou et de<br \/>\nGu\u00e9diawaye: projet en collaboration avec le Centre de solidarit\u00e9<br \/>\ninternationale du Saguenay\u2014Lac-Saint-Jean financ\u00e9 par Affaires mondiales Canada\u00a0 (2019-2023):\u00a0<strong>253 963 $<\/strong><\/li>\n<li>\u00c9change d&#8217;expertises sur l&#8217;entrepreneuriat f\u00e9minin et la place des femmes dans la relance post-covid:\u00a0 projet financ\u00e9 par le Minist\u00e8re des Relations internationales et de la Francophonie, appel \u00e0 projets Qu\u00e9bec-S\u00e9n\u00e9gal\u00a0 (2022-2023):\u00a0<strong>10 000 $<\/strong><\/li>\n<\/ul>\n<p><strong><em>Chercheure principale:\u00a0Anastasie Amboul\u00e9 Abath<\/em><\/strong><\/p>\n<ul>\n<li>Dynamiques familiales pour une \u00e9ducation \u00e9quitable et inclusive des \u00e9l\u00e8ves issus des minorit\u00e9s ethnoculturelles scolaris\u00e9s dans les \u00e9coles (primaires et secondaires) au Saguenay-Lac-Saint-Jean (SLSJ):\u00a0projet financ\u00e9 par la Fondation de l&#8217;UQAC (2022-2023):\u00a0<strong>8 333 $<\/strong><\/li>\n<li>Partenariats \u00e9ducatifs en milieux d\u00e9favoris\u00e9s sur le territoire de Saguenay : quelles implications communautaires ?\u00a0:\u00a0projet financ\u00e9 par Subvention institutionnelle- CRSH (2022-2023): <strong>6 983,34$<\/strong><\/li>\n<\/ul>\n<p><strong><em>Chercheure principale: Marie Fall<\/em><\/strong><\/p>\n<ul>\n<li>Comprendre les retomb\u00e9es de la d\u00e9marche Municipalit\u00e9 Nourrici\u00e8re au Saguenay-Lac-Saint-Jean pour mieux l&#8217;adapter dans d&#8217;autres communaut\u00e9s:\u00a0projet financ\u00e9 par le\u00a0CRSH-Subvention d\u2019engagement partenarial (2022-2023): <strong>24 904$<\/strong><\/li>\n<\/ul>\n<ul>\n<li>Comprendre les retomb\u00e9es de la d\u00e9marche Municipalit\u00e9 Nourrici\u00e8re au Saguenay-Lac-Saint-Jean pour mieux l&#8217;adapter dans deux communes rurales du S\u00e9n\u00e9gal :\u00a0 \u00a0projet financ\u00e9 par le\u00a0 Centre de recherches pour le d\u00e9veloppement territorial (2021-2022): <strong>4 000$<\/strong><\/li>\n<li>Coop\u00e9ration internationale et d\u00e9veloppement r\u00e9gional: Le Saguenay &#8211; Lac-St-Jean et la coop\u00e9ration internationale en Afrique :\u00a0 projet financ\u00e9 par la Fondation de l&#8217;Universit\u00e9 du Qu\u00e9bec \u00e0 Chicoutimi (2015-2016):<strong>\u00a07 900$<\/strong><\/li>\n<\/ul>\n","protected":false},"excerpt":{"rendered":"<p>Chercheure principale Cocr\u00e9er des outils de gestion du programme La Cantine dans les \u00e9coles au Saguenay\u2013Lac-Saint-Jean: projet financ\u00e9 par le Minist\u00e8re de l&#8217;\u00c9conomie et de l&#8217;Innovation (2020-2023):\u00a0152 884$ Cocr\u00e9er des outils de gestion du programme La Cantine dans les \u00e9coles au Saguenay\u2013Lac-Saint-Jean: projet financ\u00e9 par la Fondation Lucie et Andr\u00e9 Chagnon (2020-2023):\u00a0 124 700 $ &hellip; <a href=\"https:\/\/portfolio.uqac.ca\/salmataouedraogo\/subventions\/\" class=\"more-link\">Continuer la lecture de <span class=\"screen-reader-text\">Subventions<\/span>  <span class=\"meta-nav\">&rarr;<\/span><\/a><\/p>\n","protected":false},"author":200,"featured_media":0,"parent":0,"menu_order":0,"comment_status":"closed","ping_status":"closed","template":"","meta":{"footnotes":""},"tags":[],"_links":{"self":[{"href":"https:\/\/portfolio.uqac.ca\/salmataouedraogo\/wp-json\/wp\/v2\/pages\/163"}],"collection":[{"href":"https:\/\/portfolio.uqac.ca\/salmataouedraogo\/wp-json\/wp\/v2\/pages"}],"about":[{"href":"https:\/\/portfolio.uqac.ca\/salmataouedraogo\/wp-json\/wp\/v2\/types\/page"}],"author":[{"embeddable":true,"href":"https:\/\/portfolio.uqac.ca\/salmataouedraogo\/wp-json\/wp\/v2\/users\/200"}],"replies":[{"embeddable":true,"href":"https:\/\/portfolio.uqac.ca\/salmataouedraogo\/wp-json\/wp\/v2\/comments?post=163"}],"version-history":[{"count":10,"href":"https:\/\/portfolio.uqac.ca\/salmataouedraogo\/wp-json\/wp\/v2\/pages\/163\/revisions"}],"predecessor-version":[{"id":211,"href":"https:\/\/portfolio.uqac.ca\/salmataouedraogo\/wp-json\/wp\/v2\/pages\/163\/revisions\/211"}],"wp:attachment":[{"href":"https:\/\/portfolio.uqac.ca\/salmataouedraogo\/wp-json\/wp\/v2\/media?parent=163"}],"wp:term":[{"taxonomy":"post_tag","embeddable":true,"href":"https:\/\/portfolio.uqac.ca\/salmataouedraogo\/wp-json\/wp\/v2\/tags?post=163"}],"curies":[{"name":"wp","href":"https:\/\/api.w.org\/{rel}","templated":true}]}}