{"id":18,"date":"2012-07-23T20:05:15","date_gmt":"2012-07-23T20:05:15","guid":{"rendered":"http:\/\/portfolio-pre.uqac.ca\/gabarit\/?page_id=18"},"modified":"2022-04-23T16:46:56","modified_gmt":"2022-04-23T20:46:56","slug":"enseignement","status":"publish","type":"page","link":"https:\/\/portfolio.uqac.ca\/salmataouedraogo\/enseignement\/","title":{"rendered":"Enseignement"},"content":{"rendered":"<p><strong>E<\/strong><strong>NSEIGNEMENT<\/strong><\/p>\n<h3>\u00a0Baccalaur\u00e9at en administration (B.A.)<\/h3>\n<ul>\n<li><a href=\"https:\/\/cours.uqac.ca\/2ECO102\">2ECO102<\/a>: Environnement \u00e9conomique de l&#8217;entreprise<\/li>\n<li><a href=\"https:\/\/cours.uqac.ca\/2ECO305\">2ECO305<\/a>\u00a0: Gestion \u00e9conomique d&#8217;entreprise<\/li>\n<li><a href=\"https:\/\/cours.uqac.ca\/2ECO205\">2ECO205 :\u00a0<\/a>\u00c9conomie manag\u00e9riale<\/li>\n<li><a href=\"https:\/\/cours.uqac.ca\/2ECA101\">2ECA101 <\/a>: Veille et tendances \u00e9conomiques mondiales<\/li>\n<\/ul>\n<h3>Baccalaur\u00e9ats en\u00a0g\u00e9nie<\/h3>\n<ul>\n<li><a href=\"https:\/\/cours.uqac.ca\/6GIN630\">6GIN630<\/a>: \u00c9conomique du g\u00e9nie<\/li>\n<\/ul>\n<h3>Ma\u00eetrise en gestion des organisations (MGO)<\/h3>\n<ul>\n<li><a href=\"https:\/\/cours.uqac.ca\/2MGO712\">2MGO712 <\/a>: L&#8217;entreprise et la mondialisation<\/li>\n<li><a href=\"https:\/\/cours.uqac.ca\/2MGO736\">2MGO736 <\/a>: Organisations sociales et d\u00e9veloppement<\/li>\n<li><a href=\"https:\/\/cours.uqac.ca\/2MGO707\">2MGO707<\/a>: S\u00e9minaire de sp\u00e9cialisation I<\/li>\n<li><a href=\"https:\/\/cours.uqac.ca\/2MGO708\">2MGO708<\/a>: S\u00e9minaire de sp\u00e9cialisation II<\/li>\n<li><a href=\"https:\/\/cours.uqac.ca\/2MGO732\">2MGO732<\/a>: Projet d\u2019intervention<\/li>\n<li><a href=\"https:\/\/cours.uqac.ca\/2MGO733\">2MGO733<\/a>: Essai<\/li>\n<li><a href=\"https:\/\/cours.uqac.ca\/2MGO740A\">2MGO740A-C<\/a>: Projet de m\u00e9moire<\/li>\n<li><a href=\"https:\/\/cours.uqac.ca\/2RECHER\">2RECHER<\/a>: M\u00e9moire<\/li>\n<\/ul>\n<h3>Ma\u00eetrise en gestion de projet (MGP)<\/h3>\n<ul>\n<li><a href=\"https:\/\/cours.uqac.ca\/MGP708X\">MGP708X : <\/a>Sujets sp\u00e9ciaux\u00a0(Aspects socio\u00e9conomiques, politiques et environnementaux des projets)<\/li>\n<li><a href=\"https:\/\/cours.uqac.ca\/MGP7303\">MGP7303 <\/a>: Gouvernance et alignement strat\u00e9gique de portefeuille de projets<\/li>\n<\/ul>\n<h3>Ma\u00eetrise en \u00e9tudes et interventions r\u00e9gionales\u00a0 (M\u00c9IR)<\/h3>\n<ul>\n<li><a href=\"https:\/\/cours.uqac.ca\/4ESR811\">4ESR811 <\/a>: Ph\u00e9nom\u00e8ne r\u00e9gional : concepts et m\u00e9thodes d&#8217;analyse<\/li>\n<li><a href=\"https:\/\/cours.uqac.ca\/4ESR838B\">4ESR838B <\/a>: Ph\u00e9nom\u00e8ne r\u00e9gional II: concepts et outils d&#8217;analyse (\u00e9conomique)<\/li>\n<\/ul>\n<h3>Doctorat en management de projets (DMP)<\/h3>\n<ul>\n<li><a href=\"https:\/\/cours.uqac.ca\/DMP9004\">DMP9004\u00a0<\/a>: Fondements d\u00e9cisionnels en gestion de projets<\/li>\n<li><a href=\"https:\/\/cours.uqac.ca\/DMP9008\">DMP9008<\/a>: S\u00e9minaire de sp\u00e9cialisation II<\/li>\n<li><a href=\"https:\/\/cours.uqac.ca\/DMP9009\">DMP9009 <\/a>: Examen de synth\u00e8se<\/li>\n<li><a href=\"https:\/\/cours.uqac.ca\/DMP9014\">DMP9014 <\/a>: Aspects sociopolitiques des projets<\/li>\n<\/ul>\n<p>&nbsp;<\/p>\n<p>&nbsp;<\/p>\n","protected":false},"excerpt":{"rendered":"<p>ENSEIGNEMENT \u00a0Baccalaur\u00e9at en administration (B.A.) 2ECO102: Environnement \u00e9conomique de l&#8217;entreprise 2ECO305\u00a0: Gestion \u00e9conomique d&#8217;entreprise 2ECO205 :\u00a0\u00c9conomie manag\u00e9riale 2ECA101 : Veille et tendances \u00e9conomiques mondiales Baccalaur\u00e9ats en\u00a0g\u00e9nie 6GIN630: \u00c9conomique du g\u00e9nie Ma\u00eetrise en gestion des organisations (MGO) 2MGO712 : L&#8217;entreprise et la mondialisation 2MGO736 : Organisations sociales et d\u00e9veloppement 2MGO707: S\u00e9minaire de sp\u00e9cialisation I 2MGO708: S\u00e9minaire &hellip; <a href=\"https:\/\/portfolio.uqac.ca\/salmataouedraogo\/enseignement\/\" class=\"more-link\">Continuer la lecture de <span class=\"screen-reader-text\">Enseignement<\/span>  <span class=\"meta-nav\">&rarr;<\/span><\/a><\/p>\n","protected":false},"author":200,"featured_media":0,"parent":0,"menu_order":0,"comment_status":"closed","ping_status":"closed","template":"","meta":{"footnotes":""},"tags":[],"_links":{"self":[{"href":"https:\/\/portfolio.uqac.ca\/salmataouedraogo\/wp-json\/wp\/v2\/pages\/18"}],"collection":[{"href":"https:\/\/portfolio.uqac.ca\/salmataouedraogo\/wp-json\/wp\/v2\/pages"}],"about":[{"href":"https:\/\/portfolio.uqac.ca\/salmataouedraogo\/wp-json\/wp\/v2\/types\/page"}],"author":[{"embeddable":true,"href":"https:\/\/portfolio.uqac.ca\/salmataouedraogo\/wp-json\/wp\/v2\/users\/200"}],"replies":[{"embeddable":true,"href":"https:\/\/portfolio.uqac.ca\/salmataouedraogo\/wp-json\/wp\/v2\/comments?post=18"}],"version-history":[{"count":15,"href":"https:\/\/portfolio.uqac.ca\/salmataouedraogo\/wp-json\/wp\/v2\/pages\/18\/revisions"}],"predecessor-version":[{"id":205,"href":"https:\/\/portfolio.uqac.ca\/salmataouedraogo\/wp-json\/wp\/v2\/pages\/18\/revisions\/205"}],"wp:attachment":[{"href":"https:\/\/portfolio.uqac.ca\/salmataouedraogo\/wp-json\/wp\/v2\/media?parent=18"}],"wp:term":[{"taxonomy":"post_tag","embeddable":true,"href":"https:\/\/portfolio.uqac.ca\/salmataouedraogo\/wp-json\/wp\/v2\/tags?post=18"}],"curies":[{"name":"wp","href":"https:\/\/api.w.org\/{rel}","templated":true}]}}