{"id":4,"date":"2012-07-23T17:46:31","date_gmt":"2012-07-23T17:46:31","guid":{"rendered":"http:\/\/portfolio-pre.uqac.ca\/gabarit\/?page_id=4"},"modified":"2024-11-11T13:23:30","modified_gmt":"2024-11-11T18:23:30","slug":"presentatio","status":"publish","type":"page","link":"https:\/\/portfolio.uqac.ca\/salmataouedraogo\/","title":{"rendered":"Pr\u00e9sentation"},"content":{"rendered":"<h2>Salmata Ouedraogo, PhD<\/h2>\n<p>Professeure titulaire au d\u00e9partement des sciences \u00e9conomiques et administratives<\/p>\n<p><strong>Bienvenue sur ma page web! <\/strong><\/p>\n<p><strong>Je suis une \u00e9conomiste \u00e0 spectre large qui cherche \u00e0 mieux comprendre les d\u00e9fis auxquels sont confront\u00e9s les individus, les m\u00e9nages et les communaut\u00e9s. Mes travaux de recherche portent sur des probl\u00e9matiques pratiques de d\u00e9veloppement, telles que la pauvret\u00e9, l\u2019\u00e9conomie sociale, le genre, la sant\u00e9 et l\u2019\u00e9ducation. Mon objectif est d&#8217;identifier les outils et les politiques qui peuvent aider \u00e0 surmonter ces d\u00e9fis et \u00e0 cr\u00e9er des soci\u00e9t\u00e9s socio\u00e9conomiquement prosp\u00e8res, inclusives, \u00e9quitables et durables.<\/strong><\/p>\n<p>&nbsp;<\/p>\n","protected":false},"excerpt":{"rendered":"<p>Salmata Ouedraogo, PhD Professeure titulaire au d\u00e9partement des sciences \u00e9conomiques et administratives Bienvenue sur ma page web! Je suis une \u00e9conomiste \u00e0 spectre large qui cherche \u00e0 mieux comprendre les d\u00e9fis auxquels sont confront\u00e9s les individus, les m\u00e9nages et les communaut\u00e9s. Mes travaux de recherche portent sur des probl\u00e9matiques pratiques de d\u00e9veloppement, telles que la &hellip; <a href=\"https:\/\/portfolio.uqac.ca\/salmataouedraogo\/\" class=\"more-link\">Continuer la lecture de <span class=\"screen-reader-text\">Pr\u00e9sentation<\/span>  <span class=\"meta-nav\">&rarr;<\/span><\/a><\/p>\n","protected":false},"author":200,"featured_media":0,"parent":0,"menu_order":0,"comment_status":"closed","ping_status":"closed","template":"","meta":{"footnotes":""},"tags":[9,5,10,4],"_links":{"self":[{"href":"https:\/\/portfolio.uqac.ca\/salmataouedraogo\/wp-json\/wp\/v2\/pages\/4"}],"collection":[{"href":"https:\/\/portfolio.uqac.ca\/salmataouedraogo\/wp-json\/wp\/v2\/pages"}],"about":[{"href":"https:\/\/portfolio.uqac.ca\/salmataouedraogo\/wp-json\/wp\/v2\/types\/page"}],"author":[{"embeddable":true,"href":"https:\/\/portfolio.uqac.ca\/salmataouedraogo\/wp-json\/wp\/v2\/users\/200"}],"replies":[{"embeddable":true,"href":"https:\/\/portfolio.uqac.ca\/salmataouedraogo\/wp-json\/wp\/v2\/comments?post=4"}],"version-history":[{"count":25,"href":"https:\/\/portfolio.uqac.ca\/salmataouedraogo\/wp-json\/wp\/v2\/pages\/4\/revisions"}],"predecessor-version":[{"id":228,"href":"https:\/\/portfolio.uqac.ca\/salmataouedraogo\/wp-json\/wp\/v2\/pages\/4\/revisions\/228"}],"wp:attachment":[{"href":"https:\/\/portfolio.uqac.ca\/salmataouedraogo\/wp-json\/wp\/v2\/media?parent=4"}],"wp:term":[{"taxonomy":"post_tag","embeddable":true,"href":"https:\/\/portfolio.uqac.ca\/salmataouedraogo\/wp-json\/wp\/v2\/tags?post=4"}],"curies":[{"name":"wp","href":"https:\/\/api.w.org\/{rel}","templated":true}]}}