{"id":18,"date":"2012-07-23T20:05:15","date_gmt":"2012-07-23T20:05:15","guid":{"rendered":"http:\/\/portfolio-pre.uqac.ca\/gabarit\/?page_id=18"},"modified":"2020-09-15T19:29:58","modified_gmt":"2020-09-15T23:29:58","slug":"enseignement","status":"publish","type":"page","link":"https:\/\/portfolio.uqac.ca\/sandrajuneau\/enseignement\/","title":{"rendered":"Enseignement"},"content":{"rendered":"<p>4SVS224 &#8211; Initiation en intervention sociale et identit\u00e9 professionnelle<\/p>\n<p>4SVS229 &#8211; Intervention aupr\u00e8s des familles<\/p>\n<p>4TSO6043 &#8211; Enfance, adolescence et intervention psychosociale en r\u00e9seaux<\/p>\n<p>4TSO6009- Nouveaux probl\u00e8mes sociaux et politiques sociales<\/p>\n<p>4SVS313 et 4SVS315 &#8211; Stage I et II<\/p>\n<p>4TXM133 &#8211; D\u00e9pendances, client\u00e8les sp\u00e9cifiques et probl\u00e9matiques associ\u00e9es<\/p>\n<p>4TXM139 -\u00c9valuation des d\u00e9pendances<\/p>\n<p>4TXM141 &#8211; Intervention en toxicomanie et autres d\u00e9pendances<\/p>\n<p>4TXM136 &#8211; Pr\u00e9vention des d\u00e9pendances<\/p>\n<p>&nbsp;<\/p>\n","protected":false},"excerpt":{"rendered":"<p>4SVS224 &#8211; Initiation en intervention sociale et identit\u00e9 professionnelle 4SVS229 &#8211; Intervention aupr\u00e8s des familles 4TSO6043 &#8211; Enfance, adolescence et intervention psychosociale en r\u00e9seaux 4TSO6009- Nouveaux probl\u00e8mes sociaux et politiques sociales 4SVS313 et 4SVS315 &#8211; Stage I et II 4TXM133 &#8211; D\u00e9pendances, client\u00e8les sp\u00e9cifiques et probl\u00e9matiques associ\u00e9es 4TXM139 -\u00c9valuation des d\u00e9pendances 4TXM141 &#8211; Intervention en &hellip; <a href=\"https:\/\/portfolio.uqac.ca\/sandrajuneau\/enseignement\/\" class=\"more-link\">Continuer la lecture de <span class=\"screen-reader-text\">Enseignement<\/span>  <span class=\"meta-nav\">&rarr;<\/span><\/a><\/p>\n","protected":false},"author":35,"featured_media":0,"parent":0,"menu_order":0,"comment_status":"closed","ping_status":"closed","template":"","meta":{"footnotes":""},"tags":[],"_links":{"self":[{"href":"https:\/\/portfolio.uqac.ca\/sandrajuneau\/wp-json\/wp\/v2\/pages\/18"}],"collection":[{"href":"https:\/\/portfolio.uqac.ca\/sandrajuneau\/wp-json\/wp\/v2\/pages"}],"about":[{"href":"https:\/\/portfolio.uqac.ca\/sandrajuneau\/wp-json\/wp\/v2\/types\/page"}],"author":[{"embeddable":true,"href":"https:\/\/portfolio.uqac.ca\/sandrajuneau\/wp-json\/wp\/v2\/users\/35"}],"replies":[{"embeddable":true,"href":"https:\/\/portfolio.uqac.ca\/sandrajuneau\/wp-json\/wp\/v2\/comments?post=18"}],"version-history":[{"count":4,"href":"https:\/\/portfolio.uqac.ca\/sandrajuneau\/wp-json\/wp\/v2\/pages\/18\/revisions"}],"predecessor-version":[{"id":96,"href":"https:\/\/portfolio.uqac.ca\/sandrajuneau\/wp-json\/wp\/v2\/pages\/18\/revisions\/96"}],"wp:attachment":[{"href":"https:\/\/portfolio.uqac.ca\/sandrajuneau\/wp-json\/wp\/v2\/media?parent=18"}],"wp:term":[{"taxonomy":"post_tag","embeddable":true,"href":"https:\/\/portfolio.uqac.ca\/sandrajuneau\/wp-json\/wp\/v2\/tags?post=18"}],"curies":[{"name":"wp","href":"https:\/\/api.w.org\/{rel}","templated":true}]}}