{"id":27,"date":"2012-07-24T12:57:18","date_gmt":"2012-07-24T12:57:18","guid":{"rendered":"http:\/\/portfolio-pre.uqac.ca\/gabarit\/?page_id=27"},"modified":"2020-09-15T19:31:16","modified_gmt":"2020-09-15T23:31:16","slug":"curriculum-vitae","status":"publish","type":"page","link":"https:\/\/portfolio.uqac.ca\/sandrajuneau\/curriculum-vitae\/","title":{"rendered":"Curriculum vitae"},"content":{"rendered":"<p><strong>Dipl\u00f4mes : <\/strong><\/p>\n<p>Doctorat en service social, Universit\u00e9 Laval<\/p>\n<p>Maitrise en travail social, Universit\u00e9 du Qu\u00e9bec \u00e0 Outaouais<\/p>\n<p>Dipl\u00f4me 3.<\/p>\n<p><strong><br \/>\nAffiliations professionnelles :<\/strong><\/p>\n<p>Affiliation 1.<\/p>\n<p>Affiliation 2.<\/p>\n<p>Affiliation 3.<\/p>\n<p><strong><br \/>\nActivit\u00e9s : <\/strong><\/p>\n<p>Activit\u00e9 1.<\/p>\n<p>Activit\u00e9 2.<\/p>\n<p>Activit\u00e9\u00a03.<\/p>\n","protected":false},"excerpt":{"rendered":"<p>Dipl\u00f4mes : Doctorat en service social, Universit\u00e9 Laval Maitrise en travail social, Universit\u00e9 du Qu\u00e9bec \u00e0 Outaouais Dipl\u00f4me 3. Affiliations professionnelles : Affiliation 1. Affiliation 2. Affiliation 3. Activit\u00e9s : Activit\u00e9 1. Activit\u00e9 2. Activit\u00e9\u00a03.<\/p>\n","protected":false},"author":35,"featured_media":0,"parent":0,"menu_order":0,"comment_status":"closed","ping_status":"closed","template":"","meta":{"footnotes":""},"tags":[],"_links":{"self":[{"href":"https:\/\/portfolio.uqac.ca\/sandrajuneau\/wp-json\/wp\/v2\/pages\/27"}],"collection":[{"href":"https:\/\/portfolio.uqac.ca\/sandrajuneau\/wp-json\/wp\/v2\/pages"}],"about":[{"href":"https:\/\/portfolio.uqac.ca\/sandrajuneau\/wp-json\/wp\/v2\/types\/page"}],"author":[{"embeddable":true,"href":"https:\/\/portfolio.uqac.ca\/sandrajuneau\/wp-json\/wp\/v2\/users\/35"}],"replies":[{"embeddable":true,"href":"https:\/\/portfolio.uqac.ca\/sandrajuneau\/wp-json\/wp\/v2\/comments?post=27"}],"version-history":[{"count":4,"href":"https:\/\/portfolio.uqac.ca\/sandrajuneau\/wp-json\/wp\/v2\/pages\/27\/revisions"}],"predecessor-version":[{"id":97,"href":"https:\/\/portfolio.uqac.ca\/sandrajuneau\/wp-json\/wp\/v2\/pages\/27\/revisions\/97"}],"wp:attachment":[{"href":"https:\/\/portfolio.uqac.ca\/sandrajuneau\/wp-json\/wp\/v2\/media?parent=27"}],"wp:term":[{"taxonomy":"post_tag","embeddable":true,"href":"https:\/\/portfolio.uqac.ca\/sandrajuneau\/wp-json\/wp\/v2\/tags?post=27"}],"curies":[{"name":"wp","href":"https:\/\/api.w.org\/{rel}","templated":true}]}}