{"id":4,"date":"2012-07-23T17:46:31","date_gmt":"2012-07-23T17:46:31","guid":{"rendered":"http:\/\/portfolio-pre.uqac.ca\/gabarit\/?page_id=4"},"modified":"2020-09-15T19:32:01","modified_gmt":"2020-09-15T23:32:01","slug":"presentatio","status":"publish","type":"page","link":"https:\/\/portfolio.uqac.ca\/sandrajuneau\/","title":{"rendered":"Pr\u00e9sentation"},"content":{"rendered":"<h2>Sandra Juneau<\/h2>\n<p>Professeure au d\u00e9partement des sciences humaines<\/p>\n<p>Travailleuse sociale \u00e0 la Clinique universitaire en travail social<\/p>\n<p>Professeure responsable de la formation pratique<\/p>\n<h2>Champs d&#8217;int\u00e9r\u00eat<\/h2>\n<p style=\"text-align: left\">d\u00e9pendances, r\u00e9seaux sociaux, internet, jeux vid\u00e9os, anxi\u00e9t\u00e9, stress, TDAH, comorbidit\u00e9, famille, enfance, adolescence, formation continue, pratique r\u00e9flexive, yoga, pr\u00e9sence attentive.<\/p>\n","protected":false},"excerpt":{"rendered":"<p>Sandra Juneau Professeure au d\u00e9partement des sciences humaines Travailleuse sociale \u00e0 la Clinique universitaire en travail social Professeure responsable de la formation pratique Champs d&#8217;int\u00e9r\u00eat d\u00e9pendances, r\u00e9seaux sociaux, internet, jeux vid\u00e9os, anxi\u00e9t\u00e9, stress, TDAH, comorbidit\u00e9, famille, enfance, adolescence, formation continue, pratique r\u00e9flexive, yoga, pr\u00e9sence attentive.<\/p>\n","protected":false},"author":35,"featured_media":0,"parent":0,"menu_order":0,"comment_status":"closed","ping_status":"closed","template":"","meta":{"footnotes":""},"tags":[],"_links":{"self":[{"href":"https:\/\/portfolio.uqac.ca\/sandrajuneau\/wp-json\/wp\/v2\/pages\/4"}],"collection":[{"href":"https:\/\/portfolio.uqac.ca\/sandrajuneau\/wp-json\/wp\/v2\/pages"}],"about":[{"href":"https:\/\/portfolio.uqac.ca\/sandrajuneau\/wp-json\/wp\/v2\/types\/page"}],"author":[{"embeddable":true,"href":"https:\/\/portfolio.uqac.ca\/sandrajuneau\/wp-json\/wp\/v2\/users\/35"}],"replies":[{"embeddable":true,"href":"https:\/\/portfolio.uqac.ca\/sandrajuneau\/wp-json\/wp\/v2\/comments?post=4"}],"version-history":[{"count":15,"href":"https:\/\/portfolio.uqac.ca\/sandrajuneau\/wp-json\/wp\/v2\/pages\/4\/revisions"}],"predecessor-version":[{"id":98,"href":"https:\/\/portfolio.uqac.ca\/sandrajuneau\/wp-json\/wp\/v2\/pages\/4\/revisions\/98"}],"wp:attachment":[{"href":"https:\/\/portfolio.uqac.ca\/sandrajuneau\/wp-json\/wp\/v2\/media?parent=4"}],"wp:term":[{"taxonomy":"post_tag","embeddable":true,"href":"https:\/\/portfolio.uqac.ca\/sandrajuneau\/wp-json\/wp\/v2\/tags?post=4"}],"curies":[{"name":"wp","href":"https:\/\/api.w.org\/{rel}","templated":true}]}}