{"id":161,"date":"2020-05-11T22:15:29","date_gmt":"2020-05-12T02:15:29","guid":{"rendered":"http:\/\/portfolio-pre.uqac.ca\/sarahdare\/?page_id=161"},"modified":"2025-02-01T11:08:29","modified_gmt":"2025-02-01T16:08:29","slug":"etudiants","status":"publish","type":"page","link":"https:\/\/portfolio.uqac.ca\/sarahdare\/etudiants\/","title":{"rendered":"\u00c9TUDIANTS"},"content":{"rendered":"<p><strong>TOTAL: 38 \u00e9tudiant.e.s\/students (31 compl\u00e9t\u00e9, 7 en cours)<\/strong><\/p>\n<p><strong>En cours \/In progress (67-<\/strong> including 0 as *co-supervisor<strong>)<\/strong><\/p>\n<p><span style=\"text-decoration: underline\">1 postdoc, 2 PhD, 2 MSc, 2 B.Sc.<\/span><\/p>\n<ol>\n<li>Kieffer M. (J<strong>an 2025 &#8211; Dec 2027<\/strong>) Development of apatite to identify the age and source of Fe-Ti-V-P mineralization in the Grenville Province.\u00a0<strong><u>Post-doctorate fellow<\/u><\/strong>. Collaborators: Josh Davies (UQAM), H\u00e9l\u00e8ne Legros (MRNF), Eduardo Mansur (NGU)<\/li>\n<li>Ndiaye M. et Sarr R. (<strong>2025 en cours<\/strong>) Utilisation de la chimie des orthopyrox\u00e8nes par LA-ICP-MS pour \u00e9valuer les diff\u00e9rents processus magmatiques impliqu\u00e9s dans la formation de massif anorthositique. <strong><span style=\"text-decoration: underline\">BSc thesis<\/span><\/strong> (UQAC). Co-supervisor: R.-L., Simard<\/li>\n<li>Bounour B. (<strong>May 2024<\/strong> &#8211; ) Cartographie des faci\u00e8s et compositions g\u00e9ochimiques de la Suite anorthositique de Lac-Saint-Jean, secteur nord, associ\u00e9es aux min\u00e9ralisations Ni-Cu. \u00a0<u><strong>MSc thesi<\/strong>s<\/u>\u00a0(UQAC). Codirector \u2013 Ren\u00e9e-Luce Simard. Funding: MRNF G\u00e9ologie Qu\u00e9bec<\/li>\n<li>Katako Diyoyo J., (<strong>May\u00a02023 \u2013 <\/strong>) Cartographie des faci\u00e8s et compositions g\u00e9ochimiques de la Suite anorthositique de Lac-Saint-Jean, secteur Saguenay associ\u00e9es aux min\u00e9ralisations Fe-V-Ti-P et Ni-Cu du corridor de St-Charles-de-Bourget. <strong><u>MSc thesis<\/u><\/strong> (UQAC). Codirector \u2013 Ren\u00e9e-Luce Simard. Funding: MRNF G\u00e9ologie Qu\u00e9bec<\/li>\n<li>\u00a0Hassan Ali, T. (<strong>April\u00a02022<\/strong> <strong>-)<\/strong> Contexte g\u00e9ologique des min\u00e9ralisations Ni-Cu et Fe-V-Ti-P de la Suite anorthositique de Lac-Saint-Jean, Province de Grenville central, Qu\u00e9bec. <strong><u>PhD thesis<\/u><\/strong> (UQAC). Co-director \u2013 Ren\u00e9e-Luce Simard (UQAC). Funding: MRNF G\u00e9ologie Qu\u00e9bec<\/li>\n<li>Savard, D. (<strong>Sept 2019 &#8211;\u00a0<\/strong>) D\u00e9finition de la niche analytique du syst\u00e8me fs-LA-ICP-TOF-MS en sciences de la terre\u00a0: d\u00e9veloppement d\u2019un protocole analytique pour l\u2019\u00e9tude de la distribution spatiale \u00e0 l\u2019\u00e9chelle microm\u00e9trique des \u00e9l\u00e9ments en traces, bas\u00e9 sur les inclusions magmatiques silicat\u00e9es. <span style=\"text-decoration: underline\"><strong>Ph.D thesis<\/strong><\/span>\u2013 UQAC.\u00a0 Co-supervisor &#8211; Paul B\u00e9dard (UQAC).<\/li>\n<\/ol>\n<p><span style=\"text-decoration: underline\"><strong>Completed (31 &#8211; <\/strong>including 9 as *co-supervisor<strong>)<\/strong><\/span><\/p>\n<p><span style=\"text-decoration: underline\"><b>4<\/b> postdoc, 4 PhD,<strong>\u00a07<\/strong>\u00a0MSc, 15\u00a0BSc<\/span><\/p>\n<ol>\n<li>L\u00e9gros H. (<strong>Oct\u00a02022 \u2013 April 2024<\/strong>) D\u00e9veloppement de traceurs min\u00e9ralogiques et g\u00e9ochronologiques pour la caract\u00e9risation des cibles \u00e0 Nb-REE de la zone du Waswanipi-Saguenay (Qu\u00e9bec). <strong><u>Post-doctorate fellow<\/u><\/strong>. Collaborator: Paul B\u00e9dard (UQAC).<\/li>\n<li>Kieffer M. (<strong>Jan-Aug 2024<\/strong>) Fe-Ti oxides as a petrogenetic indicator in the mafic layered intrusion of Sept Iles Intrusive Suite, Quebec. <strong><u>Post-doctorate fellow<\/u><\/strong>.<\/li>\n<li>Naulot, R (<strong>2024<\/strong>)\u00a0The use of trace elements in pyrite and carbonates as a petrogenetic and exploration tool for carbonate-bearing Archean VMS: example from B26, Abitibi, Canada. <strong><u>MSc thesis<\/u> <\/strong>(UQAC), p. 91.\u00a0 Co-supervisor \u2013 Dominique Genna (CONSOREM\/UQAC), Collaborator\/Funding: SOQUEM<\/li>\n<li>Cisse, M et Sarr, A (<strong>2024<\/strong>) D\u00e9veloppement d\u2019une m\u00e9thode d\u2019analyse chimique des min\u00e9raux mafiques par fluorescence-X portative appliqu\u00e9e \u00e0 la r\u00e9partition spatiale des faci\u00e8s de la Suite anorthositique de Lac-Saint-Jean, Qu\u00e9bec. <strong><span style=\"text-decoration: underline\">BSc thesis<\/span><\/strong> (UQAC), p. 78. Co-supervisor: R.-L., Simard<\/li>\n<li>*Dutra L. (<strong>2024<\/strong>\u00a0)\u00a0Evolution of the IOCG\u2013nickel hydrothermal mineral system of the Southern Copper Belt, Caraj\u00e1s Province, based on in situ LA-ICP-MS analyses applied to geochronological and mineral chemistry studies. <strong><span style=\"text-decoration: underline\">Ph.D. thesis<\/span>,<\/strong>\u00a0(Universidade de\u00a0S\u00e3o Paulo, Brazil), p. . Director \u2013 L. Monteiro<\/li>\n<li>Miloski, P (<strong>2023<\/strong>) <a href=\"https:\/\/constellation.uqac.ca\/id\/eprint\/9737\/\">Geochemical variation of magmatic oxide-apatite deposits and associated anorthosite suites of the Saguenay-Lac St. Jean area, Quebec: Insights from mineral chemistry and implications for the tectonic evolution of the Central Grenville Province.<\/a> <span style=\"text-decoration: underline\"><strong>Ph.D. thesis\u00a0<\/strong><\/span>(UQAC).<\/li>\n<li>Kieffer, M (<strong>2023<\/strong>)\u00a0<a href=\"https:\/\/constellation.uqac.ca\/id\/eprint\/9738\/1\/Kieffer_uqac_0862D_11104.pdf\">D\u00e9veloppement de la chimie de l&#8217;apatite en tant qu&#8217;indicateur p\u00e9trog\u00e9n\u00e9tique et de provenance : implications pour l&#8217;exploration min\u00e9rale.<\/a> <span style=\"text-decoration: underline\"><strong>Ph.D. thesis<\/strong><\/span>\u00a0 (UQAC).<\/li>\n<li>*Caraballo, E. (<strong>2023<\/strong>) <a href=\"https:\/\/corpus.ulaval.ca\/entities\/publication\/7c2e6e3e-e203-484b-9a7a-a5f2b9eb37c2\">Composition en \u00e9l\u00e9ments traces de la chalcopyrite\u00a0: Son potentiel comme min\u00e9ral indicateur et les implications dans l\u2019exploration min\u00e9rale. <\/a>\u00a0<span style=\"text-decoration: underline\"><strong>Ph.D. thesis<\/strong><\/span> \u2013 Universit\u00e9 Laval (458 pp.). Principal supervisor \u2013 Georges Beaudoin. Co-director: Sarah Dare.<\/li>\n<li>Gueye, B. (<strong>2023<\/strong>) R\u00e9partition spatiale de la composition de plagioclase de la Suite anorthositique de Lac-Saint-Jean, secteur Nord-Ouest du Lac-Saint-Jean\u00a0: implications pour exploration min\u00e9rale. <strong><u>Undergraduate thesis<\/u> <\/strong>(UQAC), 55 pp. Co-supervisor \u2013 Ren\u00e9e-Luce Simard (UQAC). Collaboration MRNF<\/li>\n<li>Alexandre Leclerc (<strong>2023\u00a0<\/strong>\u2013\u00a0<strong>withdrawn<\/strong>) Variabilit\u00e9 de la min\u00e9ralogie et de la teneur en Chlore des apatites dans les diff\u00e9rentes lithologies du gisement Ti-P du Lac \u00e0 Paul.\u00a0 <strong><span style=\"text-decoration: underline\">M.Sc. thesis<\/span><\/strong> (UQAC). Codirector \u2013 S. Lavaure (CONSOREM)<\/li>\n<li>Soltanmohammadi, A (<strong>2019 -2022<\/strong>) The source of magma and role of contamination in the formation of Fe-oxide-apatite deposits in the anorthosite massifs of Quebec. <u>Post-doctorate fellow<\/u> \u2013 UQAC. Funding \u2013 Canada Research Chair, FQRNT<\/li>\n<li>Maier, R. (<strong>2022\u00a0<\/strong>) <a href=\"https:\/\/constellation.uqac.ca\/id\/eprint\/8960\/1\/Maier_uqac_0862N_10970.pdf\">Petrogenesis of the mafic part of the \u00c9toile Suite, Quebec, and its vanadium mineralization.<\/a> <span style=\"text-decoration: underline\">M.Sc. thesis<\/span>\u2013 UQAC, 128 pp. Funding \u2013\u00a0 NSERC-DG.<\/li>\n<li>Mercier F. (<strong>2022<\/strong>) R\u00e9partition spatiale des faci\u00e8s de la Suite anorthositique du Lac St Jean: implications pour exploration min\u00e9rale. <u>Undergraduate Thesis<\/u> (UQAC), 48 pp. Co-supervisor: Prof. Ren\u00e9e-Luce Simard (UQAC).\u00a0Collaboration MRNF<\/li>\n<li>Mansur, E (<strong>2021<\/strong>) Constraining the origin of unconventional Ni deposits, Brazil, using trace elements of oxides, sulfides and apatite. <u>Post-doctorate fellow\u00a0<\/u>\u2013 UQAC.<\/li>\n<li>Tondoh, N., A. (<strong>2021<\/strong>) D\u00e9veloppement d&#8217;une m\u00e9thode d&#8217;analyse chimique de plagioclase par fluorescence X portative appliqu\u00e9e \u00e0 la r\u00e9partition spatiale des faci\u00e8s de la Suite anorthositique du Lac-Saint -Jean. <u>Undergraduate Thesis<\/u> (UQAC), p. 73.\u00a0Co-supervisor: Prof. Ren\u00e9e-Luce Simard (UQAC).<\/li>\n<li>Gendron, M (<strong>2021<\/strong>) Les \u00e9l\u00e9ments traces dans l\u2019apatite des granites de Type-I, -S et A\u00a0: implications pour l\u2019exploration min\u00e9rale. <u>Undergraduate Thesis<\/u> (UQAC), p. 44. Co-supervisor: Marie Kieffer (UQAC).<\/li>\n<li>Grant, M. (<strong>2020<\/strong>) <a href=\"https:\/\/bac-lac.on.worldcat.org\/oclc\/1294013461\">Formation of Fe-Ti-V-P deposits in the Anorthosite suite of Saguenay \u2013 Lac St. Jean: Insights from trace elements of Fe-oxides and apatite.<\/a> <u>M.Sc. Thesis<\/u> (University of Ottawa), pp. 361. Funded by NSERC-DG.<\/li>\n<li>Small, C. (<strong>2018<\/strong>) Study of tellurides and their formation in the VMS deposits of Matagami, Quebec, Canada. B.Sc. Honours Thesis (University of Ottawa), p. 79. Funded\u00a0&#8211; NSERC Engage Grant\/UOttawa start-up. Co-supervised by Ingrid Kjarsgaard (Carleton University) in collaboration with Dominique Genna (UQAC).<\/li>\n<li>Habib, I. (<strong>2018<\/strong>) Study of trace elements in magnetite by laser ablation ICP-MS from the VMS deposits of the Matagami mining camp, Quebec. B.Sc. Honours Thesis (University of Ottawa), p. 70. Funding-NSERC Engage Grant. Collaboration with Dominique Genna (UQAC).<\/li>\n<li>Polivchuk, M. (<strong>2017<\/strong>) <a href=\"https:\/\/ruor.uottawa.ca\/bitstream\/10393\/37071\/1\/Polivchuk_Matthew_2017_thesis.pdf\">Formation of Fe-oxide V deposits in the Archean: Insights from in-situ trace element analysis of Fe-oxides.<\/a> <span style=\"text-decoration: underline\">M.Sc. Thesis<\/span> (University of Ottawa), p. 211. Funded by NSERC-DG.<\/li>\n<li>Bethell, E. (<strong>2017<\/strong>) Stratigraphic variation of the trace element composition of Fe-Ti oxides in the Upper Zone of the Bushveld Complex, S. Africa: A Laser Ablation ICP-MS study. Directed Studies Graduate Research Project (Carleton University), ERTH5901 report, p. 110. Funding &#8211;\u00a0 NSERC-DG.<\/li>\n<li>Chartier-Montreuil, W. (<strong>2014<\/strong><strong> &#8211; withdrawn<\/strong>) Characterization of rare earth elements (REE) in apatite from the magmatic P-Ti deposit of Lac \u00e0 Paul, Anorthosite Suite of Lac Saint-Jean. <span style=\"text-decoration: underline\">M.Sc. Thesis<\/span> (University of Ottawa). Funded by MERN-DIVEX-MITACS and start-up funds. In collaboration with Arianne Phosphate, Quebec.<\/li>\n<li>Desormiers, M. (<strong>2015<\/strong>) In-situ determination of volatile and trace elements in apatite from Fe-Ti-P deposits by electron microprobe and laser ablation ICP-MS. B.Sc. Honours Thesis (University of Ottawa), p. 40.<\/li>\n<li>Kobylinski, C (<strong>2015<\/strong>) Characterization and comparison of the oxide-rich footwall rocks of the anorthosite-hosted P-Ti deposit of Lac \u00e0 Paul, Qu\u00e9bec. B.Sc. Honours Thesis (University of Ottawa), p. 63.<\/li>\n<li>*Pelletier, J.-D. (<strong>2013<\/strong> <strong>&#8211; withdrawn<\/strong>) Caract\u00e9risation du gisement de Fe-Ti-P du Lac \u00e0 Paul, partie nord de la suite anorthositique du lac Saint-Jean (Qu\u00e9bec) et comparaison avec d\u2019autres d\u00e9p\u00f4t de Fe-Ti-P associes aux suites anorthositiques. <span style=\"text-decoration: underline\">M.Sc. Thesis<\/span> (UQAC). In collaboration with Arianne Phosphate, Quebec. Co- supervisor with Sarah-Jane Barnes and Philippe Pag\u00e9 (UQAC).<\/li>\n<li>*Tremblay, L.-M. (<strong>2013<\/strong>) Caract\u00e9risation p\u00e9trographique et g\u00e9ochimique de la baryte de la zone \u00e0 terres rares du complexe alcalin de Saint-Honor\u00e9 \u2013 d\u00e9veloppement d\u2019une m\u00e9thode d\u2019analyse par LA-ICP-MS pour les \u00e9l\u00e9ments traces appliqu\u00e9e \u00e0 la baryte. <span style=\"text-decoration: underline\">Undergraduate Honours Thesis<\/span> (UQAC), p. 47. In collaboration with Niobec Mine, Quebec. Supervisor: Paul B\u00e9dard (UQAC).<\/li>\n<li>*Martin-Tanguay, B. (<strong>2012<\/strong>). P\u00e9trographie et caract\u00e9risation des oxydes de Fe-Ti \u00e0 Saint-Charles de Bourget (Qu\u00e9bec), associ\u00e9 \u00e0 la suite anorthositique du Lac-Saint-Jean. <span style=\"text-decoration: underline\">Undergraduate Honours Thesis<\/span> (UQAC), p. 69. In collaboration with IOS Geoservices, Quebec. Co-supervisor: Sarah-Jane Barnes (UQAC).<\/li>\n<li>*N\u00e9ron, A. (<strong>2012<\/strong>). Caract\u00e9risation g\u00e9ochimique des oxydes de Fe-Ti dans un d\u00e9p\u00f4t de Fe-Ti-P associ\u00e9 \u00e0 la suite anorthositique \u00a0de \u00a0Lac-Saint-Jean, \u00a0Qu\u00e9bec, \u00a0Canada (secteur \u00a0Lac \u00a0\u00e0 \u00a0Paul) \u00a0et \u00a0int\u00e9gration \u00a0des donn\u00e9es du secteur Lac \u00e0 La Mine. <span style=\"text-decoration: underline\">Undergraduate Honours Thesis<\/span> (UQAC), p. 64. Co-supervisor: Sarah- Jane Barnes (UQAC).<\/li>\n<li>*Potvin-Doucet, C. (<strong>2012<\/strong>) Distribution et comparaison d\u2019\u00e9l\u00e9ments traces dans la magn\u00e9tite contenue dans des granites de types I et S. <span style=\"text-decoration: underline\">Undergraduate Honours Thesis<\/span> (UQAC), p. 43. Supervisor: Edward Sawyer (UQAC).<\/li>\n<li>*M\u00e9ric, J. (<strong>2011<\/strong>). Caract\u00e9risation g\u00e9ochimique des magn\u00e9tites de la zone critique de l\u2019intrusion magmatique de Sept-\u00celes (Qu\u00e9bec, Canada) et int\u00e9gration \u00e0 une base de donn\u00e9es utilisant la signature g\u00e9ochimique des oxydes de fer comme outil d\u2019exploration. Master II Thesis (UQAC-Universit\u00e9 Montpellier 2), p. 66. Co-supervisor: Sarah-Jane Barnes (UQAC)<\/li>\n<li>*Dalp\u00e9, G. (<strong>2011<\/strong>). Rapport d\u2019analyse g\u00e9ochimique des oxydes du secteur du Lac \u00e0 la Mine, Saguenay- Lac St. Jean. <span style=\"text-decoration: underline\">Internship report<\/span> (UQAC), p. 17.<\/li>\n<\/ol>\n","protected":false},"excerpt":{"rendered":"<p>TOTAL: 38 \u00e9tudiant.e.s\/students (31 compl\u00e9t\u00e9, 7 en cours) En cours \/In progress (67- including 0 as *co-supervisor) 1 postdoc, 2 PhD, 2 MSc, 2 B.Sc. Kieffer M. (Jan 2025 &#8211; Dec 2027) Development of apatite to identify the age and source of Fe-Ti-V-P mineralization in the Grenville Province.\u00a0Post-doctorate fellow. Collaborators: Josh Davies (UQAM), H\u00e9l\u00e8ne Legros &hellip; <a href=\"https:\/\/portfolio.uqac.ca\/sarahdare\/etudiants\/\" class=\"more-link\">Continuer la lecture de <span class=\"screen-reader-text\">\u00c9TUDIANTS<\/span>  <span class=\"meta-nav\">&rarr;<\/span><\/a><\/p>\n","protected":false},"author":221,"featured_media":0,"parent":0,"menu_order":0,"comment_status":"closed","ping_status":"closed","template":"","meta":{"footnotes":""},"tags":[],"_links":{"self":[{"href":"https:\/\/portfolio.uqac.ca\/sarahdare\/wp-json\/wp\/v2\/pages\/161"}],"collection":[{"href":"https:\/\/portfolio.uqac.ca\/sarahdare\/wp-json\/wp\/v2\/pages"}],"about":[{"href":"https:\/\/portfolio.uqac.ca\/sarahdare\/wp-json\/wp\/v2\/types\/page"}],"author":[{"embeddable":true,"href":"https:\/\/portfolio.uqac.ca\/sarahdare\/wp-json\/wp\/v2\/users\/221"}],"replies":[{"embeddable":true,"href":"https:\/\/portfolio.uqac.ca\/sarahdare\/wp-json\/wp\/v2\/comments?post=161"}],"version-history":[{"count":22,"href":"https:\/\/portfolio.uqac.ca\/sarahdare\/wp-json\/wp\/v2\/pages\/161\/revisions"}],"predecessor-version":[{"id":279,"href":"https:\/\/portfolio.uqac.ca\/sarahdare\/wp-json\/wp\/v2\/pages\/161\/revisions\/279"}],"wp:attachment":[{"href":"https:\/\/portfolio.uqac.ca\/sarahdare\/wp-json\/wp\/v2\/media?parent=161"}],"wp:term":[{"taxonomy":"post_tag","embeddable":true,"href":"https:\/\/portfolio.uqac.ca\/sarahdare\/wp-json\/wp\/v2\/tags?post=161"}],"curies":[{"name":"wp","href":"https:\/\/api.w.org\/{rel}","templated":true}]}}