{"id":18,"date":"2018-11-15T09:47:59","date_gmt":"2018-11-15T14:47:59","guid":{"rendered":"http:\/\/portfolio-pre.uqac.ca\/gabarit\/?page_id=18"},"modified":"2023-06-08T10:20:14","modified_gmt":"2023-06-08T14:20:14","slug":"enseignement","status":"publish","type":"page","link":"https:\/\/portfolio.uqac.ca\/sarahdare\/enseignement\/","title":{"rendered":"Enseignement"},"content":{"rendered":"<p><span style=\"text-decoration: underline\"><strong>Premier Cycle (Undergraduate)<\/strong><\/span><\/p>\n<ul>\n<li>6GCH110\u00a0:\u00a0<a href=\"https:\/\/cours.uqac.ca\/6GCH110\">Principes de G\u00e9ochimie<\/a><\/li>\n<li>6GLG406 : <a href=\"https:\/\/programmes.uqac.ca\/6GLG306\">P\u00e9trologie Ign\u00e9e<\/a><\/li>\n<li>6GLG707 : <a href=\"https:\/\/programmes.uqac.ca\/6GLG707\">Camp de p\u00e9trographie de structure\u00a0<\/a> \u00a0 \u00a0 \u00a0 \u00a0 \u00a0 \u00a0 \u00a0 \u00a0 \u00a0 \u00a0 \u00a0 \u00a0 \u00a0 \u00a0 \u00a0 \u00a0 \u00a0 \u00a0 \u00a0 \u00a0 \u00a0 \u00a0(avec R.-L. Simard et J. Walter)<\/li>\n<\/ul>\n<p><span style=\"text-decoration: underline\"><strong>Cycles superieurs (MSc and PhD)<\/strong><\/span><\/p>\n<ul>\n<li>6SCT841 : <a href=\"https:\/\/programmes.uqac.ca\/6SCT841\">M\u00e9tallog\u00e9nie\u00a0 \u00a0<\/a> \u00a0 \u00a0 \u00a0 \u00a0 \u00a0 \u00a0 \u00a0 \u00a0 \u00a0 \u00a0 \u00a0 \u00a0 \u00a0 \u00a0 \u00a0 \u00a0 \u00a0 \u00a0 \u00a0 \u00a0 \u00a0 \u00a0 \u00a0 \u00a0 \u00a0 \u00a0 \u00a0 \u00a0 \u00a0 \u00a0 \u00a0 \u00a0 \u00a0 \u00a0 \u00a0 \u00a0 \u00a0 \u00a0 \u00a0 \u00a0 \u00a0 \u00a0 \u00a0 \u00a0 \u00a0 \u00a0 \u00a0(la partie sur les gisements magmatiques)<\/li>\n<li>6STA985 :<a href=\"https:\/\/programmes.uqac.ca\/6STA985\"> Concept de syst\u00e8me\u00a0 <\/a>\u00a0 \u00a0 \u00a0 \u00a0 \u00a0 \u00a0 \u00a0 \u00a0 \u00a0 \u00a0 \u00a0 \u00a0 \u00a0 \u00a0 \u00a0 \u00a0 \u00a0 \u00a0 \u00a0 \u00a0 \u00a0 \u00a0 \u00a0 \u00a0 \u00a0 \u00a0 \u00a0 \u00a0 \u00a0 \u00a0 \u00a0 \u00a0 \u00a0 \u00a0 \u00a0 \u00a0 \u00a0(la partie sur le contr\u00f4le qualit\u00e9 des analyses)<\/li>\n<\/ul>\n","protected":false},"excerpt":{"rendered":"<p>Premier Cycle (Undergraduate) 6GCH110\u00a0:\u00a0Principes de G\u00e9ochimie 6GLG406 : P\u00e9trologie Ign\u00e9e 6GLG707 : Camp de p\u00e9trographie de structure\u00a0 \u00a0 \u00a0 \u00a0 \u00a0 \u00a0 \u00a0 \u00a0 \u00a0 \u00a0 \u00a0 \u00a0 \u00a0 \u00a0 \u00a0 \u00a0 \u00a0 \u00a0 \u00a0 \u00a0 \u00a0 \u00a0 \u00a0(avec R.-L. Simard et J. Walter) Cycles superieurs (MSc and PhD) 6SCT841 : M\u00e9tallog\u00e9nie\u00a0 \u00a0 \u00a0 \u00a0 &hellip; <a href=\"https:\/\/portfolio.uqac.ca\/sarahdare\/enseignement\/\" class=\"more-link\">Continuer la lecture de <span class=\"screen-reader-text\">Enseignement<\/span>  <span class=\"meta-nav\">&rarr;<\/span><\/a><\/p>\n","protected":false},"author":89,"featured_media":0,"parent":0,"menu_order":0,"comment_status":"closed","ping_status":"closed","template":"","meta":{"footnotes":""},"tags":[],"_links":{"self":[{"href":"https:\/\/portfolio.uqac.ca\/sarahdare\/wp-json\/wp\/v2\/pages\/18"}],"collection":[{"href":"https:\/\/portfolio.uqac.ca\/sarahdare\/wp-json\/wp\/v2\/pages"}],"about":[{"href":"https:\/\/portfolio.uqac.ca\/sarahdare\/wp-json\/wp\/v2\/types\/page"}],"author":[{"embeddable":true,"href":"https:\/\/portfolio.uqac.ca\/sarahdare\/wp-json\/wp\/v2\/users\/89"}],"replies":[{"embeddable":true,"href":"https:\/\/portfolio.uqac.ca\/sarahdare\/wp-json\/wp\/v2\/comments?post=18"}],"version-history":[{"count":9,"href":"https:\/\/portfolio.uqac.ca\/sarahdare\/wp-json\/wp\/v2\/pages\/18\/revisions"}],"predecessor-version":[{"id":178,"href":"https:\/\/portfolio.uqac.ca\/sarahdare\/wp-json\/wp\/v2\/pages\/18\/revisions\/178"}],"wp:attachment":[{"href":"https:\/\/portfolio.uqac.ca\/sarahdare\/wp-json\/wp\/v2\/media?parent=18"}],"wp:term":[{"taxonomy":"post_tag","embeddable":true,"href":"https:\/\/portfolio.uqac.ca\/sarahdare\/wp-json\/wp\/v2\/tags?post=18"}],"curies":[{"name":"wp","href":"https:\/\/api.w.org\/{rel}","templated":true}]}}