{"id":27,"date":"2018-11-15T09:47:59","date_gmt":"2018-11-15T14:47:59","guid":{"rendered":"http:\/\/portfolio-pre.uqac.ca\/gabarit\/?page_id=27"},"modified":"2025-02-01T10:44:40","modified_gmt":"2025-02-01T15:44:40","slug":"curriculum-vitae","status":"publish","type":"page","link":"https:\/\/portfolio.uqac.ca\/sarahdare\/curriculum-vitae\/","title":{"rendered":"Curriculum vitae"},"content":{"rendered":"<h2><strong>Experience Acad\u00e9mique<\/strong><\/h2>\n<ul>\n<li>Assistant Professor &#8211; Department of Earth and Environmental Sciences, University of Ottawa (2014 &#8211; 2018)<\/li>\n<li>Research Associate &#8211;\u00a0Universit\u00e9 du Qu\u00e9bec \u00e0 Chicoutimi (2013 &#8211; 2014)<\/li>\n<li>Post-doctoral fellow &#8211; Universit\u00e9 du Qu\u00e9bec \u00e0 Chicoutimi (2008 &#8211; 2013). <em>Topic &#8211; magmatic ore deposits.<\/em> <em>Supervisor &#8211; Prof. Sarah-Jane Barnes<\/em><\/li>\n<\/ul>\n<h2><strong>Dipl\u00f4mes<\/strong><\/h2>\n<ul>\n<li>Ph.D. in Geology (2003-2007): Cardiff University, United Kingdom. <em>Thesis title:\u00a0\u00a0Chrome-spinel geochemistry of the northern Oman-United Arab Emirates ophiolite<\/em>.\u00a0 <em>Supervisor &#8211; Prof. Julian Pearce.<\/em><\/li>\n<li>MSci (Hons) degree in Geological Sciences (2002-2003): Cambridge University, United Kingdom<\/li>\n<li>BA (Hons) degree in Natural Sciences &#8211; Geology (1999-2002): Cambridge University, United Kingdom<\/li>\n<\/ul>\n<h2><strong><br \/>\nDistinctions et bourses<br \/>\n<\/strong><\/h2>\n<p><strong>2024<\/strong> <strong>Thayer Lindsley Visiting Lecturer<\/strong> for the <strong>international<\/strong> Society of Economic Geologists (SEG). This is awarded on the basis of <u>widely recognized expertise<\/u> in a field of economic geology.<\/p>\n<p><strong>SGA Young Scientist Award &#8211; 2017<\/strong>\u00a0 Awarded biennially by the Society of Geologists Applied to Ore Deposits to a young scientist who has <span style=\"text-decoration: underline\">contributed significantly<\/span> to the understanding of mineral deposits.<\/p>\n<p><strong>W.H. Gross Award\u00a0 &#8211; 2016 <\/strong>Awarded\u00a0by\u00a0the Mineral Deposits Division of GAC (Geological Association of Canada) to an early career geoscientist l who has made a <span style=\"text-decoration: underline\">significant contribution<\/span> to the field of economic geology in a Canadian context.<\/p>\n<p><strong>\u00a0<\/strong><strong>Affiliations professionnelles<\/strong><\/p>\n<ul>\n<li>Fellow of the Society of Economic Geologists (FSEG)<\/li>\n<li>SGA \u2013\u00a0Society for Geology Applied to Mineral Deposits<\/li>\n<li>GAC &#8211; Geological Association of Canada<\/li>\n<li>R\u00e9seau DIVEX (Diversification de L\u2019exploration au Qu\u00e9bec)<\/li>\n<\/ul>\n<h2><strong>Activit\u00e9s<\/strong><\/h2>\n<p>Academic Advisor for SEG student Chapter of UQAC\u00a0 \u00a0 \u00a0 \u00a0 \u00a0 \u00a0 \u00a0 \u00a0 \u00a0 \u00a0 \u00a0 \u00a0 \u00a0 Councilor for SEG (2020 &#8211; 2023)\u00a0 \u00a0 \u00a0 \u00a0 \u00a0 \u00a0 \u00a0 \u00a0 \u00a0 \u00a0 \u00a0 \u00a0 \u00a0 \u00a0 \u00a0 \u00a0 \u00a0 \u00a0 \u00a0 \u00a0 \u00a0 \u00a0 \u00a0 \u00a0 \u00a0 \u00a0 \u00a0 \u00a0 \u00a0 \u00a0 \u00a0 \u00a0 \u00a0 \u00a0 \u00a0 \u00a0 \u00a0 \u00a0 \u00a0 \u00a0 \u00a0 Chair of SEG Graduate Scholarship Fellowship Committee (2018-2020)\u00a0 \u00a0 \u00a0 \u00a0 \u00a0 \u00a0 \u00a0 \u00a0 \u00a0 \u00a0 \u00a0 \u00a0 \u00a0 \u00a0 \u00a0 \u00a0 \u00a0 \u00a0 \u00a0 \u00a0 \u00a0 \u00a0 \u00a0 \u00a0 \u00a0 \u00a0 \u00a0 \u00a0 \u00a0 \u00a0 \u00a0 \u00a0 \u00a0 \u00a0 \u00a0 \u00a0 \u00a0 \u00a0 \u00a0 \u00a0 \u00a0 \u00a0 \u00a0 \u00a0 \u00a0 \u00a0 \u00a0 \u00a0 \u00a0 \u00a0 \u00a0 \u00a0 \u00a0 \u00a0 \u00a0 \u00a0 \u00a0 \u00a0 \u00a0 \u00a0 \u00a0 \u00a0 \u00a0 \u00a0 \u00a0 \u00a0 \u00a0 \u00a0 Adjunct Professor at Universit\u00e9 Laval<\/p>\n<p>&nbsp;<\/p>\n","protected":false},"excerpt":{"rendered":"<p>Experience Acad\u00e9mique Assistant Professor &#8211; Department of Earth and Environmental Sciences, University of Ottawa (2014 &#8211; 2018) Research Associate &#8211;\u00a0Universit\u00e9 du Qu\u00e9bec \u00e0 Chicoutimi (2013 &#8211; 2014) Post-doctoral fellow &#8211; Universit\u00e9 du Qu\u00e9bec \u00e0 Chicoutimi (2008 &#8211; 2013). Topic &#8211; magmatic ore deposits. Supervisor &#8211; Prof. Sarah-Jane Barnes Dipl\u00f4mes Ph.D. in Geology (2003-2007): Cardiff University, &hellip; <a href=\"https:\/\/portfolio.uqac.ca\/sarahdare\/curriculum-vitae\/\" class=\"more-link\">Continuer la lecture de <span class=\"screen-reader-text\">Curriculum vitae<\/span>  <span class=\"meta-nav\">&rarr;<\/span><\/a><\/p>\n","protected":false},"author":89,"featured_media":0,"parent":0,"menu_order":2,"comment_status":"closed","ping_status":"closed","template":"","meta":{"footnotes":""},"tags":[],"_links":{"self":[{"href":"https:\/\/portfolio.uqac.ca\/sarahdare\/wp-json\/wp\/v2\/pages\/27"}],"collection":[{"href":"https:\/\/portfolio.uqac.ca\/sarahdare\/wp-json\/wp\/v2\/pages"}],"about":[{"href":"https:\/\/portfolio.uqac.ca\/sarahdare\/wp-json\/wp\/v2\/types\/page"}],"author":[{"embeddable":true,"href":"https:\/\/portfolio.uqac.ca\/sarahdare\/wp-json\/wp\/v2\/users\/89"}],"replies":[{"embeddable":true,"href":"https:\/\/portfolio.uqac.ca\/sarahdare\/wp-json\/wp\/v2\/comments?post=27"}],"version-history":[{"count":9,"href":"https:\/\/portfolio.uqac.ca\/sarahdare\/wp-json\/wp\/v2\/pages\/27\/revisions"}],"predecessor-version":[{"id":274,"href":"https:\/\/portfolio.uqac.ca\/sarahdare\/wp-json\/wp\/v2\/pages\/27\/revisions\/274"}],"wp:attachment":[{"href":"https:\/\/portfolio.uqac.ca\/sarahdare\/wp-json\/wp\/v2\/media?parent=27"}],"wp:term":[{"taxonomy":"post_tag","embeddable":true,"href":"https:\/\/portfolio.uqac.ca\/sarahdare\/wp-json\/wp\/v2\/tags?post=27"}],"curies":[{"name":"wp","href":"https:\/\/api.w.org\/{rel}","templated":true}]}}