{"id":4,"date":"2018-11-15T09:47:59","date_gmt":"2018-11-15T14:47:59","guid":{"rendered":"http:\/\/portfolio-pre.uqac.ca\/gabarit\/?page_id=4"},"modified":"2025-02-01T10:45:14","modified_gmt":"2025-02-01T15:45:14","slug":"presentatio","status":"publish","type":"page","link":"https:\/\/portfolio.uqac.ca\/sarahdare\/","title":{"rendered":"Pr\u00e9sentation"},"content":{"rendered":"<h2>Sarah Dare<\/h2>\n<p>Professeure Agr\u00e9g\u00e9e au D\u00e9partement des Sciences Appliqu\u00e9es\u00a0 \u00a0Unit\u00e9 d&#8217;enseignement ( Sciences de la Terre)<\/p>\n<p><strong>Chaire de Recherche du Canada (Niveau 2) en G\u00e9ochimie\u00a0 Appliqu\u00e9e aux Gisements M\u00e9talliques<\/strong><\/p>\n<p><span style=\"text-decoration: underline\">Directrice de <a href=\"https:\/\/www.uqac.ca\/labmater\/\">LabMaTer<\/a><\/span><\/p>\n<p>Associate Professor in Department of Applied Sciences\u00a0 \u00a0 \u00a0 \u00a0 \u00a0 \u00a0 \u00a0 \u00a0 \u00a0 \u00a0 \u00a0Teaching Unit &#8211; Earth Sciences<\/p>\n<p><strong>Canada Research Chair (Tier 2) in Geochemistry Applied to Ore Deposits<\/strong><\/p>\n<p><span style=\"text-decoration: underline\">Director of <a href=\"https:\/\/www.uqac.ca\/labmater\/\">LabMaTer <\/a>geochemical facility<\/span><\/p>\n<h2>Champs d&#8217;int\u00e9r\u00eat\/Fields of interest<\/h2>\n<p>G\u00e9ochimie, p\u00e9trologie ign\u00e9e, g\u00e9ologie\u00a0\u00e9conomique, chimie min\u00e9rale, ablation laser-ICP-MS<\/p>\n<p>Geochemistry, igneous petrology, economic geology, mineral chemistry, laser ablation ICP-MS<\/p>\n<p>La transition \u00e9nerg\u00e9tique est amorc\u00e9e dans plusieurs pays. Le d\u00e9veloppement des technologies vertes pour att\u00e9nuer le changement climatique entra\u00eene une pression sur nos besoins en ressources min\u00e9rales (<strong>critiques et strat\u00e9giques<\/strong>). Le Canada est un chef de file dans le secteur de l\u2019exploration et l\u2019exploitation de ces ressources et est en bonne position pour \u00eatre un acteur majeur dans cette p\u00e9riode de grand changement. De nouveaux gisements sont cependant de plus en plus difficiles \u00e0 trouver, et il faut faire preuve d\u2019innovation pour am\u00e9liorer notre taux de d\u00e9couverte. La <strong>g\u00e9ochimie<\/strong> joue un r\u00f4le important dans 1) la compr\u00e9hension du lieu et de la mani\u00e8re dont les gisements se forment (p\u00e9trogen\u00e8se) et 2) la d\u00e9couverte de gisements cach\u00e9s (exploration). Bien qu&#8217;une grande partie du territoire canadien soit sous-explor\u00e9e et recouvert d&#8217;une couverture glaciaire, les min\u00e9raux r\u00e9cup\u00e9r\u00e9s dans les s\u00e9diments glaciaires (appel\u00e9s min\u00e9raux indicateurs) peuvent indiquer la pr\u00e9sence de gisements proximaux. Le programme de la chaire utilise des techniques de pointe (ex. <strong>ablation laser ICP-MS \u00e0 LabMaTer<\/strong>) pour analyser la <strong>chimie en \u00e9l\u00e9ments traces de ces min\u00e9raux indicateurs (oxydes, apatite, sulfures<\/strong>) afin de d\u00e9velopper des outils g\u00e9ochimiques innovants qui nous aideront \u00e0 mieux comprendre la formation des gisements et \u00e0 optimiser les strat\u00e9gies d\u2019exploration en environnement p\u00e9riglaciaire.<\/p>\n<p>&nbsp;<\/p>\n","protected":false},"excerpt":{"rendered":"<p>Sarah Dare Professeure Agr\u00e9g\u00e9e au D\u00e9partement des Sciences Appliqu\u00e9es\u00a0 \u00a0Unit\u00e9 d&#8217;enseignement ( Sciences de la Terre) Chaire de Recherche du Canada (Niveau 2) en G\u00e9ochimie\u00a0 Appliqu\u00e9e aux Gisements M\u00e9talliques Directrice de LabMaTer Associate Professor in Department of Applied Sciences\u00a0 \u00a0 \u00a0 \u00a0 \u00a0 \u00a0 \u00a0 \u00a0 \u00a0 \u00a0 \u00a0Teaching Unit &#8211; Earth Sciences Canada Research &hellip; <a href=\"https:\/\/portfolio.uqac.ca\/sarahdare\/\" class=\"more-link\">Continuer la lecture de <span class=\"screen-reader-text\">Pr\u00e9sentation<\/span>  <span class=\"meta-nav\">&rarr;<\/span><\/a><\/p>\n","protected":false},"author":89,"featured_media":0,"parent":0,"menu_order":1,"comment_status":"closed","ping_status":"closed","template":"","meta":{"footnotes":""},"tags":[],"_links":{"self":[{"href":"https:\/\/portfolio.uqac.ca\/sarahdare\/wp-json\/wp\/v2\/pages\/4"}],"collection":[{"href":"https:\/\/portfolio.uqac.ca\/sarahdare\/wp-json\/wp\/v2\/pages"}],"about":[{"href":"https:\/\/portfolio.uqac.ca\/sarahdare\/wp-json\/wp\/v2\/types\/page"}],"author":[{"embeddable":true,"href":"https:\/\/portfolio.uqac.ca\/sarahdare\/wp-json\/wp\/v2\/users\/89"}],"replies":[{"embeddable":true,"href":"https:\/\/portfolio.uqac.ca\/sarahdare\/wp-json\/wp\/v2\/comments?post=4"}],"version-history":[{"count":25,"href":"https:\/\/portfolio.uqac.ca\/sarahdare\/wp-json\/wp\/v2\/pages\/4\/revisions"}],"predecessor-version":[{"id":275,"href":"https:\/\/portfolio.uqac.ca\/sarahdare\/wp-json\/wp\/v2\/pages\/4\/revisions\/275"}],"wp:attachment":[{"href":"https:\/\/portfolio.uqac.ca\/sarahdare\/wp-json\/wp\/v2\/media?parent=4"}],"wp:term":[{"taxonomy":"post_tag","embeddable":true,"href":"https:\/\/portfolio.uqac.ca\/sarahdare\/wp-json\/wp\/v2\/tags?post=4"}],"curies":[{"name":"wp","href":"https:\/\/api.w.org\/{rel}","templated":true}]}}