{"id":211,"date":"2022-11-01T18:56:44","date_gmt":"2022-11-01T22:56:44","guid":{"rendered":"http:\/\/portfolio-pre.uqac.ca\/sarahjanebarnes\/?page_id=211"},"modified":"2022-11-06T13:58:14","modified_gmt":"2022-11-06T18:58:14","slug":"autre-publications","status":"publish","type":"page","link":"https:\/\/portfolio.uqac.ca\/sarahjanebarnes\/autre-publications\/","title":{"rendered":"Autre publications"},"content":{"rendered":"<table>\n<tbody>\n<tr>\n<td>\n<p style=\"text-align: center\"><strong>1. Rapports, etc.\/Reports etc<\/strong><br \/>\n<strong>2. Cours Intensifs\u00a0ci-dessous \/ Workshops\u00a0 scroll down\u00a0 <\/strong><br \/>\n<strong>3. Autre Publications t\u00e9l\u00e9chargeables\u00a0ci-dessous \/ Other Downloadable Files scroll to the end<\/strong><\/p>\n<p><b>1. Repports etc.\/ Reports<\/b><\/p>\n<p>Pag\u00e9 P., Barnes S.-J., M\u00e9ric J. and Houl\u00e9 M.G., 2015.\u00a0<a href=\"https:\/\/www.uqac.ca\/sjbarnes\/publications\/Page-15-TGI4.pdf\">Geochemical composition of chromite from Alexo komatiite in the western Abitibi greenstone belt: Implications for mineral exploration.<\/a>\u00a0Targeted Geoscience Initiative 4: Canadian Nickel-Copper-Platinum Group Elements-Chromium Ore Systems &#8211; Fertility, Pathfinders, New and Revised Models, (ed.) D.E. Ames and M.G. Houl\u00e9;\u00a0<b>Geological Survey of Canada, Open File Report\u00a0<\/b>7856, \u00a0p. 187-195.<\/td>\n<\/tr>\n<tr>\n<td>Dare S.A.S., Ames D.E., Lightfoot P.C., Barnes S.-J. and Beaudoin, G., 2015.\u00a0<a href=\"https:\/\/www.uqac.ca\/sjbarnes\/publications\/Dare-15-open-file-7856.pdf\">Trace elements in Fe-oxides from fertile and barren igneous complexes: Investigating their use as a vectoring tool in the intrusions that host Ni-Cu-PGE deposits.<\/a>\u00a0Targeted Geoscience Initiative 4: Canadian Nickel-Copper-Platinum Group Elements-Chromium Ore Systems &#8211; Fertility, Pathfinders, New and Revised Models, (ed.) D.E. Ames and M.G. Houl\u00e9;\u00a0<b>Geological Survey of Canada, Open File Report\u00a0<\/b>7856, \u00a0175-185.<\/p>\n<p>Dare S.A.S., Ames D.E., Lightfoot P.C., Barnes S.-J. and Beaudoin, G., 2014.\u00a0<a href=\"https:\/\/www.uqac.ca\/sjbarnes\/publications\/Dare-14-OPEN%20FILE%207538.pdf\">Mineral chemistry and supporting databases for TGI4 project on \u201cTrace elements in Fe-oxides from fertile and barren igneous complexes: Investigating their use as a vectoring tool in the intrusions that host Ni-Cu-PGE deposits<\/a>.\u00a0<b>Geological Survey Canada Open File Report\u00a0<\/b>7538,\u00a045p.<\/p>\n<p>Maier W.D., Howard H.M., Smithies R.H., Yang S., Barnes S.-J., O&#8217;Brien H., Huhma H. and Gardoll S., 2014. Mafic-ultramafic intrusions of the Giles event, Western Australia: petrogenesis and prospectively for magmatic ore deposits.<b>\u00a0Geological Survey Western Australia Report<\/b>\u00a0134, 82p.<\/p>\n<p>Barnes S.-J. and Brenan, J., 2012.\u00a0<a href=\"https:\/\/www.sciencedirect.com\/science\/article\/pii\/S0009254111004657\">Introduction to a Special Issue on Geochemistry of Chalcophile and Siderophile Elements.<\/a>\u00a0<b>Chemical Geology<\/b>, 302, 1-2.<\/p>\n<p>Dare S.A.S., Barnes S.-J. and Beaudoin G., 2012. Trace elements infer-oxides from fertile and barren intrusions: Investigating their use as a vectoring tool in Ni-Cu-PGE deposits.\u00a0<b>Geological Survey of Canada\u00a0<\/b>58, TGI 4 report.<\/p>\n<p>M\u00e9ric J., Pag\u00e9 P., Barnes S.-J. and Houl\u00e9, M.G., 2012.\u00a0<a href=\"https:\/\/www.uqac.ca\/sjbarnes\/publications\/Meric-12-%20OGS.pdf\">Geochemistry of chromite from the Alexo komatiite, Dundonald Township: preliminary results from electron microprobe and laser ablation inductively coupled plasma mass spectrometric analyses.\u00a0<\/a>In: Summary of Field Work and Other Activities 2012;\u00a0<b>Ontario Geological Survey, Open File Report\u00a0<\/b>6280, 46-1 to 46-12.<\/p>\n<p>Dare S.A.S., Barnes S.-J. and Beaudoin G., 2012. Trace elements infer-oxides from fertile and barren intrusions: Investigating their use as a vectoring tool in Ni-Cu-PGE deposits.\u00a0<b>Geological Survey of Canada,\u00a0<\/b>54 TGI4.<\/p>\n<p>Dare S.A.S., Barnes S.-J., and Beaudoin G., 2011. Trace elements infer-oxides from fertile and barren intrusions: Investigating their use as a vectoring tool in Ni-Cu-PGE deposits.\u00a0<b>Geological Survey of Canada,<\/b>\u00a025 TGI4.<\/p>\n<p>Rabayrol F. and Barnes S.-J., 2009.\u00a0<a href=\"https:\/\/www.uqac.ca\/sjbarnes\/publications\/Rabayol-09-stage.pdf\">M\u00e9thode de calibration des \u00e9l\u00e9ments mineurset traces dans les magn\u00e9tites par LA-ICP-MS<\/a>.\u00a0\u00a0<b>DIVEX<\/b>, Rapport Annuel\u00a0Projet\u00a0SC29, 33p.<\/p>\n<p>Cox R.A., B\u00e9dard L.P., Barnes S.-J. and Constantin M., 2007.\u00a0<a href=\"https:\/\/www.divex.ca\/projets\/doc\/SC26-Cox-2007.pdf\">Selenium distribution in magmatic sulfide minerals<\/a>.\u00a0<b>DIVEX<\/b>, Rapport Annuel, Projet SC26.<\/p>\n<p>Nabil H., Barnes S.-J. and Clark T., 2003. Distribution du nickel, du cuivre et des EPG dans des sulfures del&#8217;indice du Lac Volant, r\u00e9gion de Sept-Iles, Qu\u00e9bec. In: G\u00e9ologie resources min\u00e9ales de la partie est de la Province de Grenville.\u00a0<b>G\u00e9ologie Qu\u00e9bec,<\/b>\u00a0DV 2002-0,\u00a0327-349.<\/p>\n<p>Barnes S.-J and Crocket J.H., 2001. \u00a0Ore forming processes in dynamic magmatic systems: Preface.\u00a0<b>Canadian Mineralogist\u00a0<\/b>39.<\/p>\n<p>Mueller W.U., Champagne C., Barnes S.-J. and Pilote P. 1999. Physical volcanology of komatiite flows at Spinifex Ridge, La Motte Vassan Formation, Malartic, Quebec Portion, Abitibi Greenstone Belt. In: Classic komatiite localities and magmatic Fe-Ni-Cu-(PGE) sulphide deposits in the Abitibi Greenstone Belt, Ontario-Quebec:\u00a0<b>Guidebook Series v1. Mineral Exploration Research Centre, Laurentian University,<\/b>\u00a045-53.<\/p>\n<p>Lesher M., Gilles S. and Ripley E.M., 1999. Ni-Cu-(PGE) Sulphides in the Raglan Block. Komatiitic peridotite-hosted Ni-Cu-PGE deposits of Raglan Area, Cape Smith, New Quebec.\u00a0<b>Guidebook Series\u00a0<\/b><b>Mineral Exploration Research Centre, Laurentian University\u00a0<\/b>177-185.<\/p>\n<p>Barnes S.-J. et Therrien M.C. 1996. Potentiel de la Province du Grenville du Qu\u00e9bec pour des g\u00eetes du groupe du platine.\u00a0<b>Minist\u00e8re des Ressources Naturelles du Qu\u00e9bec<\/b>, MB-96-03, 61 pages.<\/p>\n<p>Makovicky, E., Makovicky, M., Rose-Hansen, J. and Barnes, S.-J 1995. Skaergaard intrusion in a test tube &#8211; New results. In:\u00a0<b>Open file series, Greenland,<\/b>\u00a054-57.<\/p>\n<p>Makovicky E., Makovicky M., Rose-Hansen J. and Barnes, S.-J., 1995. Skaergaard intrusion in a test tube &#8211; Current results. In: Mineral Deposits: From their origin to their environmental impacts.<b>\u00a0Czech Geological Survey,<\/b>\u00a0145-147.<\/p>\n<p>Barnes S.-J., Couture J.-F., Poitras A. and Tremblay C., 1993.\u00a0<a href=\"https:\/\/gq.mines.gouv.qc.ca\/documents\/examine\/ET9104\/ET9104.pdf\">Les \u00e9l\u00e9ments du groupe du platine dans la partie qu\u00e9b\u00e9coise de la ceinture de roches vertes de l&#8217;Abitibi.\u00a0<b>Minist\u00e8re de l&#8217;Energie et des Ressources du Qu\u00e9bec<\/b>, ET 91-04,<\/a>\u00a0108 pages.<\/p>\n<p>Barnes S.-J., Sawyer E.W. and Mainville M., 1993. The Belleterre-Angliersbelt &#8211; A rifted island-arc?\u00a0<b>Lithoprobe report<\/b>.<\/p>\n<p>Barnes S.-J., Sawyer E.W., Mainville M. and Bouchaib C., 1992. Reconnaissance results from the Belleterre-Angliers Belt.\u00a0<b>Lithoprobe, Report<\/b>\u00a025,\u00a0135-138.<\/p>\n<p>Barnes S.-J., Couture J.-F., Poitras A. and Tremblay C., 1990. Platinum-group elements in the Quebec portion of the Abitibi Greenstone Belt.\u00a0<b>CERM report for the Minist\u00e8re de l&#8217;Energie et des Ressources<\/b>.<\/p>\n<p>Tremblay C., Couture J.-F. et Barnes S.-J., 1988. \u00c9valuation du potentiel en\u00e9l\u00e9ments du groupe du platine (EGP) de la r\u00e9gion de Rouyn-Noranda.\u00a0<b>Minist\u00e8re de l&#8217;Energie et des Ressources.<\/b>\u00a0Rapport d&#8217;activit\u00e9 1988.<\/p>\n<p>Barnes S.-J., 1988. The use of metal ratios in prospecting for a platinum-group element deposit.<b>\u00a0EXPLORE Newsletter.<\/b><\/p>\n<p>Barnes S.-J., Boyd R., Korneliussen A., Nilsson, L.-P., Often M., Pedersen R.B. and Robins B., 1987. Geochemistry of platinum metals in rocks and ores in Norway: Pilot Project.\u00a0<b>Norges geoliske Undersokelse.<\/b>\u00a0Open File Report, 87-021, 50 pages.<\/p>\n<p>Barnes S.-J. and Often M., 1987. Geochemistry of Proterozoic komatiites from northern Norway.\u00a0<b>Report for EEC Raw Materials Program<\/b>.<\/p>\n<p>Barnes S-J. 1986.\u00a0<a href=\"https:\/\/www.uqac.ca\/sjbarnes\/publications\/Barnes-86-rana-open-file.pdf\">\u00a0Investigation of the potential of the Tverrfjell portion of the Rana intrusion for a platinum-group element mineralization.\u00a0<\/a>\u00a0<b>Norges geoliske Undersokelse.<\/b>\u00a0Open File Report, 86-201, 169 pages<\/p>\n<p>Hugo P.J., Schalk K.E.L. and Barnes S.-J., 1983. Bibliography of South West African\/Nambian Earth Science.\u00a0<b>Geological Survey of Southwest Africa, Namibia<\/b>\u00a01, 142.<\/p>\n<p>Barnes S.-J., 1983. A review of Komatiites. (ed) by N.T.Arndt, and E.G. Nisbet. George Allen and Unwin, London.\u00a0\u00a0<b>Economic Geology<\/b>\u00a078, 1279.<\/p>\n<p>Barnes S.-J., 1982. Serpentinites in central South West Africa\/Namibia: A reconnaissance study.\u00a0<b>Geological Survey of South West Africa, Namibia<\/b>, Memoir 8, 90.<\/p>\n<p>Barnes S.-J., Naldrett A.J. and Gorton M.P., 1981. Platinum group elements in Abitibi komatiites, associated with nickel sulphide deposits.\u00a0<b>Ontario Geological Survey, Miscellanneous Paper<\/b>\u00a098, 1-12.<\/p>\n<p>Barnes S.-J., 1980. Classification of ultramafic rocks and the economic potential of the Damaran serpentinites.\u00a0<b>Annual Geological Survey of South Africa<\/b>\u00a014\/2, 57-68.<\/p>\n<p>&nbsp;<\/td>\n<\/tr>\n<\/tbody>\n<\/table>\n<table>\n<tbody>\n<tr>\n<td><b>Cours intensifs\/Workshops<\/b><\/td>\n<\/tr>\n<tr>\n<td>Savard D. and Barnes S-J. 2019 Laser ablation applied to ore deposits. \u00a0Post symposium workshop GAC-MAC, Quebec City, May<\/p>\n<p>Barnes S.-J., 2018. Exploration for platinum-group element deposits. Advanced Workshop for Magmatic Ore Deposits, Mineral Exploration Research Centre, Laurentian University, Sudbury, April.<\/p>\n<p>Barnes, S.-J. and Duran, C.J. 2017.\u00a0Recent advances in micro-analytical techniques (LA-ICP-MS, CT \u2026) applied to ore deposits.SGA 14th biennial meeting, Qu\u00e9bec City, August 24-25.<\/p>\n<p>Barnes S.-J., 2016. Exploration for platinum-group element deposits. Advanced Workshop for Magmatic Ore Deposits, Mineral Exploration Research Centre, Laurentian University, Sudbury, April.<\/p>\n<p>Barnes, S.-J., 2015.\u00a0Highly siderophile and strongly chalcophile elements in magmatic ore deposits. \u00a0Short course Highly siderophile and strongly chalcophile elements. Scripps Oceanographic Institute, San Diego, Dec 11-12.<\/p>\n<p>Barnes S.-J., 2014. Exploration for platinum-group element deposits. Advanced Workshop for Magmatic Ore Deposits, Mineral Exploration Research Centre, Laurentian University, Sudbury, April.<\/p>\n<p>Pag\u00e9 P., 2014. Chromite geochemistry and its use. Advanced Workshop for Magmatic Ore Deposits, Mineral Exploration Research Centre, Laurentian University, Sudbury, April.<\/p>\n<p>Pag\u00e9 P., 2014. Chromite deposits in ophiolitic complexes: Podiform and other types. Advanced Workshop for Magmatic Ore Deposits, Mineral Exploration Research Centre, Laurentian University, Sudbury, April.<\/p>\n<p>Barnes S.-J., 2013. Ore deposits associated with mafic and ultramafic rocks. Congr\u00e8s Qu\u00e9bec Mines, Qu\u00e9bec, Canada, 11-14 Novembre.<\/p>\n<p>Barnes S.-J., 2013. Textures and mineralogy of magmatic sulfides. Workshop for Copper, nickel, and platinum group element deposits of the Lake Superior region. Precambrian Research Center, University of Minnesota, USA, October.<\/p>\n<p>Barnes S.-J., 2013. Platinum-group element deposits. PDAC, short course on Ni-Cu-PGE deposits, March.<\/p>\n<p>Barnes S.-J., 2012. Crystallization of sulfide liquids. 12th International Ni-Cu-(PGE) Symposium, Short Course, Guiyang, China.<\/p>\n<p>Barnes S.-J., 2012. Platinum-group element deposits. Advanced Workshop for Magmatic Ore Deposits, Mineral Exploration Research Centre, Laurentian University, Sudbury.<\/p>\n<p>Boutroy E., Dare S.A.S., Beaudoin G. and Barnes, S.-J., 2012.\u00a0<a href=\"https:\/\/www.uqac.ca\/sjbarnes\/publications\/abstracts\/Goldschmidt-12-Boudry.pdf\">Minor and trace element composition of magnetite forming-Cu-PGE deposits worldwide and its application to mineral exploration.<\/a>\u00a022rd V.M. Goldschmidt Conference, Poster at Workshop for Processes that control the trace elements of Fe-oxides in ore deposits, Montr\u00e9al, Canada, 30 June.<\/p>\n<p>Dare S.A.S., Barnes S.-J., Beaudoin G.and M\u00e9ric J., 2012.\u00a0<a href=\"https:\/\/www.uqac.ca\/sjbarnes\/publications\/abstracts\/Goldschmidt-12-Dare.pdf\">Magnetite and Ilmenite from igneous deposits: Ni-Cu sulfide deposits Andre-Ti-V-P deposits, associated with layered intrusions and anorthosite complexes.<\/a>\u00a0Invited talk at the 22rd V.M. Goldschmidt Conference, Processes that control the trace elements of Fe-oxides in ore deposits, Montr\u00e9al, Canada, 30 June.<\/p>\n<p>M\u00e9ric J., Dare S.A.S., Barnes S.-J. and Beaudoin G., 2012.\u00a0<a href=\"https:\/\/www.uqac.ca\/sjbarnes\/publications\/abstracts\/Goldschmidt-12-Meric.pdf\">The use of trace elements in Fe-oxides in deducing the fractionation history of a silicate magma: A LA-ICP-MS study<\/a>. 22rd V.M. Goldschmidt Conference, Poster at Workshop for Processes that control the trace elements of Fe-oxides in ore deposits, Montr\u00e9al, Canada, 30 June.<\/p>\n<p>Pag\u00e9 P. and Barnes S.-J., 2012.\u00a0<a href=\"https:\/\/www.uqac.ca\/sjbarnes\/publications\/abstracts\/Goldschmidt-12-Page.pdf\">Trace elements in chromite from various settings: Their use in provenance studies and as an exploration tool.<\/a>\u00a022rd V.M. Goldschmidt Conference, Poster at Workshop for Processes that control the trace elements of Fe-oxides in ore deposits, Montr\u00e9al, Canada, 30 June.<\/p>\n<p>Savard D., Barnes S.-J., Dare S.A.S. and Beaudoin G., 2012.\u00a0<a href=\"https:\/\/www.uqac.ca\/sjbarnes\/publications\/abstracts\/Goldschmidt-12-Savard.pdf\">Improved calibration technique for magnetite analysis by LA-ICP-MS<\/a>. 22rd V.M. Goldschmidt Conference, Workshop for Processes that control the trace elements of Fe-oxides in ore deposits, Montr\u00e9al, Canada,30 June.<\/p>\n<p>Barnes S.-J., 2011. An overview of platinum-group element deposits. GSA annual meeting, Minneapolis, SEG short course, October.<\/p>\n<p>Barnes S.-J., 2010. Analytical methods applied to platinum-group element analysis and exploration. 11th International Platinum Symposium, June.<\/p>\n<p>Barnes S.-J., 2010. Platinum-group element deposits. Advanced Workshop for Magmatic Ore Deposits, Mineral Exploration Research Centre, Laurentian University, Sudbury.<\/p>\n<p>Pag\u00e9 P., 2010. The Chromitites from ophiolitic complexes and their PGE mineralization: The Thetford Mines Ophiolite, Qu\u00e9bec, Canada, The association between chromite and PGE. Workshop notes, 11th International Platinum Symposium, Sudbury (Canada).<\/p>\n<p>Maier W.D. and Barnes S.-J., 2009. Platinum-group element deposits. Xi\u2019an Ni-Cu (Pt) Symposium, Xi&#8217;an, China Short Course Notes, 18-20 June.<\/p>\n<p>Barnes S.-J., 2009. The Lac-des-Iles Pd deposits. Xi&#8217;an Ni-Cu (Pt) Symposium, Xi&#8217;an, China, 18-20 June.<\/p>\n<p>Barnes S.-J., 2008. Exploration for platinum-group element deposits. SEG workshop, student chapter, Laval University in association with Qu\u00e9bec Exploration.<\/p>\n<p>Barnes S.-J., 2008. Stratiform PGE deposits in layered intrusions. Prospectors and Developers Association of Canada, Toronto, 2-5 March. CD-ROM Exploration for platinum-group elements.<\/p>\n<p>Barnes S.-J., 2008. Lithogeochemistry of PGE reef type deposits. Prospectors and Developers Association Canada, Toronto, 2-5 March. CD-ROM Exploration for platinum-group elements.<\/p>\n<p>Barnes S.-J., 2008. Platinum-group element deposits. Advanced Workshop for Magmatic Ore Deposits, Mineral Exploration Research Centre, Laurentian University, Sudbury.<\/p>\n<p>Barnes S.-J., 2006. An overview of platinum-group element deposits. Advanced Workshop for Magmatic Ore Deposits, Mineral Exploration Research Centre, Laurentian University, Sudbury.<\/p>\n<p>Maier W.D. and Barnes S.-J., 2005. Application of lithogeochemistry to exploration for PGE deposits. 10th Platinum Symposium, Oulu, Finland.<\/p>\n<p>Barnes S.-J., 2005. Guidelines for finding a Ni-deposits. Carrefour des Sciences de la Terre, Universit\u00e9 du Qu\u00e9bec \u00e0 Chicoutimi, Chicoutimi, March.<\/p>\n<p>Barnes S.-J., 2004. Partition coefficients of PGE, Ni and Cu and their implications for the formation of ore deposits Advanced Workshop for Magmatic Ore Deposits, Mineral Exploration Research Centre, Laurentian University, Sudbury.<\/p>\n<p>Barnes S.-J., 2003. Exploration techniques for Ni and PGE deposits. University of Pretoria, South Africa.<\/p>\n<p>Barnes S.-J., 2001. Platinum is where you find it! An exploration guide for platinum-group element deposits. CIM meeting short course, Qu\u00e9bec, pp. 40.<\/p>\n<p>Barnes S.-J., 2001. Geochemistry of the Platinum-group elements. Geological Society of South Africa, Rustenburg, pp. 1-8.<\/p>\n<p>Barnes S.-J., 1996. Factors effecting the composition of nickel-copper sulphide deposits. Cours intensif, 9e Congr\u00e8s APGGQ.<\/p>\n<p>Barnes S.-J., 1992. Exploration guidelines for the platinum group elements. Short Course CIDA project given at the University of Bahia, Brazil.<\/p>\n<p>Barnes S.-J., 1990. Platinum is where you find it! Exploration Guidelines for platinum-group elements. Short Course Notes for the CIM Symposium, Rouyn-Noranda.<\/td>\n<\/tr>\n<\/tbody>\n<\/table>\n<p>&nbsp;<\/p>\n<table>\n<tbody>\n<tr>\n<td>Autres publications t\u00e9l\u00e9chargeables \/\u00a0 Downloadable Files<\/td>\n<\/tr>\n<tr>\n<td>\n<a href=\"https:\/\/www.uqac.ca\/sjbarnes\/publications\/ratio-plots.ppt\">Ratio plots Ni\/Cu-Pd\/Ir etc.<\/a>\u00a0&#8211; source Barnes 1990. The use of metal ratios in prospecting for a platinum-groupelement deposit. In: Geochemistry of Platinum-Group Elements.\u00a0 Journal of Geochemical Exploration, 37, 91-99.<\/p>\n<p><a href=\"https:\/\/www.uqac.ca\/sjbarnes\/publications\/rouyn-99\/index.html\">Rouyn-99 &#8211; R\u00e9sum\u00e9s de IGCP 427 \u00e0 Rouyn-Noranda \/ Abstracts from the 1999 field conference in Rouyn-Noranda on Ore Forming Processes in Dynamic Magmatic Systems- IGCP Project 427<\/a>.<\/p>\n<p><a href=\"https:\/\/www.uqac.ca\/sjbarnes\/publications\/industrie-egp\/index.html\">Industrie des \u00e9l\u00e9ments du Groupe du Platine<\/a><\/td>\n<\/tr>\n<\/tbody>\n<\/table>\n","protected":false},"excerpt":{"rendered":"<p>1. Rapports, etc.\/Reports etc 2. Cours Intensifs\u00a0ci-dessous \/ Workshops\u00a0 scroll down\u00a0 3. Autre Publications t\u00e9l\u00e9chargeables\u00a0ci-dessous \/ Other Downloadable Files scroll to the end 1. Repports etc.\/ Reports Pag\u00e9 P., Barnes S.-J., M\u00e9ric J. and Houl\u00e9 M.G., 2015.\u00a0Geochemical composition of chromite from Alexo komatiite in the western Abitibi greenstone belt: Implications for mineral exploration.\u00a0Targeted Geoscience Initiative &hellip; <a href=\"https:\/\/portfolio.uqac.ca\/sarahjanebarnes\/autre-publications\/\" class=\"more-link\">Continuer la lecture de <span class=\"screen-reader-text\">Autre publications<\/span>  <span class=\"meta-nav\">&rarr;<\/span><\/a><\/p>\n","protected":false},"author":358,"featured_media":0,"parent":0,"menu_order":0,"comment_status":"closed","ping_status":"closed","template":"","meta":{"footnotes":""},"tags":[],"_links":{"self":[{"href":"https:\/\/portfolio.uqac.ca\/sarahjanebarnes\/wp-json\/wp\/v2\/pages\/211"}],"collection":[{"href":"https:\/\/portfolio.uqac.ca\/sarahjanebarnes\/wp-json\/wp\/v2\/pages"}],"about":[{"href":"https:\/\/portfolio.uqac.ca\/sarahjanebarnes\/wp-json\/wp\/v2\/types\/page"}],"author":[{"embeddable":true,"href":"https:\/\/portfolio.uqac.ca\/sarahjanebarnes\/wp-json\/wp\/v2\/users\/358"}],"replies":[{"embeddable":true,"href":"https:\/\/portfolio.uqac.ca\/sarahjanebarnes\/wp-json\/wp\/v2\/comments?post=211"}],"version-history":[{"count":3,"href":"https:\/\/portfolio.uqac.ca\/sarahjanebarnes\/wp-json\/wp\/v2\/pages\/211\/revisions"}],"predecessor-version":[{"id":337,"href":"https:\/\/portfolio.uqac.ca\/sarahjanebarnes\/wp-json\/wp\/v2\/pages\/211\/revisions\/337"}],"wp:attachment":[{"href":"https:\/\/portfolio.uqac.ca\/sarahjanebarnes\/wp-json\/wp\/v2\/media?parent=211"}],"wp:term":[{"taxonomy":"post_tag","embeddable":true,"href":"https:\/\/portfolio.uqac.ca\/sarahjanebarnes\/wp-json\/wp\/v2\/tags?post=211"}],"curies":[{"name":"wp","href":"https:\/\/api.w.org\/{rel}","templated":true}]}}