{"id":18,"date":"2019-02-06T14:57:41","date_gmt":"2019-02-06T19:57:41","guid":{"rendered":"http:\/\/portfolio-pre.uqac.ca\/gabarit\/?page_id=18"},"modified":"2022-05-16T14:48:33","modified_gmt":"2022-05-16T18:48:33","slug":"enseignement","status":"publish","type":"page","link":"https:\/\/portfolio.uqac.ca\/sebastiendufresne\/enseignement\/","title":{"rendered":"Enseignement"},"content":{"rendered":"<h3>Baccalaur\u00e9at en sciences (r\u00e9adaptation) &#8211; <a href=\"https:\/\/programmes.uqac.ca\/1520\">1520<\/a><\/h3>\n<ul>\n<li>\n<div id=\"texte\">\u00a0<a href=\"https:\/\/cours.uqac.ca\/sphth553a\"><span class=\"noprog\">SPHTH553A <\/span><\/a>: Pratique de la physioth\u00e9rapie en orthop\u00e9die (th\u00e9orie)<\/div>\n<\/li>\n<li>\n<div id=\"texte\">\u00a0<a href=\"https:\/\/cours.uqac.ca\/sphth553b\"><span class=\"noprog\">SPHTH553B <\/span><\/a>: Pratique de la physioth\u00e9rapie en orthop\u00e9die (pratique)<\/div>\n<\/li>\n<li>\n<div id=\"texte\">\u00a0<a href=\"https:\/\/cours.uqac.ca\/SPOTH430\"><span class=\"noprog\">SPOTH430<\/span><\/a> : Biom\u00e9canique du syst\u00e8me muscolosquelettique<\/div>\n<\/li>\n<li><a href=\"https:\/\/cours.uqac.ca\/SPOTH563\">SPOTH563 <\/a>: Fondements de la pratique professionnelle<\/li>\n<li><a href=\"https:\/\/cours.uqac.ca\/SPHGY209\">SPHGY209<\/a> : Physiologie humaine I<\/li>\n<\/ul>\n<h3>Ma\u00eetrise \u00e8s sciences en physioth\u00e9rapie &#8211; <a href=\"https:\/\/programmes.uqac.ca\/1821\">1821<\/a><\/h3>\n<ul>\n<li><span style=\"line-height: 1.5;\"><a href=\"https:\/\/cours.uqac.ca\/SPOTH637\">SPOTH637<\/a> : R\u00e9adaptation en oncologie<br \/>\n<\/span><\/li>\n<li><span style=\"line-height: 1.5;\"><a href=\"https:\/\/cours.uqac.ca\/SPOTH642\">SPOTH642<\/a> : Activit\u00e9s de promotion de la sant\u00e9<\/span><\/li>\n<\/ul>\n","protected":false},"excerpt":{"rendered":"<p>Baccalaur\u00e9at en sciences (r\u00e9adaptation) &#8211; 1520 \u00a0SPHTH553A : Pratique de la physioth\u00e9rapie en orthop\u00e9die (th\u00e9orie) \u00a0SPHTH553B : Pratique de la physioth\u00e9rapie en orthop\u00e9die (pratique) \u00a0SPOTH430 : Biom\u00e9canique du syst\u00e8me muscolosquelettique SPOTH563 : Fondements de la pratique professionnelle SPHGY209 : Physiologie humaine I Ma\u00eetrise \u00e8s sciences en physioth\u00e9rapie &#8211; 1821 SPOTH637 : R\u00e9adaptation en oncologie SPOTH642 &hellip; <a href=\"https:\/\/portfolio.uqac.ca\/sebastiendufresne\/enseignement\/\" class=\"more-link\">Continuer la lecture de <span class=\"screen-reader-text\">Enseignement<\/span>  <span class=\"meta-nav\">&rarr;<\/span><\/a><\/p>\n","protected":false},"author":89,"featured_media":0,"parent":0,"menu_order":0,"comment_status":"closed","ping_status":"closed","template":"","meta":{"footnotes":""},"tags":[],"_links":{"self":[{"href":"https:\/\/portfolio.uqac.ca\/sebastiendufresne\/wp-json\/wp\/v2\/pages\/18"}],"collection":[{"href":"https:\/\/portfolio.uqac.ca\/sebastiendufresne\/wp-json\/wp\/v2\/pages"}],"about":[{"href":"https:\/\/portfolio.uqac.ca\/sebastiendufresne\/wp-json\/wp\/v2\/types\/page"}],"author":[{"embeddable":true,"href":"https:\/\/portfolio.uqac.ca\/sebastiendufresne\/wp-json\/wp\/v2\/users\/89"}],"replies":[{"embeddable":true,"href":"https:\/\/portfolio.uqac.ca\/sebastiendufresne\/wp-json\/wp\/v2\/comments?post=18"}],"version-history":[{"count":7,"href":"https:\/\/portfolio.uqac.ca\/sebastiendufresne\/wp-json\/wp\/v2\/pages\/18\/revisions"}],"predecessor-version":[{"id":207,"href":"https:\/\/portfolio.uqac.ca\/sebastiendufresne\/wp-json\/wp\/v2\/pages\/18\/revisions\/207"}],"wp:attachment":[{"href":"https:\/\/portfolio.uqac.ca\/sebastiendufresne\/wp-json\/wp\/v2\/media?parent=18"}],"wp:term":[{"taxonomy":"post_tag","embeddable":true,"href":"https:\/\/portfolio.uqac.ca\/sebastiendufresne\/wp-json\/wp\/v2\/tags?post=18"}],"curies":[{"name":"wp","href":"https:\/\/api.w.org\/{rel}","templated":true}]}}