{"id":181,"date":"2019-04-18T08:29:46","date_gmt":"2019-04-18T12:29:46","guid":{"rendered":"http:\/\/portfolio-pre.uqac.ca\/sebastiendufresne\/?page_id=181"},"modified":"2022-05-17T13:52:48","modified_gmt":"2022-05-17T17:52:48","slug":"maitrise-recherche","status":"publish","type":"page","link":"https:\/\/portfolio.uqac.ca\/sebastiendufresne\/maitrise-recherche\/","title":{"rendered":"Ma\u00eetrises (recherche)"},"content":{"rendered":"<p><strong>En cours<\/strong><\/p>\n<p>Zoungrana, Wend-Yam Yves Armel. (2021- ). Universit\u00e9 du Qu\u00e9bec \u00e0 Chicoutimi.<\/p>\n<p><strong>Compl\u00e9t\u00e9es<\/strong><\/p>\n<p>Dubois, Maryane. (2022). Efficacit\u00e9 des interventions personnalis\u00e9es en r\u00e9adaptation sur la sant\u00e9 physique et la qualit\u00e9 de vie des patients atteints d\u2019un cancer avant, pendant et apr\u00e8s la chimioth\u00e9rapie : \u00c9tude de faisabilit\u00e9. Universit\u00e9 du Qu\u00e9bec \u00e0 Chicoutimi, QC.<\/p>\n","protected":false},"excerpt":{"rendered":"<p>En cours Zoungrana, Wend-Yam Yves Armel. (2021- ). Universit\u00e9 du Qu\u00e9bec \u00e0 Chicoutimi. Compl\u00e9t\u00e9es Dubois, Maryane. (2022). Efficacit\u00e9 des interventions personnalis\u00e9es en r\u00e9adaptation sur la sant\u00e9 physique et la qualit\u00e9 de vie des patients atteints d\u2019un cancer avant, pendant et apr\u00e8s la chimioth\u00e9rapie : \u00c9tude de faisabilit\u00e9. Universit\u00e9 du Qu\u00e9bec \u00e0 Chicoutimi, QC.<\/p>\n","protected":false},"author":147,"featured_media":0,"parent":0,"menu_order":0,"comment_status":"closed","ping_status":"closed","template":"","meta":{"footnotes":""},"tags":[],"_links":{"self":[{"href":"https:\/\/portfolio.uqac.ca\/sebastiendufresne\/wp-json\/wp\/v2\/pages\/181"}],"collection":[{"href":"https:\/\/portfolio.uqac.ca\/sebastiendufresne\/wp-json\/wp\/v2\/pages"}],"about":[{"href":"https:\/\/portfolio.uqac.ca\/sebastiendufresne\/wp-json\/wp\/v2\/types\/page"}],"author":[{"embeddable":true,"href":"https:\/\/portfolio.uqac.ca\/sebastiendufresne\/wp-json\/wp\/v2\/users\/147"}],"replies":[{"embeddable":true,"href":"https:\/\/portfolio.uqac.ca\/sebastiendufresne\/wp-json\/wp\/v2\/comments?post=181"}],"version-history":[{"count":5,"href":"https:\/\/portfolio.uqac.ca\/sebastiendufresne\/wp-json\/wp\/v2\/pages\/181\/revisions"}],"predecessor-version":[{"id":223,"href":"https:\/\/portfolio.uqac.ca\/sebastiendufresne\/wp-json\/wp\/v2\/pages\/181\/revisions\/223"}],"wp:attachment":[{"href":"https:\/\/portfolio.uqac.ca\/sebastiendufresne\/wp-json\/wp\/v2\/media?parent=181"}],"wp:term":[{"taxonomy":"post_tag","embeddable":true,"href":"https:\/\/portfolio.uqac.ca\/sebastiendufresne\/wp-json\/wp\/v2\/tags?post=181"}],"curies":[{"name":"wp","href":"https:\/\/api.w.org\/{rel}","templated":true}]}}