{"id":216,"date":"2022-05-17T13:50:47","date_gmt":"2022-05-17T17:50:47","guid":{"rendered":"http:\/\/portfolio-pre.uqac.ca\/sebastiendufresne\/?page_id=216"},"modified":"2022-05-17T13:50:47","modified_gmt":"2022-05-17T17:50:47","slug":"doctorats","status":"publish","type":"page","link":"https:\/\/portfolio.uqac.ca\/sebastiendufresne\/doctorats\/","title":{"rendered":"Doctorats"},"content":{"rendered":"<p><strong>En cours<\/strong><\/p>\n<p>Maryane Dubois. (2022- ). Universit\u00e9 du Qu\u00e9bec \u00e0 Chicoutimi<\/p>\n","protected":false},"excerpt":{"rendered":"<p>En cours Maryane Dubois. (2022- ). Universit\u00e9 du Qu\u00e9bec \u00e0 Chicoutimi<\/p>\n","protected":false},"author":147,"featured_media":0,"parent":0,"menu_order":0,"comment_status":"closed","ping_status":"closed","template":"","meta":{"footnotes":""},"tags":[],"_links":{"self":[{"href":"https:\/\/portfolio.uqac.ca\/sebastiendufresne\/wp-json\/wp\/v2\/pages\/216"}],"collection":[{"href":"https:\/\/portfolio.uqac.ca\/sebastiendufresne\/wp-json\/wp\/v2\/pages"}],"about":[{"href":"https:\/\/portfolio.uqac.ca\/sebastiendufresne\/wp-json\/wp\/v2\/types\/page"}],"author":[{"embeddable":true,"href":"https:\/\/portfolio.uqac.ca\/sebastiendufresne\/wp-json\/wp\/v2\/users\/147"}],"replies":[{"embeddable":true,"href":"https:\/\/portfolio.uqac.ca\/sebastiendufresne\/wp-json\/wp\/v2\/comments?post=216"}],"version-history":[{"count":1,"href":"https:\/\/portfolio.uqac.ca\/sebastiendufresne\/wp-json\/wp\/v2\/pages\/216\/revisions"}],"predecessor-version":[{"id":217,"href":"https:\/\/portfolio.uqac.ca\/sebastiendufresne\/wp-json\/wp\/v2\/pages\/216\/revisions\/217"}],"wp:attachment":[{"href":"https:\/\/portfolio.uqac.ca\/sebastiendufresne\/wp-json\/wp\/v2\/media?parent=216"}],"wp:term":[{"taxonomy":"post_tag","embeddable":true,"href":"https:\/\/portfolio.uqac.ca\/sebastiendufresne\/wp-json\/wp\/v2\/tags?post=216"}],"curies":[{"name":"wp","href":"https:\/\/api.w.org\/{rel}","templated":true}]}}