{"id":4,"date":"2019-02-06T14:57:41","date_gmt":"2019-02-06T19:57:41","guid":{"rendered":"http:\/\/portfolio-pre.uqac.ca\/gabarit\/?page_id=4"},"modified":"2019-04-16T10:04:02","modified_gmt":"2019-04-16T14:04:02","slug":"presentatio","status":"publish","type":"page","link":"https:\/\/portfolio.uqac.ca\/sebastiendufresne\/","title":{"rendered":"Pr\u00e9sentation"},"content":{"rendered":"<p>Professeur au d\u00e9partement des sciences de la sant\u00e9<br \/>\nUnit\u00e9 d&#8217;enseignement en physioth\u00e9rapie<\/p>\n<h2>Champs d&#8217;int\u00e9r\u00eat<\/h2>\n<ul>\n<li>Physiologie musculaire<\/li>\n<li>Adaptations tissulaires<\/li>\n<li>R\u00e9adaptation oncologique<\/li>\n<\/ul>\n","protected":false},"excerpt":{"rendered":"<p>Professeur au d\u00e9partement des sciences de la sant\u00e9 Unit\u00e9 d&#8217;enseignement en physioth\u00e9rapie Champs d&#8217;int\u00e9r\u00eat Physiologie musculaire Adaptations tissulaires R\u00e9adaptation oncologique<\/p>\n","protected":false},"author":89,"featured_media":0,"parent":0,"menu_order":0,"comment_status":"closed","ping_status":"closed","template":"","meta":{"footnotes":""},"tags":[],"_links":{"self":[{"href":"https:\/\/portfolio.uqac.ca\/sebastiendufresne\/wp-json\/wp\/v2\/pages\/4"}],"collection":[{"href":"https:\/\/portfolio.uqac.ca\/sebastiendufresne\/wp-json\/wp\/v2\/pages"}],"about":[{"href":"https:\/\/portfolio.uqac.ca\/sebastiendufresne\/wp-json\/wp\/v2\/types\/page"}],"author":[{"embeddable":true,"href":"https:\/\/portfolio.uqac.ca\/sebastiendufresne\/wp-json\/wp\/v2\/users\/89"}],"replies":[{"embeddable":true,"href":"https:\/\/portfolio.uqac.ca\/sebastiendufresne\/wp-json\/wp\/v2\/comments?post=4"}],"version-history":[{"count":14,"href":"https:\/\/portfolio.uqac.ca\/sebastiendufresne\/wp-json\/wp\/v2\/pages\/4\/revisions"}],"predecessor-version":[{"id":196,"href":"https:\/\/portfolio.uqac.ca\/sebastiendufresne\/wp-json\/wp\/v2\/pages\/4\/revisions\/196"}],"wp:attachment":[{"href":"https:\/\/portfolio.uqac.ca\/sebastiendufresne\/wp-json\/wp\/v2\/media?parent=4"}],"wp:term":[{"taxonomy":"post_tag","embeddable":true,"href":"https:\/\/portfolio.uqac.ca\/sebastiendufresne\/wp-json\/wp\/v2\/tags?post=4"}],"curies":[{"name":"wp","href":"https:\/\/api.w.org\/{rel}","templated":true}]}}