{"id":46,"date":"2019-02-06T14:57:41","date_gmt":"2019-02-06T19:57:41","guid":{"rendered":"http:\/\/portfolio-pre.uqac.ca\/gabarit\/?page_id=46"},"modified":"2022-05-16T15:12:40","modified_gmt":"2022-05-16T19:12:40","slug":"recherche","status":"publish","type":"page","link":"https:\/\/portfolio.uqac.ca\/sebastiendufresne\/recherche\/","title":{"rendered":"Recherche"},"content":{"rendered":"<h2>Projets en cours<\/h2>\n<p>&nbsp;<\/p>\n<p><em><strong>2022\/5- 2023\/5 &#8211;\u00a0Chercheur principal<\/strong><\/em><br \/>\nExploration longitudinale des d\u00e9terminants individuels qui caract\u00e9risent la s\u00e9v\u00e9rit\u00e9 des difficult\u00e9s physiques et fonctionnelles v\u00e9cues par les personnes atteintes d\u2019un cancer\u00a0du syst\u00e8me digestif selon leur niveau de qualit\u00e9 de vie per\u00e7ue \u2013 Phase 2<br \/>\n<em>Sources de financement:<\/em><br \/>\nFondation de l&#8217;Univ. du Qu\u00e9bec \u00c0 Chicoutimi<br \/>\nSubvention r\u00e9guli\u00e8re 2022-2023<br \/>\nMontant total &#8211;\u00a08 333 (Dollar canadien)<br \/>\nCochercheurs :\u00a0 Chantale Simard; Fran\u00e7ois Lettre; Nicole Bouchard; Pauline Jardel; V\u00e9ronique Roberge<\/p>\n<hr \/>\n<p><em><strong>2021\/6 &#8211; 2023\/5 &#8211;\u00a0Cochercheur<\/strong><\/em><br \/>\n\u00c9tude r\u00e9trospective de la d\u00e9tresse psychologique et des besoins biopsychosociaux des patients trait\u00e9s pour un cancer en radioth\u00e9rapie au CIUSSS du Saguenay-Lac-St-Jean (SLSJ)<br \/>\n<em>Sources de financement:<\/em><br \/>\nCIUSSS du SLSJ<br \/>\nSoutien au d\u00e9veloppement de la mission universitaire<br \/>\nMontant total &#8211; 15 000 (Dollar canadien)<br \/>\nChecheur principal : S\u00e9bastien Simard<br \/>\nCochercheurs : Suzy Ngomo; Chantale Simard; Line Bouchard; Val\u00e9rie Faucher; V\u00e9ronique Roberge<\/p>\n<hr \/>\n<p><em><strong>2022\/4- 2023\/4 &#8211;\u00a0Chercheur principal<\/strong><\/em><br \/>\nExploration longitudinale des d\u00e9terminants individuels qui caract\u00e9risent la s\u00e9v\u00e9rit\u00e9 des difficult\u00e9s physiques et fonctionnelles v\u00e9cues par les personnes atteintes d\u2019un cancer\u00a0du syst\u00e8me digestif selon leur niveau de qualit\u00e9 de vie per\u00e7ue \u2013 Phase 1<br \/>\n<em>Sources de financement:<\/em><br \/>\nSubvention RISUQ 2021-2022<br \/>\nMontant total &#8211; 15 000 (Dollar canadien)<br \/>\nCochercheurs :\u00a0 Chantale Simard; Fran\u00e7ois Lettre; Nicole Bouchard; Pauline Jardel; V\u00e9ronique Roberge<\/p>\n<hr \/>\n<p>&nbsp;<\/p>\n<p>&nbsp;<\/p>\n","protected":false},"excerpt":{"rendered":"<p>Projets en cours &nbsp; 2022\/5- 2023\/5 &#8211;\u00a0Chercheur principal Exploration longitudinale des d\u00e9terminants individuels qui caract\u00e9risent la s\u00e9v\u00e9rit\u00e9 des difficult\u00e9s physiques et fonctionnelles v\u00e9cues par les personnes atteintes d\u2019un cancer\u00a0du syst\u00e8me digestif selon leur niveau de qualit\u00e9 de vie per\u00e7ue \u2013 Phase 2 Sources de financement: Fondation de l&#8217;Univ. du Qu\u00e9bec \u00c0 Chicoutimi Subvention r\u00e9guli\u00e8re 2022-2023 &hellip; <a href=\"https:\/\/portfolio.uqac.ca\/sebastiendufresne\/recherche\/\" class=\"more-link\">Continuer la lecture de <span class=\"screen-reader-text\">Recherche<\/span>  <span class=\"meta-nav\">&rarr;<\/span><\/a><\/p>\n","protected":false},"author":89,"featured_media":0,"parent":0,"menu_order":0,"comment_status":"closed","ping_status":"closed","template":"","meta":{"footnotes":""},"tags":[],"_links":{"self":[{"href":"https:\/\/portfolio.uqac.ca\/sebastiendufresne\/wp-json\/wp\/v2\/pages\/46"}],"collection":[{"href":"https:\/\/portfolio.uqac.ca\/sebastiendufresne\/wp-json\/wp\/v2\/pages"}],"about":[{"href":"https:\/\/portfolio.uqac.ca\/sebastiendufresne\/wp-json\/wp\/v2\/types\/page"}],"author":[{"embeddable":true,"href":"https:\/\/portfolio.uqac.ca\/sebastiendufresne\/wp-json\/wp\/v2\/users\/89"}],"replies":[{"embeddable":true,"href":"https:\/\/portfolio.uqac.ca\/sebastiendufresne\/wp-json\/wp\/v2\/comments?post=46"}],"version-history":[{"count":6,"href":"https:\/\/portfolio.uqac.ca\/sebastiendufresne\/wp-json\/wp\/v2\/pages\/46\/revisions"}],"predecessor-version":[{"id":209,"href":"https:\/\/portfolio.uqac.ca\/sebastiendufresne\/wp-json\/wp\/v2\/pages\/46\/revisions\/209"}],"wp:attachment":[{"href":"https:\/\/portfolio.uqac.ca\/sebastiendufresne\/wp-json\/wp\/v2\/media?parent=46"}],"wp:term":[{"taxonomy":"post_tag","embeddable":true,"href":"https:\/\/portfolio.uqac.ca\/sebastiendufresne\/wp-json\/wp\/v2\/tags?post=46"}],"curies":[{"name":"wp","href":"https:\/\/api.w.org\/{rel}","templated":true}]}}