{"id":165,"date":"2019-04-12T11:24:54","date_gmt":"2019-04-12T15:24:54","guid":{"rendered":"http:\/\/portfolio-pre.uqac.ca\/gabarit\/?page_id=165"},"modified":"2019-08-12T15:41:25","modified_gmt":"2019-08-12T19:41:25","slug":"articles_conferences","status":"publish","type":"page","link":"https:\/\/portfolio.uqac.ca\/sebastiengaboury\/articles_conferences\/","title":{"rendered":"Articles de conf\u00e9rences avec comit\u00e9 de lecture"},"content":{"rendered":"<h5>Publications des 5 derni\u00e8res ann\u00e9es<\/h5>\n<p>Chapron* K, Bouchard K, Gaboury S. (2019).\u00a0Real-time Gait Speed Evaluation at Home. 5th EAI (ACM) International Conference on Smart Objects and Technologies for Social Good (GOODTECHS 2019), Valence, Espagne, 1-6. EAI\/ACM<\/p>\n<p>Ma\u00eetre* J, Hall\u00e9 S, Bouchard K, Gaboury S. (2019).\u00a0Electric Device Recognition and Recommendation in Real-Time Based on Complex Event Processing for Smart Homes. 5th EAI (ACM) International Conference on Smart Objects and Technologies for Social Good (GOODTECHS 2019), Valence, Espagne, 1-6. EAI\/ACM<\/p>\n<p>Ma\u00eetre* J, Rendu* C, Bouchard K, Bouchard B, Gaboury S. (2019). Basic Daily Activity Recognition with a Data Glove. 10th International Conference on Ambient Systems, Networks and Technologies (ANT 2019), Leuven, Belgique (1-9). Elsevier<\/p>\n<p>Bergeron* F, Giroux S, Bouchard K, Gaboury S. (2019).\u00a0BMP: A Bounded Message Protocol for the IoT. 5th EAI (ACM) International Conference on Smart Objects and Technologies for Social Good (GOODTECHS 2019),\u00a0Valence, Espagne, 1-4. EAI\/ACM<\/p>\n<p>Lafontaine* V, Bouchard K, Gagnon* J, Dallaire* M, Gaboury S, Da Silva R, Beaulieu L. (2019). An Open Vibration Platform to Evaluate Postural Control using a Simple Reinforcement Learning Agent. 10th International Conference on Ambient Systems, Networks and Technologies (ANT 2019), Leuven, Belgique (1-8). Elsevier<\/p>\n<p>Glangine* G, Seguin S, Bouchard B, Bouchard K, Gaboury S. (2019). A Decision-Making Tool to Help Daycare Centers Plan Weekly Meal Schedule. 6th IEEE International Conference on Control, Decision and Information Technologies (Codit 2019), Paris, France (1-3). IEEE<\/p>\n<p>Yaddaden* Y, Adda M, Bouzouane A, Gaboury S, Bouchard B. (2018). One-Class and Bi-Class SVM Classifier Comparison for Automatic Facial Expression Recognition. IEEE International Conference on Applied Smart Systems (ICASS 2018),, Medea, Alg\u00e9rie (1-6). IEEE<\/p>\n<p>Boudreault* M, Bouchard B, Bouchard K, Gaboury S. (2018). Maximizing Player Engagement in Global Warming Sensitization Video Game Through Reinforcement Learning. 4th EAI International Conference on Smart Objects and Technologies for Social Good (GOODTECHS), Bologne, Italie (1-6). ACM<\/p>\n<p>Yaddaden* Y, Adda M, Bouzouane A, Gaboury S, Bouchard B. (2018). Facial Sub-regions for Automatic Emotion Recognition using Local Binary Patterns. 4th IEEE International Conference on Signal, Image, Vision and their Applications (SIVA 2018), Guelma, Alg\u00e9rie (1-6). IEEE<\/p>\n<p>Cousyn* C, Bouchard B, Bouchard K, Gaboury S. (2018). Automated Extraction of Symptoms related to Rare Diseases from Scientific Publications. 4th EAI International Conference on Smart Objects and Technologies for Social Good (GOODTECHS), Bologne, Italie (1-6). ACM<\/p>\n<p>Cousyn* C, Bouchard K, Bouchard B, Gaboury S. (2018). Automated Extraction of Symptoms related to Rare Diseases from Scientific Publications. 4th EAI (ACM) International Conference on Smart Objects and Technologies for Social Good (GOODTECHS 2018), Bologne, Italie (1-7). ACM<\/p>\n<p>Thullier* F, Plantevin* V, Bouzouane A, Hall\u00e9 S, Gaboury S. (2018). A Comparison of Inertial Data Acquisition Methods for a Position-Independent Soil Types Recognition. 15th IEEE International Conference on Ubiquitous Intelligence and Computing (UIC 2018), Guangzhou, Chine (1-8). IEEE<\/p>\n<p>Plantevin* V, Bouzouane A, Bouchard B, Gaboury S. (2018). A Novel and Distributed Approach for Activity Recognition Inside Smart Homes. 15th IEEE International Conference on Ubiquitous Intelligence and Computing, Guangzhou, Chine (1-8). IEEE<\/p>\n<p>Yaddaden* Y, Adda M, Bouzouane A, Gaboury S, Bouchard B. (2018). Hybrid-based Facial Expression Recognition Approach for Human-Computer Interaction. IEEE 20th International Workshop on Multimedia Signal Processing, Vancouver, Canada (1-6). IEEE<\/p>\n<p>Francillette* Y, Boucher* E, Bouchard B, Bouchard K, Gaboury S, Bernard P, Romain A. (2018). Development of an Exergame on Mobile Phones to Increase Physical Activity for Adults with Severe Mental Illness. 11th ACM International Conference on Pervasive Technologies Related to Assistive Environments (PETRA&#8217;18), Corfu, Gr\u00e8ce (1-8). ACM<\/p>\n<p>Bouchard B, Gaboury S, Bouchard K. (2018). Exploiting the Open Innovation Model in Assistive Technologies. 11th ACM International Conference on Pervasive Technologies Related to Assistive Environments (PETRA&#8217;18), Corfu, Gr\u00e8ce (1-8). ACM<\/p>\n<p>Bouchard B, Francillette* Y, Bouchard K, Gaboury S. (2018). Modeling Human Activities Using Behavior Trees in Smart Homes. 11th ACM International Conference on Pervasive Technologies Related to Assistive Environments (PETRA&#8217;18), Corfu, Gr\u00e8ce (1-8). ACM<\/p>\n<p>Khoury R, Gaboury S, Hall\u00e9 S. (2017). Event Stream Processing with Multiple Threads. 17th International Conference on Runtime Verification (RV2017), Seattle, \u00c9tats-Unis (1-15). Springer<\/p>\n<p>Hall\u00e9 S, Khoury R, Gaboury S. (2017). A Few Things We Heard About RV Tools. 17th International Conference on Runtime Verification (RV2017), Seattle, \u00c9tats-Unis (1-10). Springer<\/p>\n<p>B\u00e9rub\u00e9* M, Bouchard K, Gaboury S. (2017). Scalable Indoor Navigation System Based on Proximity Bluetooth Beacons using Tools of AI. IEEE International Conference on Ubiquitous Intelligence and Computing (UIC 2017), san Francisco, \u00c9tats-Unis (1-4). IEEE<\/p>\n<p>Thullier* F, Plantevin* V, Bouzouane A, Hall\u00e9 S, Gaboury S. (2017). A Position-Independent Method for Soil Types Recognition Using Inertial Data from a Wearable Device. IEEE International Conference on Ubiquitous Intelligence and Computing (UIC 2017), San Francisco, \u00c9tats-Unis (1-10). IEEE<\/p>\n<p>Francillette* Y, Boucher* E, Bouzouane A, Gaboury S. (2017). A 3D simulator for intelligent environment experiments. IEEE International Conference on Ubiquitous Intelligence and Computing (UIC 2017), San Francisco, \u00c9tats-Unis (1-4). IEEE<\/p>\n<p>Yaddaden* Y, Adda M, Bouzouane A, Gaboury S, Bouchard B. (2017). Facial Expressions based Error Detection for Smart Environments Using Deep Learning. IEEE International Conference on Ubiquitous Intelligence and Computing (UIC 2017), San Francisco, \u00c9tats-Unis (1-7). IEEE<\/p>\n<p>Bergeron* F, Bouchard K, Giroux S, Gaboury S. (2017). RFID based activities of daily living recognition. IEEE International Conference on Ubiquitous Intelligence and Computing (UIC 2017), San Francisco, \u00c9tats-<br \/>\nUnis (1-6). IEEE<\/p>\n<p>Yaddaden* Y, Adda M, Bouzouane A, Gaboury S, Bouchard B. (2017). Facial Expression Recognition from Video using Geometric Features. 8th International Conference on Pattern Recognition Systems, Madrid, Espagne (1-6). IET<\/p>\n<p>Hall\u00e9 S, Gaboury S, Khoury R. (2016). A Glue Language for Event Stream Processing. Workshop on Realtime &amp; Stream Analytics in Big Data, Washington, \u00c9tats-Unis (1-6). IEEE<\/p>\n<p>Khoury R, Gaboury S, Hall\u00e9 S. (2016). Three Views of Log Trace Triaging. 9th International Symposium on Foundations &amp; Practice of Security (FPS2016), Qu\u00e9bec, Canada (1-16). Springer<\/p>\n<p>Hao* J, Bouchard B, Gaboury S. (2016). Real-time Activity Prediction and Recognition in Smart Homes by Formal Concept Analysis. IEEE. 12th IEEE International Conference on Intelligent Environments, Londom, Royaume-Uni (1-8). IEEE<\/p>\n<p>Boukhechba* M, Bouzouane A, Bouchard B, Gaboury S, Gouin-Vallerand C, Giroux S. (2016). Hybrid battery-friendly mobile solution for extracting users\u2019 visited places. Procedia Computer Science. The 13th International Conference on Mobile Systems and Pervasive Computing, Montr\u00e9al, Canada (1-8). Elsevier<\/p>\n<p>Bergeron* F, Bouchard K, Giroux S, Bouchard B, Gaboury S. (2016). Real-Time Constraints for Activities of Daily Living Recognition. 9th International Conference on Pervasive Technologies Related to Assistive Environments (PETRA 2016), Corfu, Gr\u00e8ce (1-2). ACM<\/p>\n<p>Boukhechba* M, Bouzouane A, Bouchard B, Gaboury S, Gouin-Vallerand C, Giroux S. (2016). Battery-Aware Mobile Solution for Online Activity Recognition from Users\u2019 Movements. 5th IEEE International Conference on Mobile Services (MS 2016), San Francisco, \u00c9tats-Unis (1-8). IEEE<\/p>\n<p>Hall\u00e9 S, Gaboury S, Bouchard B. (2016). Towards User Activity Recognition Through Energy Usage Analysis And Complex Event Processing. 9th International Conference on Pervasive Technologies Related to Assistive Environments (PETRA 2016), Corfu, Gr\u00e8ce (1-8). ACM<\/p>\n<p>Boudreault* A, Bouchard J, Gaboury S, Bouchard B. (2016). Blind Sight Navigator: A New Orthosis for People with Visual Impairments. 9th International Conference on Pervasive Technologies Related to Assistive Environments (PETRA 2016), Corfu, Gr\u00e8ce (1-4). ACM<\/p>\n<p>Sainjeon* F, Gaboury S, Bouchard B. (2016). Real-Time Indoor Localization in Smart Homes Using Ultrasound Technology. 9th International Conference on Pervasive Technologies Related to Assistive Environments (PETRA 2016), Corfu, Gr\u00e8ce (1-4). ACM<\/p>\n<p>Hao* J, Bouchard B, Gaboury S. (2016). Cognitive Error Detection: Mining Behavioral Data Stream of People with Cognitive Impairment. 9th International Conference on Pervasive Technologies Related to Assistive Environments (PETRA 2016), Corfu, Gr\u00e8ce (1-8). ACM<\/p>\n<p>Bergeron* F, Bouchard K, Giroux S, Bouchard B, Gaboury S. (2016). Qualitative Tracking of Objects in a Smart Home: A Passive RFID Approach Based on Decision Trees. 9th International Conference on Pervasive Technologies Related to Assistive Environments (PETRA 2016), Corfu, Gr\u00e8ce (1-8). ACM<\/p>\n<p>Francillette Y, Gaboury S, Bouzouane A, Bouchard B. (2016). Towards an adaptation model for smart homes. LNCS 9677. 14th International Conference On Smart homes and health Telematics (ICOST), Wuhan, Chine (83-94). Springer<\/p>\n<p>Ma\u00eetre* J, Gaboury S, Bouchard B, Bouzouane A. (2016). A New Computational Approach for Inter-Turn Short Circuit Recognition in Induction Machines Using currents analysis and the Multi-Class Support Vector Machine. IEEE-IET. 8th IET international Conference on Power Electronics, Machines and Drives (PEMD 2016), Glasgow, Royaume-Uni (1-6). IEEE-EIT<\/p>\n<p>Bergeron* F, Bouchard K, Giroux S, Bouchard B, Gaboury S. (2016). Indoor Positioning System for Smart Homes based on Decision Trees and Passive RFID. LNCS 9652. 20th Pacific Asia Conference on Knowledge Discovery and Data Mining (PAKDD 2016), Auckland, Nouvelle-Z\u00e9lande (42-53). Springer<\/p>\n<p>Hall\u00e9 S, Gaboury S, Bouchard B. (2016). Activity Recognition Through Complex Event Processing: First Findings. 30th International Conference on Artificial Intelligence (AAAI 2016) (ATSE16), Phoenix, \u00c9tats-Unis (29-34). AAAI<\/p>\n<p>Bergeron* F, Bouchard K, Giroux S, Bouchard B, Gaboury S. (2016). Qualitative RFID Tracking for ADL Recognition. 30th International Conference on Artificial Intelligence (AAAI 2016) (ATSE16), Phoenix, \u00c9tats-Unis (16-17). AAAI<\/p>\n<p>Bergeron* F, Bouchard K, Giroux S, Bouchard B, Gaboury S. (2015). Simple Objects Tracking System for Smart Homes. IEEE International Conference on Bioinformatics and Biomedicine (BIBM), Washington, (911-915). IEEE<\/p>\n<p>Bouchard K, Fortin-Simard D*, Lapalu J*, Gaboury S, Bouchard B, Bouzouane A. (2015). Unsupervised Spatial Data Mining for Smart Homes. IEEE ICDM-SSTDM 2015, Atlantic city, \u00c9tats-Unis (1433-1440). IEEE<\/p>\n<p>Ma\u00eetre* J, Gaboury S, Bouchard B, Bouzouane A. (2015). 9 Parameters Estimation of an Extended Induction Machine Model Using Genetic Algorithms. IEEE. 9th International Conference on Electrical and Electronics Engineering (ELECO 2015), Bursa, Turquie (1-5). IEEE<\/p>\n<p>Hall\u00e9 S, La Chance* E, Gaboury S. (2015). Graph Methods for Generating Test Cases with Universal and Existential Constraints. LNCS 9447. 27th International Conference on Testing Software and Systems (ICTSS2015), Dubai, \u00c9mirats Arabes Unis (55-70). Springer<\/p>\n<p>Ma\u00eetre* J, Gaboury S, Bouchard B, Bouzouane A. (2015). An effective and realistic identification of the induction machine parameters using classic genetic algorithm, NSGA II and theta-NSGA III. 6th IEEE International Conference on Information, Intelligence, Systems and Applications (IISA 2015), Corfu, Gr\u00e8ce (1-6). IEEE<\/p>\n<p>Bilodeau* JS, Fortin-Simard* D, Gaboury S, Bouchard B, Bouzouane A. (2015). A practical comparison between filtering algorithms for enhanced RFID localization in smart environments. 6th IEEE International Conference on Information, Intelligence, Systems and Applications (IISA 2015), Corfu, Gr\u00e8ce (1-6). IEEE<\/p>\n<p>Fortin-Simard* D, Gaboury S, Bouchard B, Bouzouane A. (2015). Frequent Pattern clustering for ADLs Recognition in Smart Environments. 8th International Conference on Pervasive Technologies Related to Assistive Environments (PETRA 2015), Corfu, Gr\u00e8ce (1-4). ACM<\/p>\n<p>Maitre* J, Gaboury S, Bouchard B, Bouzouane A. (2015). A New Computational Method for Stator Faults Recognition in Induction Machines Based on Hyper-Volumes. IEEE International Conference on Electro-Information Technology (EIT 2015), DeKalb, \u00c9tats-Unis (216-220). IEEE<\/p>\n<p>Varvaressos* S, Lavoie* K, Gaboury S, Hall\u00e9 S. (2015). A Generalized Monitor Verdict for Log Trace Triaging. 6th International Workshop on Program Comprehension through Dynamic Analysis, Montr\u00e9al, (13-18). IEEE<\/p>\n<p>Maitre* J, Glon* G, Gaboury S, Bouchard B, Bouzouane A. (2015). Efficient appliances recognition in smart homes based on active and reactive power, fast Fourier transform and decision trees. 29th International<br \/>\nConference on Artificial Intelligence (AAAI 2015), Austin, \u00c9tats-Unis (24-29). AAAI<\/p>\n<p>Tremblay* S, Fortin-Simard* D, Blackburn-Verreault* E, Gaboury S, Bouchard B, Bouzouane A. (2015). Exploiting Environmental Sounds for Activity Recognition in Smart Homes. 29th International Conference on Artificial Intelligence (AAAI 2015), Austin, (41-46). AAAI<\/p>\n<p>Fortin-Simard* D, Bilodeau* JS, Gaboury S, Bouchard B, Bouzouane A. (2014). Human Activity Recognition in Smart Homes: Combining Passive RFID and Load Signatures of Electrical Devices. IEEE Symposium on Intelligence Agents (IA 2014), Orlando, \u00c9tats-Unis (22-29). IEEE<\/p>\n<p>Bilodeau* JS, Fortin-Simard* D, Gaboury S, Bouchard B, Bouzouane A. (2014). Assistance in Smart Homes: Combining Passive RFID Localization and Load Signatures of Electrical Devices. IEEE International Conference Bioinformatics and Biomedecine, Belfast, Irlande (19-26). IEEE<\/p>\n<p>Varvaressos* S, Lavoie* K, Gaboury S, Hall\u00e9 S. (2014). Multiple Ways to Fail: Generalizing a Monitor&#8217;s Verdict for the Classification of Execution Traces. LNCS 8734. International Conference on Runtime Verification (RV), Toronto, (10-14). Springer<\/p>\n<p>Lavoie* K, Leplongeon* C, Varvaressos* S, Gaboury S, Hall\u00e9 S. (2014). Portable Runtime Verification with Smartphones and Optical Codes. LNCS 8734. International Conference on Runtime Verification (RV), Toronto, (80-84). Springer<\/p>\n<p>Bouchard* K, Gaboury S, Moutacalli* T, Bouchard B, Bouzouane A. (2014). Analysis and Knowledge Discovery of Moving Objects Equipped with RFID Tags. 28th International Conference on Artificial Intelligence (AAAI 2014), Qu\u00e9bec, (3-8). AAAI<\/p>\n<p>Belley* C, Gaboury S, Bouchard B, Bouzouane A. (2014). A new system for assistance and guidance in smart homes based on electrical devices identification. 7th International Conference on Pervasive Technologies Related to Assistive Environments (PETRA 2014), Petra, Gr\u00e8ce (1-8). ACM<\/p>\n<p>Bilodeau* J-S, Fortin-Simard* D, Bouchard* K, Gaboury S, Bouchard B, Bouzouane A. (2014). Human activity recognition in smart homes based on passive RFID localization. 7th International Conference on Pervasive Technologies Related to Assistive Environments (PETRA 2014), Petra, Gr\u00e8ce (1-8). ACM<\/p>\n<p>Hall\u00e9 S, Le Breton* G, Maronnaud* F, Blondin-Mass\u00e9 A, Gaboury S. (2014). Exhaustive Exploration of Ajax Web Applications with Selective Jumping. 7th IEEE International Conference on Software Testing, Verification and Validation, Cleveland, \u00c9tats-Unis (243-252). IEEE<\/p>\n<p>Varvaressos* S, Vaillancourt* D, Lottmann A, Gaboury S, Hall\u00e9 S. (2014). Automated bug finding in video games with runtime monitoring. 7th IEEE International Conference on Software Testing, Verification and Validation, Cleveland, \u00c9tats-Unis (143-152)<\/p>\n<p>Blondin-Mass\u00e9 A, Gaboury S, Hall\u00e9 S, *Larouche M. (2014). Solving of equations on words with morphisms and antimorphisms. LNCS 8370. International Conference on Language and Automata Theory and Applications, Madrid, Espagne (186-197). Springer<\/p>\n","protected":false},"excerpt":{"rendered":"<p>Publications des 5 derni\u00e8res ann\u00e9es Chapron* K, Bouchard K, Gaboury S. (2019).\u00a0Real-time Gait Speed Evaluation at Home. 5th EAI (ACM) International Conference on Smart Objects and Technologies for Social Good (GOODTECHS 2019), Valence, Espagne, 1-6. EAI\/ACM Ma\u00eetre* J, Hall\u00e9 S, Bouchard K, Gaboury S. (2019).\u00a0Electric Device Recognition and Recommendation in Real-Time Based on Complex Event &hellip; <a href=\"https:\/\/portfolio.uqac.ca\/sebastiengaboury\/articles_conferences\/\" class=\"more-link\">Continuer la lecture de <span class=\"screen-reader-text\">Articles de conf\u00e9rences avec comit\u00e9 de lecture<\/span>  <span class=\"meta-nav\">&rarr;<\/span><\/a><\/p>\n","protected":false},"author":89,"featured_media":0,"parent":0,"menu_order":0,"comment_status":"closed","ping_status":"closed","template":"","meta":{"footnotes":""},"tags":[],"_links":{"self":[{"href":"https:\/\/portfolio.uqac.ca\/sebastiengaboury\/wp-json\/wp\/v2\/pages\/165"}],"collection":[{"href":"https:\/\/portfolio.uqac.ca\/sebastiengaboury\/wp-json\/wp\/v2\/pages"}],"about":[{"href":"https:\/\/portfolio.uqac.ca\/sebastiengaboury\/wp-json\/wp\/v2\/types\/page"}],"author":[{"embeddable":true,"href":"https:\/\/portfolio.uqac.ca\/sebastiengaboury\/wp-json\/wp\/v2\/users\/89"}],"replies":[{"embeddable":true,"href":"https:\/\/portfolio.uqac.ca\/sebastiengaboury\/wp-json\/wp\/v2\/comments?post=165"}],"version-history":[{"count":32,"href":"https:\/\/portfolio.uqac.ca\/sebastiengaboury\/wp-json\/wp\/v2\/pages\/165\/revisions"}],"predecessor-version":[{"id":272,"href":"https:\/\/portfolio.uqac.ca\/sebastiengaboury\/wp-json\/wp\/v2\/pages\/165\/revisions\/272"}],"wp:attachment":[{"href":"https:\/\/portfolio.uqac.ca\/sebastiengaboury\/wp-json\/wp\/v2\/media?parent=165"}],"wp:term":[{"taxonomy":"post_tag","embeddable":true,"href":"https:\/\/portfolio.uqac.ca\/sebastiengaboury\/wp-json\/wp\/v2\/tags?post=165"}],"curies":[{"name":"wp","href":"https:\/\/api.w.org\/{rel}","templated":true}]}}