{"id":18,"date":"2019-04-12T11:24:54","date_gmt":"2019-04-12T15:24:54","guid":{"rendered":"http:\/\/portfolio-pre.uqac.ca\/gabarit\/?page_id=18"},"modified":"2019-04-15T13:21:37","modified_gmt":"2019-04-15T17:21:37","slug":"enseignement","status":"publish","type":"page","link":"https:\/\/portfolio.uqac.ca\/sebastiengaboury\/enseignement\/","title":{"rendered":"Enseignement"},"content":{"rendered":"<ul>\n<li><a href=\"https:\/\/cours.uqac.ca\/8MAP120\">8MAP120<\/a> : \u00c9quations diff\u00e9rentielles et s\u00e9ries de Fourier<\/li>\n<li><span style=\"line-height: 1.5;\"><a href=\"https:\/\/cours.uqac.ca\/8GEN444\">8GEN444<\/a> : Statistiques de l&#8217;ing\u00e9nieur<br \/>\n<\/span><\/li>\n<li><span style=\"line-height: 1.5;\"><a href=\"https:\/\/cours.uqac.ca\/8MAT700\">8MAT700 <\/a>: Sujet sp\u00e9cial en math\u00e9matique<\/span><\/li>\n<li><a href=\"https:\/\/cours.uqac.ca\/INF9006\">INF9006<\/a> : Examen de synth\u00e8se<\/li>\n<li><a href=\"https:\/\/cours.uqac.ca\/INF9009\">INF9009<\/a> : Projet de th\u00e8se<\/li>\n<li><a href=\"https:\/\/cours.uqac.ca\/INF9143\">INF9143<\/a> :\u00a0Atelier en traitement de donn\u00e9es et intelligence artificielle<\/li>\n<li><span style=\"line-height: 1.5;\"><a href=\"https:\/\/cours.uqac.ca\/8INF206\">8INF206<\/a> :\u00a0 Projet<\/span><\/li>\n<li><a href=\"https:\/\/cours.uqac.ca\/8INF309\">8INF309<\/a> : Stage-projet I<\/li>\n<li><a href=\"https:\/\/cours.uqac.ca\/8INF319\">8INF319<\/a> : Stage-projet II<\/li>\n<li><a href=\"https:\/\/cours.uqac.ca\/8INF859\">8INF859<\/a> : Stage<\/li>\n<li><a href=\"https:\/\/cours.uqac.ca\/8INF954\">8INF954<\/a> : Forage de donn\u00e9es<\/li>\n<\/ul>\n","protected":false},"excerpt":{"rendered":"<p>8MAP120 : \u00c9quations diff\u00e9rentielles et s\u00e9ries de Fourier 8GEN444 : Statistiques de l&#8217;ing\u00e9nieur 8MAT700 : Sujet sp\u00e9cial en math\u00e9matique INF9006 : Examen de synth\u00e8se INF9009 : Projet de th\u00e8se INF9143 :\u00a0Atelier en traitement de donn\u00e9es et intelligence artificielle 8INF206 :\u00a0 Projet 8INF309 : Stage-projet I 8INF319 : Stage-projet II 8INF859 : Stage 8INF954 : Forage &hellip; <a href=\"https:\/\/portfolio.uqac.ca\/sebastiengaboury\/enseignement\/\" class=\"more-link\">Continuer la lecture de <span class=\"screen-reader-text\">Enseignement<\/span>  <span class=\"meta-nav\">&rarr;<\/span><\/a><\/p>\n","protected":false},"author":89,"featured_media":0,"parent":0,"menu_order":0,"comment_status":"closed","ping_status":"closed","template":"","meta":{"footnotes":""},"tags":[],"_links":{"self":[{"href":"https:\/\/portfolio.uqac.ca\/sebastiengaboury\/wp-json\/wp\/v2\/pages\/18"}],"collection":[{"href":"https:\/\/portfolio.uqac.ca\/sebastiengaboury\/wp-json\/wp\/v2\/pages"}],"about":[{"href":"https:\/\/portfolio.uqac.ca\/sebastiengaboury\/wp-json\/wp\/v2\/types\/page"}],"author":[{"embeddable":true,"href":"https:\/\/portfolio.uqac.ca\/sebastiengaboury\/wp-json\/wp\/v2\/users\/89"}],"replies":[{"embeddable":true,"href":"https:\/\/portfolio.uqac.ca\/sebastiengaboury\/wp-json\/wp\/v2\/comments?post=18"}],"version-history":[{"count":7,"href":"https:\/\/portfolio.uqac.ca\/sebastiengaboury\/wp-json\/wp\/v2\/pages\/18\/revisions"}],"predecessor-version":[{"id":207,"href":"https:\/\/portfolio.uqac.ca\/sebastiengaboury\/wp-json\/wp\/v2\/pages\/18\/revisions\/207"}],"wp:attachment":[{"href":"https:\/\/portfolio.uqac.ca\/sebastiengaboury\/wp-json\/wp\/v2\/media?parent=18"}],"wp:term":[{"taxonomy":"post_tag","embeddable":true,"href":"https:\/\/portfolio.uqac.ca\/sebastiengaboury\/wp-json\/wp\/v2\/tags?post=18"}],"curies":[{"name":"wp","href":"https:\/\/api.w.org\/{rel}","templated":true}]}}