{"id":198,"date":"2019-04-15T11:51:25","date_gmt":"2019-04-15T15:51:25","guid":{"rendered":"http:\/\/portfolio-pre.uqac.ca\/sebastiengaboury\/?page_id=198"},"modified":"2020-09-03T14:41:35","modified_gmt":"2020-09-03T18:41:35","slug":"encadrementsupervision","status":"publish","type":"page","link":"https:\/\/portfolio.uqac.ca\/sebastiengaboury\/encadrementsupervision\/","title":{"rendered":"Encadrement\/(Graduate Students)"},"content":{"rendered":"<table width=\"99%\">\n<tbody>\n<tr>\n<td width=\"9%\"><strong>Niveau<\/strong><\/td>\n<td width=\"11%\"><strong>Nom<\/strong><\/td>\n<td width=\"44%\"><strong>Projet<\/strong><\/td>\n<td width=\"9%\"><strong>P\u00e9riode<\/strong><\/td>\n<td width=\"10%\"><strong>\u00c9tat<\/strong><\/td>\n<td width=\"14%\"><strong>Bourses et prix re\u00e7u<\/strong><\/td>\n<\/tr>\n<tr>\n<td width=\"9%\">Postdoc<\/td>\n<td width=\"11%\">Julien Ma\u00eetre<\/td>\n<td width=\"44%\">Activity recognition and complex event processing<\/td>\n<td width=\"9%\">2017-2019<\/td>\n<td width=\"10%\"><strong>Termin\u00e9<\/strong><\/td>\n<td width=\"14%\">Professeur \u00e0 l\u2019UQAC depuis d\u00e9cembre 2019<\/td>\n<\/tr>\n<tr>\n<td width=\"9%\">Postdoc<\/td>\n<td width=\"11%\">Yannick Francillette<\/td>\n<td width=\"44%\">A model for designing smart home\u2019s behaviors<\/td>\n<td width=\"9%\">2015-2019<\/td>\n<td width=\"10%\"><strong>Termin\u00e9<\/strong><\/td>\n<td width=\"14%\">Professeur \u00e0 l\u2019UQAC depuis Ao\u00fbt 2019<\/td>\n<\/tr>\n<tr>\n<td width=\"9%\">D. Ps.<\/td>\n<td width=\"11%\">Camille\u00a0\u00a0\u00a0\u00a0\u00a0\u00a0\u00a0\u00a0 Harvey<\/td>\n<td width=\"44%\">Utilisation d&#8217;un robot humano\u00efde pour l&#8217;enseignement et la reconnaissance des \u00e9motions chez les enfants atteints du trouble du spectre de l&#8217;autisme<\/td>\n<td width=\"9%\">2020-2024<\/td>\n<td width=\"10%\">En cours<\/td>\n<td width=\"14%\"><\/td>\n<\/tr>\n<tr>\n<td width=\"9%\">Ph. D.<\/td>\n<td width=\"11%\">Oussama Bouldjedri<\/td>\n<td width=\"44%\">Exploration des m\u00e9thodes avanc\u00e9es de fusion de donn\u00e9es pour la reconnaissance d\u2019activit\u00e9s<\/p>\n<p>&nbsp;<\/td>\n<td width=\"9%\">2020-2023<\/td>\n<td width=\"10%\">En cours<\/td>\n<td width=\"14%\"><\/td>\n<\/tr>\n<tr>\n<td width=\"9%\">Ph. D.<\/td>\n<td width=\"11%\">Benjamin\u00a0\u00a0\u00a0\u00a0\u00a0\u00a0\u00a0 Vignau<\/td>\n<td width=\"44%\">\u00c0 d\u00e9terminer<\/td>\n<td width=\"9%\">2020-2023<\/td>\n<td width=\"10%\">En cours<\/td>\n<td width=\"14%\"><\/td>\n<\/tr>\n<tr>\n<td width=\"9%\">Ph. D.<\/td>\n<td width=\"11%\">Charles\u00a0\u00a0\u00a0\u00a0\u00a0\u00a0\u00a0 Cousyn<\/td>\n<td width=\"44%\">Apprentissage non supervis\u00e9 des activit\u00e9s de la vie quotidienne \u00e0 partir de fouille de donn\u00e9es sur internet<\/td>\n<td width=\"9%\">2018-2021<\/td>\n<td width=\"10%\">En cours<\/td>\n<td width=\"14%\"><\/td>\n<\/tr>\n<tr>\n<td width=\"9%\">Ph. D.<\/td>\n<td width=\"11%\">Virgile\u00a0\u00a0\u00a0\u00a0\u00a0 \u00a0\u00a0\u00a0\u00a0 Lafontaine<\/td>\n<td width=\"44%\">Mise au point d\u2019un environnement de contr\u00f4le connect\u00e9 et de suivi automatis\u00e9 de croissance de plantes en horticulture d\u2019int\u00e9rieur<\/td>\n<td width=\"9%\">2019-2022<\/td>\n<td width=\"10%\">En cours<\/td>\n<td width=\"14%\"><\/td>\n<\/tr>\n<tr>\n<td width=\"9%\">Ph. D.<\/td>\n<td width=\"11%\">C\u00e9dric\u00a0\u00a0\u00a0\u00a0\u00a0\u00a0\u00a0 Demongivert<\/td>\n<td width=\"44%\">Syst\u00e8me expert pour le maintien \u00e0 domicile<\/td>\n<td width=\"9%\">2018-2021<\/td>\n<td width=\"10%\">En cours<\/td>\n<td width=\"14%\"><\/td>\n<\/tr>\n<tr>\n<td width=\"9%\">Ph. D.<\/td>\n<td width=\"11%\">K\u00e9vin Chapron<\/td>\n<td width=\"44%\">Conception mat\u00e9rielle et logicielle d&#8217;un kit de capteurs facilement d\u00e9ployable pour enrichir un environnement en le rendant capable d&#8217;Intelligence Artificielle<\/td>\n<td width=\"9%\">2017-2021<\/td>\n<td width=\"10%\">En cours<\/td>\n<td width=\"14%\"><\/td>\n<\/tr>\n<tr>\n<td width=\"9%\">Ph. D.<\/td>\n<td width=\"11%\">Fr\u00e9d\u00e9ric\u00a0\u00a0\u00a0\u00a0\u00a0\u00a0\u00a0 Bergeron<\/td>\n<td width=\"44%\">Vers un protocole de communication distribu\u00e9 temporel et g\u00e9olocalis\u00e9<\/td>\n<td width=\"9%\">2017-2020<\/td>\n<td width=\"10%\">En cours<\/p>\n<p>&nbsp;<\/td>\n<td width=\"14%\">Boursier<\/p>\n<p>CRSNG ES D<\/td>\n<\/tr>\n<tr>\n<td width=\"9%\">Ph. D.<\/td>\n<td width=\"11%\">Florentin Thullier<\/td>\n<td width=\"44%\">Avancements dans l&#8217;exploitation des wearable devices et leur interop\u00e9rabilit\u00e9 avec l&#8217;intelligence ambiante au sein des habitats intelligents<\/td>\n<td width=\"9%\">2016-2020<\/td>\n<td width=\"10%\">En cours<\/td>\n<td width=\"14%\"><\/td>\n<\/tr>\n<tr>\n<td width=\"9%\">D. Ps.<\/td>\n<td width=\"11%\">Marie-Claude\u00a0\u00a0\u00a0\u00a0\u00a0\u00a0 Bouchard Aubin<\/td>\n<td width=\"44%\">Utilisation du robot humano\u00efde NAO comme outil de d\u00e9pistage des troubles cognitifs aupr\u00e8s d&#8217;une population \u00e2g\u00e9e<\/td>\n<td width=\"9%\">2016-2020<\/td>\n<td width=\"10%\"><strong>Termin\u00e9 avec succ\u00e8s en 2020<\/strong><\/td>\n<td width=\"14%\">Bourse FRQ- Action concert\u00e9e<\/td>\n<\/tr>\n<tr>\n<td width=\"9%\">D. Ps.<\/td>\n<td width=\"11%\">Myriam\u00a0\u00a0\u00a0\u00a0\u00a0\u00a0 L\u00e9pine El Maaroufi<\/td>\n<td width=\"44%\">\u00c9valuation d\u2019un programme d\u2019entra\u00eenement aux habilit\u00e9s m\u00e9tacognitives en milieu hospitalier psychiatrique et externe aupr\u00e8s de participants avec sympt\u00f4mes psychotiques<\/td>\n<td width=\"9%\">2016-2021<\/td>\n<td width=\"10%\">En cours<\/td>\n<td width=\"14%\">Bourse FRQNT<\/td>\n<\/tr>\n<tr>\n<td width=\"9%\">Ph. D.<\/td>\n<td width=\"11%\">Val\u00e8re\u00a0\u00a0\u00a0\u00a0\u00a0\u00a0 Plantevin<\/td>\n<td width=\"44%\">Une nouvelle architecture distribu\u00e9e pour la reconnaissance d\u2019activit\u00e9s au sein d&#8217;une maison intelligente<\/td>\n<td width=\"9%\">2015-2018<\/td>\n<td width=\"10%\"><strong>Termin\u00e9 avec succ\u00e8s en 2018<\/strong><\/td>\n<td width=\"14%\"><\/td>\n<\/tr>\n<tr>\n<td width=\"9%\">Ph. D.<\/td>\n<td width=\"11%\">Yacine Yaddaden<\/td>\n<td width=\"44%\">Reconnaissance des expressions faciales pour l\u2019assistance ambiante<\/td>\n<td width=\"9%\">2015-2019<\/td>\n<td width=\"10%\"><strong>Termin\u00e9 avec succ\u00e8s en 2019<\/strong><\/td>\n<td width=\"14%\"><\/td>\n<\/tr>\n<tr>\n<td width=\"9%\">Ph. D.<\/td>\n<td width=\"11%\">Jianguo Hao<\/td>\n<td width=\"44%\">Activity recognition by graphical models based on formal concept analysis in sensor-based smart environment<\/td>\n<td width=\"9%\">2015-2018<\/td>\n<td width=\"10%\"><strong>Termin\u00e9 avec succ\u00e8s en 2018<\/strong><\/td>\n<td width=\"14%\"><\/td>\n<\/tr>\n<tr>\n<td width=\"9%\">Ph. D.<\/td>\n<td width=\"11%\">Julien Ma\u00eetre<\/td>\n<td width=\"44%\">Reconnaissance des d\u00e9fauts de la machine asynchrone : application des mod\u00e8les d\u2019intelligence artificielle<\/td>\n<td width=\"9%\">2014-2017<\/td>\n<td width=\"10%\"><strong>Termin\u00e9 avec succ\u00e8s en 2017<\/strong><\/td>\n<td width=\"14%\">Professeur \u00e0 l\u2019UQAC depuis d\u00e9cembre 2019<\/td>\n<\/tr>\n<tr>\n<td width=\"9%\">Ph. D.<\/td>\n<td width=\"11%\">Mehdi\u00a0\u00a0\u00a0\u00a0\u00a0\u00a0\u00a0 Boukhechba<\/td>\n<td width=\"44%\">Fouille de donn\u00e9es en ligne pour t\u00e9l\u00e9phone intelligent: Reconnaissance d\u2019activit\u00e9s ext\u00e9rieures<\/td>\n<td width=\"9%\">2014-2016<\/td>\n<td width=\"10%\"><strong>Termin\u00e9 avec succ\u00e8s en 2016<\/strong><\/td>\n<td width=\"14%\">Professeur \u00e0 l\u2019University of Virginia depuis ao\u00fbt 2019<\/td>\n<\/tr>\n<tr>\n<td width=\"9%\">M. Sc.<\/td>\n<td width=\"11%\">Alexandre Beaulieu<\/td>\n<td width=\"44%\">\u00c0 d\u00e9terminer<\/td>\n<td width=\"9%\">2019-2021<\/td>\n<td width=\"10%\">En cours<\/td>\n<td width=\"14%\"><\/td>\n<\/tr>\n<tr>\n<td width=\"9%\">M. Sc.<\/td>\n<td width=\"11%\">Patrick\u00a0\u00a0\u00a0\u00a0\u00a0\u00a0\u00a0 Lapointe<\/td>\n<td width=\"44%\">D\u00e9veloppement d\u2019une approche algorithmique pour la d\u00e9tection automatique des changements de niveau d\u2019activit\u00e9 d\u2019une personne atteinte de dystrophie myotonique de type 1 et de la pr\u00e9diction de leurs performances aux diff\u00e9rents tests musculaires et fonctionnels<\/td>\n<td width=\"9%\">2019-2021<\/td>\n<td width=\"10%\">En cours<\/td>\n<td width=\"14%\">Boursier CRSNG BESC M<\/p>\n<p>&nbsp;<\/p>\n<p>Bourse FRQNT<\/td>\n<\/tr>\n<tr>\n<td width=\"9%\">M. Sc.<\/td>\n<td width=\"11%\">Killian\u00a0\u00a0\u00a0\u00a0\u00a0\u00a0\u00a0\u00a0\u00a0\u00a0\u00a0\u00a0\u00a0\u00a0\u00a0\u00a0 Lachaux<\/td>\n<td width=\"44%\">\u00c9tude sur l\u2019int\u00e9gration d\u2019un robot humano\u00efde d\u2019assistance dans un habitat intelligent<\/td>\n<td width=\"9%\">2020-2022<\/td>\n<td width=\"10%\">En cours<\/td>\n<td width=\"14%\"><\/td>\n<\/tr>\n<tr>\n<td width=\"9%\">M. Sc.<\/td>\n<td width=\"11%\">Camille\u00a0\u00a0\u00a0\u00a0\u00a0 Bertuglia<\/td>\n<td width=\"44%\">Reconnaissance d\u2019activit\u00e9s dans un habitat intelligent \u00e0 l\u2019aide de radars UWB<\/td>\n<td width=\"9%\">2019-2020<\/td>\n<td width=\"10%\"><strong>Termin\u00e9 avec succ\u00e8s en 2020<\/strong><\/td>\n<td width=\"14%\"><\/td>\n<\/tr>\n<tr>\n<td width=\"9%\">M. Sc.<\/td>\n<td width=\"11%\">Charles\u00a0\u00a0\u00a0\u00a0\u00a0 Cousyn<\/td>\n<td width=\"44%\">Apprentissage non supervis\u00e9 des activit\u00e9s de la vie quotidienne \u00e0 partir de fouille de donn\u00e9es sur internet<\/td>\n<td width=\"9%\">2017-2018<\/td>\n<td width=\"10%\"><strong>Termin\u00e9 avec succ\u00e8s en 2018<\/strong><\/td>\n<td width=\"14%\"><\/td>\n<\/tr>\n<tr>\n<td width=\"9%\">M. Sc.<\/td>\n<td width=\"11%\">K\u00e9vin Chapron<\/td>\n<td width=\"44%\">M\u00e9thode hybride pour la reconnaissance d\u2019activit\u00e9s de la vie quotidienne et d\u2019exercices physiques en temps r\u00e9el<\/td>\n<td width=\"9%\">2015-2017<\/td>\n<td width=\"10%\"><strong>Termin\u00e9 avec succ\u00e8s 2017<\/strong><\/td>\n<td width=\"14%\"><\/td>\n<\/tr>\n<tr>\n<td width=\"9%\">M. Sc.<\/td>\n<td width=\"11%\">Fr\u00e9d\u00e9ric\u00a0\u00a0\u00a0\u00a0\u00a0\u00a0\u00a0 Bergeron<\/td>\n<td width=\"44%\">Prototypage d\u2019un syst\u00e8me de reconnaissance d\u2019activit\u00e9s de la vie quotidienne \u00e0 base de positionnement spatial qualitatif des objets utilis\u00e9s au sein d\u2019un habitat intelligent par radio-identification passive<\/td>\n<td width=\"9%\">2015-2017<\/td>\n<td width=\"10%\"><strong>Passage acc\u00e9l\u00e9r\u00e9 au doctorat en mai 2017<\/strong><\/td>\n<td width=\"14%\">Boursier FRQNT<\/td>\n<\/tr>\n<tr>\n<td width=\"9%\">M. Sc.<\/td>\n<td width=\"11%\">Florian Sainjeon<\/td>\n<td width=\"44%\">Tra\u00e7abilit\u00e9 par capteurs ultrasoniques dans un habitat intelligent et applications<\/td>\n<td width=\"9%\">2015-2016<\/td>\n<td width=\"10%\"><strong>Termin\u00e9 avec succ\u00e8s en 2016<\/strong><\/td>\n<td width=\"14%\"><\/td>\n<\/tr>\n<tr>\n<td width=\"9%\">M. Sc.<\/td>\n<td width=\"11%\">Nicolas\u00a0\u00a0\u00a0\u00a0\u00a0\u00a0 Bordas<\/td>\n<td width=\"44%\">Identification des situations anormales dans les d\u00e9placements urbains<\/td>\n<td width=\"9%\">2015-2016<\/td>\n<td width=\"10%\"><strong>Termin\u00e9 avec succ\u00e8s en 2016<\/strong><\/td>\n<td width=\"14%\"><\/td>\n<\/tr>\n<tr>\n<td width=\"9%\">M. Sc.<\/td>\n<td width=\"11%\">Thomas Bencteux<\/td>\n<td width=\"44%\">D\u00e9veloppement et int\u00e9gration d&#8217;une plate-forme de suivi de projet standardis\u00e9<\/td>\n<td width=\"9%\">2015-2016<\/td>\n<td width=\"10%\"><strong>Termin\u00e9 avec succ\u00e8s en 2016<\/strong><\/td>\n<td width=\"14%\"><\/td>\n<\/tr>\n<tr>\n<td width=\"9%\">M. Sc.<\/td>\n<td width=\"11%\">Adrien Deban<\/td>\n<td width=\"44%\">Apprentissage des trajets de voitures par forage de donn\u00e9es<\/td>\n<td width=\"9%\">2015-2016<\/td>\n<td width=\"10%\"><strong>Termin\u00e9 avec succ\u00e8s en 2016<\/strong><\/td>\n<td width=\"14%\"><\/td>\n<\/tr>\n<tr>\n<td width=\"9%\">M. Sc.<\/td>\n<td width=\"11%\">Dany Fortin-Simard<\/td>\n<td width=\"44%\">M\u00e9thode hybride de reconnaissance d&#8217;activit\u00e9s pour les habitats intelligents<\/td>\n<td width=\"9%\">2014-2015<\/td>\n<td width=\"10%\"><strong>Termin\u00e9 avec succ\u00e8s en 2015<\/strong><\/td>\n<td width=\"14%\">Boursier CRSNG- Alexandre Graham-Bell<\/td>\n<\/tr>\n<tr>\n<td width=\"9%\">M. Sc.<\/td>\n<td width=\"11%\">Jean-\u00a0\u00a0\u00a0\u00a0\u00a0\u00a0\u00a0\u00a0\u00a0\u00a0\u00a0\u00a0 S\u00e9bastien\u00a0\u00a0\u00a0\u00a0\u00a0\u00a0 Bilodeau<\/td>\n<td width=\"44%\">Algorithme de localisation par multi-lateration d\u2019une puce RFID passive pour la reconnaissance d\u2019activit\u00e9s dans un habitat intelligent<\/td>\n<td width=\"9%\">2012-2014<\/td>\n<td width=\"10%\"><strong>Termin\u00e9 avec succ\u00e8s en 2014<\/strong><\/td>\n<td width=\"14%\"><\/td>\n<\/tr>\n<tr>\n<td width=\"9%\">M. Sc.<\/td>\n<td width=\"11%\">Simon\u00a0\u00a0\u00a0\u00a0\u00a0\u00a0 Varvaressos<\/td>\n<td width=\"44%\">Runtime monitoring dans les jeux video<\/td>\n<td width=\"9%\">2012-2014<\/td>\n<td width=\"10%\"><strong>Termin\u00e9 avec succ\u00e8s en 2014<\/strong><\/td>\n<td width=\"14%\"><\/td>\n<\/tr>\n<\/tbody>\n<\/table>\n","protected":false},"excerpt":{"rendered":"<p>Niveau Nom Projet P\u00e9riode \u00c9tat Bourses et prix re\u00e7u Postdoc Julien Ma\u00eetre Activity recognition and complex event processing 2017-2019 Termin\u00e9 Professeur \u00e0 l\u2019UQAC depuis d\u00e9cembre 2019 Postdoc Yannick Francillette A model for designing smart home\u2019s behaviors 2015-2019 Termin\u00e9 Professeur \u00e0 l\u2019UQAC depuis Ao\u00fbt 2019 D. Ps. Camille\u00a0\u00a0\u00a0\u00a0\u00a0\u00a0\u00a0\u00a0 Harvey Utilisation d&#8217;un robot humano\u00efde pour l&#8217;enseignement et &hellip; <a href=\"https:\/\/portfolio.uqac.ca\/sebastiengaboury\/encadrementsupervision\/\" class=\"more-link\">Continuer la lecture de <span class=\"screen-reader-text\">Encadrement\/(Graduate Students)<\/span>  <span class=\"meta-nav\">&rarr;<\/span><\/a><\/p>\n","protected":false},"author":147,"featured_media":0,"parent":0,"menu_order":0,"comment_status":"closed","ping_status":"closed","template":"","meta":{"footnotes":""},"tags":[],"_links":{"self":[{"href":"https:\/\/portfolio.uqac.ca\/sebastiengaboury\/wp-json\/wp\/v2\/pages\/198"}],"collection":[{"href":"https:\/\/portfolio.uqac.ca\/sebastiengaboury\/wp-json\/wp\/v2\/pages"}],"about":[{"href":"https:\/\/portfolio.uqac.ca\/sebastiengaboury\/wp-json\/wp\/v2\/types\/page"}],"author":[{"embeddable":true,"href":"https:\/\/portfolio.uqac.ca\/sebastiengaboury\/wp-json\/wp\/v2\/users\/147"}],"replies":[{"embeddable":true,"href":"https:\/\/portfolio.uqac.ca\/sebastiengaboury\/wp-json\/wp\/v2\/comments?post=198"}],"version-history":[{"count":9,"href":"https:\/\/portfolio.uqac.ca\/sebastiengaboury\/wp-json\/wp\/v2\/pages\/198\/revisions"}],"predecessor-version":[{"id":306,"href":"https:\/\/portfolio.uqac.ca\/sebastiengaboury\/wp-json\/wp\/v2\/pages\/198\/revisions\/306"}],"wp:attachment":[{"href":"https:\/\/portfolio.uqac.ca\/sebastiengaboury\/wp-json\/wp\/v2\/media?parent=198"}],"wp:term":[{"taxonomy":"post_tag","embeddable":true,"href":"https:\/\/portfolio.uqac.ca\/sebastiengaboury\/wp-json\/wp\/v2\/tags?post=198"}],"curies":[{"name":"wp","href":"https:\/\/api.w.org\/{rel}","templated":true}]}}