{"id":27,"date":"2019-04-12T11:24:54","date_gmt":"2019-04-12T15:24:54","guid":{"rendered":"http:\/\/portfolio-pre.uqac.ca\/gabarit\/?page_id=27"},"modified":"2019-04-15T13:29:37","modified_gmt":"2019-04-15T17:29:37","slug":"curriculum-vitae","status":"publish","type":"page","link":"https:\/\/portfolio.uqac.ca\/sebastiengaboury\/curriculum-vitae\/","title":{"rendered":"Curriculum vitae"},"content":{"rendered":"<h2><strong>Dipl\u00f4mes<\/strong><\/h2>\n<p>Doctorat, Doctor of Philosophy, Math\u00e9matique, Royal Military College of Canada<\/p>\n<p>Titre de th\u00e8se: The use of a representation based on the Pochhammer&#8217;s contour of integration for the fractional derivatives to obtain new generalized Leibniz rules (2012)<\/p>\n<p>Ma\u00eetrise avec m\u00e9moire, Ma\u00eetrise \u00e8s Siences, Math\u00e9matique, Universit\u00e9 Laval<\/p>\n<p>Gaboury, S. (2007). <a href=\"https:\/\/corpus.ulaval.ca\/jspui\/handle\/20.500.11794\/18899\"><em>Sur les convolutions de fonctions arithm\u00e9tiques<\/em> <\/a>(M\u00e9moire de ma\u00eetrise). Universit\u00e9 Laval, Qu\u00e9bec, QC.<\/p>\n<p>Baccalaur\u00e9at, Bacc. \u00e8s Sciences, Physique, Universit\u00e9 du Qu\u00e9bec \u00e0 Chicoutimi (2003)<\/p>\n<h2><strong><br \/>\nDistinctions et bourses<br \/>\n<\/strong><\/h2>\n<p>Finaliste au Prix d\u2019excellence du r\u00e9seau UQ: Prix Rel\u00e8ve 2019-sciences naturelles, g\u00e9nie et sciences de la sant\u00e9<br \/>\nUniversit\u00e9 du Qu\u00e9bec<\/p>\n<p>M\u00e9daille d&#8217;or acad\u00e9mique du Gouverneur g\u00e9n\u00e9ral du Canada (2012)<br \/>\nRoyal Military College of Canada<\/p>\n<h2><strong> Activit\u00e9s<\/strong><\/h2>\n<p>Comit\u00e9 de direction du Centre Intersectoriel en Sant\u00e9 Durable (CISD) de l\u2019UQAC pour le p\u00f4le Sant\u00e9 des populations (2018-2021), Universit\u00e9 du Qu\u00e9bec \u00e0 Chicoutimi<\/p>\n<p>Comit\u00e9 conseil de la recherche et cr\u00e9ation, Universit\u00e9 du Qu\u00e9bec \u00e0 Chicoutimi (2015-2021)<\/p>\n<p>Repr\u00e9sentant syndical du DIM, Universit\u00e9 du Qu\u00e9bec \u00e0 Chicoutimi (2017-2019)<\/p>\n","protected":false},"excerpt":{"rendered":"<p>Dipl\u00f4mes Doctorat, Doctor of Philosophy, Math\u00e9matique, Royal Military College of Canada Titre de th\u00e8se: The use of a representation based on the Pochhammer&#8217;s contour of integration for the fractional derivatives to obtain new generalized Leibniz rules (2012) Ma\u00eetrise avec m\u00e9moire, Ma\u00eetrise \u00e8s Siences, Math\u00e9matique, Universit\u00e9 Laval Gaboury, S. (2007). Sur les convolutions de fonctions arithm\u00e9tiques &hellip; <a href=\"https:\/\/portfolio.uqac.ca\/sebastiengaboury\/curriculum-vitae\/\" class=\"more-link\">Continuer la lecture de <span class=\"screen-reader-text\">Curriculum vitae<\/span>  <span class=\"meta-nav\">&rarr;<\/span><\/a><\/p>\n","protected":false},"author":89,"featured_media":0,"parent":0,"menu_order":0,"comment_status":"closed","ping_status":"closed","template":"","meta":{"footnotes":""},"tags":[],"_links":{"self":[{"href":"https:\/\/portfolio.uqac.ca\/sebastiengaboury\/wp-json\/wp\/v2\/pages\/27"}],"collection":[{"href":"https:\/\/portfolio.uqac.ca\/sebastiengaboury\/wp-json\/wp\/v2\/pages"}],"about":[{"href":"https:\/\/portfolio.uqac.ca\/sebastiengaboury\/wp-json\/wp\/v2\/types\/page"}],"author":[{"embeddable":true,"href":"https:\/\/portfolio.uqac.ca\/sebastiengaboury\/wp-json\/wp\/v2\/users\/89"}],"replies":[{"embeddable":true,"href":"https:\/\/portfolio.uqac.ca\/sebastiengaboury\/wp-json\/wp\/v2\/comments?post=27"}],"version-history":[{"count":7,"href":"https:\/\/portfolio.uqac.ca\/sebastiengaboury\/wp-json\/wp\/v2\/pages\/27\/revisions"}],"predecessor-version":[{"id":211,"href":"https:\/\/portfolio.uqac.ca\/sebastiengaboury\/wp-json\/wp\/v2\/pages\/27\/revisions\/211"}],"wp:attachment":[{"href":"https:\/\/portfolio.uqac.ca\/sebastiengaboury\/wp-json\/wp\/v2\/media?parent=27"}],"wp:term":[{"taxonomy":"post_tag","embeddable":true,"href":"https:\/\/portfolio.uqac.ca\/sebastiengaboury\/wp-json\/wp\/v2\/tags?post=27"}],"curies":[{"name":"wp","href":"https:\/\/api.w.org\/{rel}","templated":true}]}}