{"id":4,"date":"2019-04-12T11:24:54","date_gmt":"2019-04-12T15:24:54","guid":{"rendered":"http:\/\/portfolio-pre.uqac.ca\/gabarit\/?page_id=4"},"modified":"2019-04-15T15:27:40","modified_gmt":"2019-04-15T19:27:40","slug":"presentatio","status":"publish","type":"page","link":"https:\/\/portfolio.uqac.ca\/sebastiengaboury\/","title":{"rendered":"Pr\u00e9sentation"},"content":{"rendered":"<p>Professeur au d\u00e9partement d&#8217;informatique et math\u00e9matique<\/p>\n<p>Directeur du Laboratoire d&#8217;Intelligence Ambiante pour la Reconnaissance d&#8217;Activit\u00e9s de l&#8217;UQAC<\/p>\n<h2>Champs d&#8217;int\u00e9r\u00eat<\/h2>\n<ul>\n<li>Intelligence artificielle<\/li>\n<li>Apprentissage automatis\u00e9<\/li>\n<li>Forage de donn\u00e9es<\/li>\n<li>Traitements de l&#8217;information<\/li>\n<li>Reconnaissance d&#8217;activit\u00e9s<\/li>\n<li>Habitats intelligents<\/li>\n<li>Informatique appliqu\u00e9e<\/li>\n<li>Math\u00e9matiques appliqu\u00e9es<\/li>\n<\/ul>\n<p>&nbsp;<\/p>\n","protected":false},"excerpt":{"rendered":"<p>Professeur au d\u00e9partement d&#8217;informatique et math\u00e9matique Directeur du Laboratoire d&#8217;Intelligence Ambiante pour la Reconnaissance d&#8217;Activit\u00e9s de l&#8217;UQAC Champs d&#8217;int\u00e9r\u00eat Intelligence artificielle Apprentissage automatis\u00e9 Forage de donn\u00e9es Traitements de l&#8217;information Reconnaissance d&#8217;activit\u00e9s Habitats intelligents Informatique appliqu\u00e9e Math\u00e9matiques appliqu\u00e9es &nbsp;<\/p>\n","protected":false},"author":89,"featured_media":0,"parent":0,"menu_order":0,"comment_status":"closed","ping_status":"closed","template":"","meta":{"footnotes":""},"tags":[],"_links":{"self":[{"href":"https:\/\/portfolio.uqac.ca\/sebastiengaboury\/wp-json\/wp\/v2\/pages\/4"}],"collection":[{"href":"https:\/\/portfolio.uqac.ca\/sebastiengaboury\/wp-json\/wp\/v2\/pages"}],"about":[{"href":"https:\/\/portfolio.uqac.ca\/sebastiengaboury\/wp-json\/wp\/v2\/types\/page"}],"author":[{"embeddable":true,"href":"https:\/\/portfolio.uqac.ca\/sebastiengaboury\/wp-json\/wp\/v2\/users\/89"}],"replies":[{"embeddable":true,"href":"https:\/\/portfolio.uqac.ca\/sebastiengaboury\/wp-json\/wp\/v2\/comments?post=4"}],"version-history":[{"count":14,"href":"https:\/\/portfolio.uqac.ca\/sebastiengaboury\/wp-json\/wp\/v2\/pages\/4\/revisions"}],"predecessor-version":[{"id":257,"href":"https:\/\/portfolio.uqac.ca\/sebastiengaboury\/wp-json\/wp\/v2\/pages\/4\/revisions\/257"}],"wp:attachment":[{"href":"https:\/\/portfolio.uqac.ca\/sebastiengaboury\/wp-json\/wp\/v2\/media?parent=4"}],"wp:term":[{"taxonomy":"post_tag","embeddable":true,"href":"https:\/\/portfolio.uqac.ca\/sebastiengaboury\/wp-json\/wp\/v2\/tags?post=4"}],"curies":[{"name":"wp","href":"https:\/\/api.w.org\/{rel}","templated":true}]}}